{"id":1577,"date":"2024-10-23T13:36:29","date_gmt":"2024-10-23T11:36:29","guid":{"rendered":"http:\/\/billigtrikots.com\/?post_type=product&#038;p=1577"},"modified":"2024-10-23T13:37:59","modified_gmt":"2024-10-23T11:37:59","slug":"arsenal-london-trikot-home-2022-giroud-12-herren-rot-kurzarm-kurze-hosen","status":"publish","type":"product","link":"https:\/\/www.billigtrikotde.com\/en\/arsenal-london-trikot-home-2022-giroud-12-herren-rot-kurzarm-kurze-hosen\/","title":{"rendered":"Arsenal London Shirt Home 2022 Giroud 12 Men Red Short Sleeve + Shorts"},"content":{"rendered":"<p>You support your team in good times and bad with the moisture-wicking model in white. With the jersey from the house of a-didas, you really can't go wrong. As a true FC Arsenal London fan, you need this home jersey worn by the players in the Premier League. It is breathable, super comfortable, and moisture-wicking. For this sports shirt, you can visually rely on the club badge on the chest. With this jersey, you can perform even better and prepare for the next game.<\/p>\n<p>Tips for printing: If the name and number on the picture are exactly what you want, you do not need to enter them again. If not, you should enter your desired name and number.<\/p>\n<p>Washing tips: It is recommended to wash football shirts by hand. If you want to use the washing machine, remember to turn football shirts inside out and then wash them. Fill the machine with cold water and use a delicate cycle to better protect the colours.<\/p>","protected":false},"excerpt":{"rendered":"<p>Du unterst\u00fctzt dein Team in guten wie in schlechten Zeiten mit dem schwei\u00dfableitenden Modell in Wei\u00df. Mit dem Trikot aus dem Hause a-didas kann man wirklich nichts falsch machen. Als echter FC Arsenal London-Fan brauchst du dieses Heim-Trikot, das die Spieler in der Premier League tragen. Es ist atmungsaktiv, super bequem und schwei\u00dfableitend. Bei diesem [&hellip;]<\/p>","protected":false},"featured_media":1608,"comment_status":"open","ping_status":"closed","template":"","meta":[],"product_brand":[],"product_cat":[55],"product_tag":[20,57,21,22,23,54,24],"class_list":{"0":"post-1577","1":"product","2":"type-product","3":"status-publish","4":"has-post-thumbnail","6":"product_cat-arsenal","7":"product_tag-coole-fussballtrikots","8":"product_tag-fc-arsenal-trikots","9":"product_tag-fussballtrikot-fuer-herren","10":"product_tag-fussballtrikot-guenstig-kaufen","11":"product_tag-fussballtrikot-kurzarm","12":"product_tag-fussballtrikot-set","13":"product_tag-guenstiges-fussballtrikot","15":"first","16":"instock","17":"shipping-taxable","18":"purchasable","19":"product-type-variable"},"_links":{"self":[{"href":"https:\/\/www.billigtrikotde.com\/en\/wp-json\/wp\/v2\/product\/1577","targetHints":{"allow":["GET"]}}],"collection":[{"href":"https:\/\/www.billigtrikotde.com\/en\/wp-json\/wp\/v2\/product"}],"about":[{"href":"https:\/\/www.billigtrikotde.com\/en\/wp-json\/wp\/v2\/types\/product"}],"replies":[{"embeddable":true,"href":"https:\/\/www.billigtrikotde.com\/en\/wp-json\/wp\/v2\/comments?post=1577"}],"wp:featuredmedia":[{"embeddable":true,"href":"https:\/\/www.billigtrikotde.com\/en\/wp-json\/wp\/v2\/media\/1608"}],"wp:attachment":[{"href":"https:\/\/www.billigtrikotde.com\/en\/wp-json\/wp\/v2\/media?parent=1577"}],"wp:term":[{"taxonomy":"product_brand","embeddable":true,"href":"https:\/\/www.billigtrikotde.com\/en\/wp-json\/wp\/v2\/product_brand?post=1577"},{"taxonomy":"product_cat","embeddable":true,"href":"https:\/\/www.billigtrikotde.com\/en\/wp-json\/wp\/v2\/product_cat?post=1577"},{"taxonomy":"product_tag","embeddable":true,"href":"https:\/\/www.billigtrikotde.com\/en\/wp-json\/wp\/v2\/product_tag?post=1577"}],"curies":[{"name":"wp","href":"https:\/\/api.w.org\/{rel}","templated":true}]}}