{"id":1513,"date":"2024-10-23T13:33:45","date_gmt":"2024-10-23T11:33:45","guid":{"rendered":"http:\/\/billigtrikots.com\/?post_type=product&#038;p=1513"},"modified":"2024-10-23T13:35:18","modified_gmt":"2024-10-23T11:35:18","slug":"xhaka-34-gelbe-fc-arsenal-trikots-auswaerts-2022-kurze-hosen","status":"publish","type":"product","link":"https:\/\/www.billigtrikotde.com\/en\/xhaka-34-gelbe-fc-arsenal-trikots-auswaerts-2022-kurze-hosen\/","title":{"rendered":"XHAKA 34# Yellow Arsenal FC Shirts Away 2022 + Shorts"},"content":{"rendered":"<p>Here comes the a-didas jersey in yellow, which will help you support your favourite club in any situation and show what your heart beats for. Expand your FC Arsenal London collection with the away jersey worn by the players in the Premier League. The breathable, comfortable and sweat-wicking functionality makes it a winner. It stands out visually with a club crest on the chest. No matter how tough the training session or match, you'll always be well dressed in this model.<\/p>\n<p>Tips for printing: If the name and number on the picture are exactly what you want, you do not need to enter them again. If not, you should enter your desired name and number.<\/p>\n<p>Washing tips: It is recommended to wash football shirts by hand. If you want to use the washing machine, remember to turn football shirts inside out and then wash them. Fill the machine with cold water and use a delicate cycle to better protect the colours.<\/p>","protected":false},"excerpt":{"rendered":"<p>Hier kommt das a-didas Trikot in Gelb, das dir hilft, deinen Lieblingsverein in jeder Lage zu supporten und zu zeigen, wof\u00fcr dein Herz schl\u00e4gt. Erweitere deine FC Arsenal London-Sammlung mit dem Ausw\u00e4rts-Trikot, das auch die Spieler in der Premier League tragen. Die atmungsaktive, bequeme und schwei\u00dfableitende Funktionsweise l\u00e4sst es \u00fcberzeugen. Es besticht optisch mit einem [&hellip;]<\/p>","protected":false},"featured_media":1546,"comment_status":"open","ping_status":"closed","template":"","meta":[],"product_brand":[],"product_cat":[55],"product_tag":[20,58,57,21,22,23,54,24],"class_list":{"0":"post-1513","1":"product","2":"type-product","3":"status-publish","4":"has-post-thumbnail","6":"product_cat-arsenal","7":"product_tag-coole-fussballtrikots","8":"product_tag-fc-arsenal-auswaertstrikot","9":"product_tag-fc-arsenal-trikots","10":"product_tag-fussballtrikot-fuer-herren","11":"product_tag-fussballtrikot-guenstig-kaufen","12":"product_tag-fussballtrikot-kurzarm","13":"product_tag-fussballtrikot-set","14":"product_tag-guenstiges-fussballtrikot","16":"first","17":"instock","18":"shipping-taxable","19":"purchasable","20":"product-type-variable"},"_links":{"self":[{"href":"https:\/\/www.billigtrikotde.com\/en\/wp-json\/wp\/v2\/product\/1513","targetHints":{"allow":["GET"]}}],"collection":[{"href":"https:\/\/www.billigtrikotde.com\/en\/wp-json\/wp\/v2\/product"}],"about":[{"href":"https:\/\/www.billigtrikotde.com\/en\/wp-json\/wp\/v2\/types\/product"}],"replies":[{"embeddable":true,"href":"https:\/\/www.billigtrikotde.com\/en\/wp-json\/wp\/v2\/comments?post=1513"}],"wp:featuredmedia":[{"embeddable":true,"href":"https:\/\/www.billigtrikotde.com\/en\/wp-json\/wp\/v2\/media\/1546"}],"wp:attachment":[{"href":"https:\/\/www.billigtrikotde.com\/en\/wp-json\/wp\/v2\/media?parent=1513"}],"wp:term":[{"taxonomy":"product_brand","embeddable":true,"href":"https:\/\/www.billigtrikotde.com\/en\/wp-json\/wp\/v2\/product_brand?post=1513"},{"taxonomy":"product_cat","embeddable":true,"href":"https:\/\/www.billigtrikotde.com\/en\/wp-json\/wp\/v2\/product_cat?post=1513"},{"taxonomy":"product_tag","embeddable":true,"href":"https:\/\/www.billigtrikotde.com\/en\/wp-json\/wp\/v2\/product_tag?post=1513"}],"curies":[{"name":"wp","href":"https:\/\/api.w.org\/{rel}","templated":true}]}}