{"id":14864,"date":"2024-10-24T07:18:41","date_gmt":"2024-10-24T05:18:41","guid":{"rendered":"http:\/\/billigtrikots.com\/?post_type=product&#038;p=14864"},"modified":"2024-10-24T07:21:25","modified_gmt":"2024-10-24T05:21:25","slug":"kinder-bayern-muenchen-2023-2024-oktoberfest-fussballtrikot-set-personalisierbar","status":"publish","type":"product","link":"https:\/\/www.billigtrikotde.com\/en\/kinder-bayern-muenchen-2023-2024-oktoberfest-fussballtrikot-set-personalisierbar\/","title":{"rendered":"Kids Bayern Munich 2023-2024 Oktoberfest Football Shirt Set Customisable"},"content":{"rendered":"<p>The Bayern Munich 2023-24 Oktoberfest football jersey combines olive green with white logos. The base design consists of a floral pattern that gives the jersey a peaceful look. Both the collar and the cuffs of the Adidas Bayern 2023-24 Oktoberfest jerseys are green. You may notice that the club's crest is not the usual one. It is an older version and will also be seen on the 2023-24 Oktoberfest jersey. The initials of the club are also on the collar, just like on the Arsenal 2023-24 jersey.<\/p>\n<p>Tips for printing: If the name and number on the picture are exactly what you want, you do not need to enter them again. If not, you should enter your desired name and number.<\/p>\n<p>Washing tips: It is recommended to wash football shirts by hand. If you want to use the washing machine, remember to turn football shirts inside out and then wash them. Fill the machine with cold water and use a delicate cycle to better protect the colours.<\/p>","protected":false},"excerpt":{"rendered":"<p>Das Bayern M\u00fcnchen 2023-24 Oktoberfest Fu\u00dfballtrikot kombiniert Olivgr\u00fcn mit wei\u00dfen Logos. Das Grunddesign besteht aus einem floralen Muster, das dem Trikot einen friedlichen Look verleiht. Sowohl der Kragen als auch die \u00c4rmelb\u00fcndchen des Adidas Bayern 2023-24 Oktoberfest Trikots sind gr\u00fcn.Vielleicht f\u00e4llt dir auf, dass das Wappen des Vereins nicht das \u00fcbliche ist. Es ist eine [&hellip;]<\/p>","protected":false},"featured_media":14912,"comment_status":"open","ping_status":"closed","template":"","meta":[],"product_brand":[],"product_cat":[135],"product_tag":[861,137,514,515,138,20,574,21,23,24,94],"class_list":{"0":"post-14864","1":"product","2":"type-product","3":"status-publish","4":"has-post-thumbnail","6":"product_cat-bayern-munich-kindertrikot","7":"product_tag-bayern-muenchen-2023-trikots","8":"product_tag-bayern-muenchen-trikots","9":"product_tag-bayern-munich-fussballtrikots-kinder","10":"product_tag-bayern-munich-trikot-fuer-kinder","11":"product_tag-bayern-munich-trikotsatz-fuer-kinder","12":"product_tag-coole-fussballtrikots","13":"product_tag-fussballtrikot-deutschland","14":"product_tag-fussballtrikot-fuer-herren","15":"product_tag-fussballtrikot-kurzarm","16":"product_tag-guenstiges-fussballtrikot","17":"product_tag-kinder-fussball-trikotsatz","19":"first","20":"instock","21":"shipping-taxable","22":"purchasable","23":"product-type-variable"},"_links":{"self":[{"href":"https:\/\/www.billigtrikotde.com\/en\/wp-json\/wp\/v2\/product\/14864","targetHints":{"allow":["GET"]}}],"collection":[{"href":"https:\/\/www.billigtrikotde.com\/en\/wp-json\/wp\/v2\/product"}],"about":[{"href":"https:\/\/www.billigtrikotde.com\/en\/wp-json\/wp\/v2\/types\/product"}],"replies":[{"embeddable":true,"href":"https:\/\/www.billigtrikotde.com\/en\/wp-json\/wp\/v2\/comments?post=14864"}],"wp:featuredmedia":[{"embeddable":true,"href":"https:\/\/www.billigtrikotde.com\/en\/wp-json\/wp\/v2\/media\/14912"}],"wp:attachment":[{"href":"https:\/\/www.billigtrikotde.com\/en\/wp-json\/wp\/v2\/media?parent=14864"}],"wp:term":[{"taxonomy":"product_brand","embeddable":true,"href":"https:\/\/www.billigtrikotde.com\/en\/wp-json\/wp\/v2\/product_brand?post=14864"},{"taxonomy":"product_cat","embeddable":true,"href":"https:\/\/www.billigtrikotde.com\/en\/wp-json\/wp\/v2\/product_cat?post=14864"},{"taxonomy":"product_tag","embeddable":true,"href":"https:\/\/www.billigtrikotde.com\/en\/wp-json\/wp\/v2\/product_tag?post=14864"}],"curies":[{"name":"wp","href":"https:\/\/api.w.org\/{rel}","templated":true}]}}