{"id":14047,"date":"2024-10-24T06:35:47","date_gmt":"2024-10-24T04:35:47","guid":{"rendered":"http:\/\/billigtrikots.com\/?post_type=product&#038;p=14047"},"modified":"2024-10-24T06:38:02","modified_gmt":"2024-10-24T04:38:02","slug":"neuen-herren-as-roma-heimtrikot-2023-24-kurzarm-personalisierte-fussballtrikots","status":"publish","type":"product","link":"https:\/\/www.billigtrikotde.com\/en\/neuen-herren-as-roma-heimtrikot-2023-24-kurzarm-personalisierte-fussballtrikots\/","title":{"rendered":"New Men's AS Roma Home Shirt 2023-24 Short Sleeve Personalised Football Shirts"},"content":{"rendered":"<p>The Associazione Sportiva Roma 2023-24 jersey is inspired by the 1992-94 jersey. It has the traditional colours of the club, red and yellow, with the current Roma crest on the back under the collar of the Roma 23-24 home jersey. What stands out on the AS Roma 2023-24 jersey is the crest as well as the collar and cuffs. Adidas uses the lupetto instead of the current Roma logo. Both the cuffs and the collar are decorated with yellow stripes.<\/p>\n<p>Tips for printing: If the name and number on the picture are exactly what you want, you do not need to enter them again. If not, you should enter your desired name and number.<\/p>\n<p>Washing tips: It is recommended to wash football shirts by hand. If you want to use the washing machine, remember to turn football shirts inside out and then wash them. Fill the machine with cold water and use a delicate cycle to better protect the colours.<\/p>","protected":false},"excerpt":{"rendered":"<p>Das Associazione Sportiva Roma 2023-24 Trikot ist vom Trikot 1992-94 inspiriert. Es hat die traditionellen Farben des Vereins, Rot und Gelb.Auf der R\u00fcckseite unter dem Kragen des Roma 23-24 Heimtrikots befindet sich das aktuelle Roma Wappen.Was beim AS Roma 2023-24 Trikot auff\u00e4llt, sind das Wappen sowie der Kragen und die \u00c4rmelb\u00fcndchen. Adidas verwendet das Lupetto [&hellip;]<\/p>","protected":false},"featured_media":14089,"comment_status":"open","ping_status":"closed","template":"","meta":[],"product_brand":[],"product_cat":[85],"product_tag":[722,86,480,723,87,20,21,23,479,24,478],"class_list":{"0":"post-14047","1":"product","2":"type-product","3":"status-publish","4":"has-post-thumbnail","6":"product_cat-as-roma","7":"product_tag-as-roma-fussballtrikot","8":"product_tag-as-roma-heimtrikot","9":"product_tag-as-roma-neues-trikot","10":"product_tag-as-roma-trikot","11":"product_tag-as-roma-trikots","12":"product_tag-coole-fussballtrikots","13":"product_tag-fussballtrikot-fuer-herren","14":"product_tag-fussballtrikot-kurzarm","15":"product_tag-fussballtrikots-kaufen","16":"product_tag-guenstiges-fussballtrikot","17":"product_tag-herren-fussballtrikots","19":"first","20":"instock","21":"shipping-taxable","22":"purchasable","23":"product-type-variable"},"_links":{"self":[{"href":"https:\/\/www.billigtrikotde.com\/en\/wp-json\/wp\/v2\/product\/14047","targetHints":{"allow":["GET"]}}],"collection":[{"href":"https:\/\/www.billigtrikotde.com\/en\/wp-json\/wp\/v2\/product"}],"about":[{"href":"https:\/\/www.billigtrikotde.com\/en\/wp-json\/wp\/v2\/types\/product"}],"replies":[{"embeddable":true,"href":"https:\/\/www.billigtrikotde.com\/en\/wp-json\/wp\/v2\/comments?post=14047"}],"wp:featuredmedia":[{"embeddable":true,"href":"https:\/\/www.billigtrikotde.com\/en\/wp-json\/wp\/v2\/media\/14089"}],"wp:attachment":[{"href":"https:\/\/www.billigtrikotde.com\/en\/wp-json\/wp\/v2\/media?parent=14047"}],"wp:term":[{"taxonomy":"product_brand","embeddable":true,"href":"https:\/\/www.billigtrikotde.com\/en\/wp-json\/wp\/v2\/product_brand?post=14047"},{"taxonomy":"product_cat","embeddable":true,"href":"https:\/\/www.billigtrikotde.com\/en\/wp-json\/wp\/v2\/product_cat?post=14047"},{"taxonomy":"product_tag","embeddable":true,"href":"https:\/\/www.billigtrikotde.com\/en\/wp-json\/wp\/v2\/product_tag?post=14047"}],"curies":[{"name":"wp","href":"https:\/\/api.w.org\/{rel}","templated":true}]}}