{"id":14036,"date":"2024-10-24T06:35:14","date_gmt":"2024-10-24T04:35:14","guid":{"rendered":"http:\/\/billigtrikots.com\/?post_type=product&#038;p=14036"},"modified":"2024-10-24T06:37:31","modified_gmt":"2024-10-24T04:37:31","slug":"guenstig-fussballtrikots-atletico-madrid-heimtrikot-2023-24-kurzarm","status":"publish","type":"product","link":"https:\/\/www.billigtrikotde.com\/en\/guenstig-fussballtrikots-atletico-madrid-heimtrikot-2023-24-kurzarm\/","title":{"rendered":"Cheap Football Shirts Atletico Madrid Home Shirt 2023-24 Short Sleeve"},"content":{"rendered":"<p>The new Atletico 23-24 jersey was released under the slogan \"Puro Atleti\" (Pure Atl\u00e9tico). For the first time in four years, it features the club's classic stripes without changing them, and with the Atletico Madrid 2023-24 jersey, the club returns to the classic stripes and dispenses with this year's wavy design.Atletico's 2023-2024 jersey has four white and three red stripes. The sleeves, collar and back of the Atl\u00e9tico Madrid 23-24 home shirt are mainly red.<br \/>\nThe red stripes of the Atl\u00e9tico 23-24 home jersey have a subtle gradient effect. They change from a lighter shade of red at the top to a darker red in the centre and at the bottom. The colour gradient is created by small rectangles.<\/p>\n<p>Tips for printing: If the name and number on the picture are exactly what you want, you do not need to enter them again. If not, you should enter your desired name and number.<\/p>\n<p>Washing tips: It is recommended to wash football shirts by hand. If you want to use the washing machine, remember to turn football shirts inside out and then wash them. Fill the machine with cold water and use a delicate cycle to better protect the colours.<\/p>","protected":false},"excerpt":{"rendered":"<p>Das neue Atletico 23-24 Trikot wurde unter dem Slogan \u201ePuro Atleti\u201c (Reines Atl\u00e9tico) ver\u00f6ffentlicht. Zum ersten Mal seit vier Jahren zeigt es die klassischen Streifen des Vereins, ohne sie zu ver\u00e4ndern.Mit dem Atletico Madrid 2023-24 Trikot kehrt der Verein zu den klassischen Streifen zur\u00fcck und verzichtet auf das gewellte Design von diesem Jahr.Atleticos Trikot 2023-2024 [&hellip;]<\/p>","protected":false},"featured_media":14069,"comment_status":"open","ping_status":"closed","template":"","meta":[],"product_brand":[],"product_cat":[88],"product_tag":[487,488,90,20,21,22,23,24],"class_list":{"0":"post-14036","1":"product","2":"type-product","3":"status-publish","4":"has-post-thumbnail","6":"product_cat-atletico-madrid","7":"product_tag-atletico-madrid-fussballtrikot","8":"product_tag-atletico-madrid-trikot","9":"product_tag-atletico-madrid-trikots","10":"product_tag-coole-fussballtrikots","11":"product_tag-fussballtrikot-fuer-herren","12":"product_tag-fussballtrikot-guenstig-kaufen","13":"product_tag-fussballtrikot-kurzarm","14":"product_tag-guenstiges-fussballtrikot","16":"first","17":"instock","18":"shipping-taxable","19":"purchasable","20":"product-type-variable"},"_links":{"self":[{"href":"https:\/\/www.billigtrikotde.com\/en\/wp-json\/wp\/v2\/product\/14036","targetHints":{"allow":["GET"]}}],"collection":[{"href":"https:\/\/www.billigtrikotde.com\/en\/wp-json\/wp\/v2\/product"}],"about":[{"href":"https:\/\/www.billigtrikotde.com\/en\/wp-json\/wp\/v2\/types\/product"}],"replies":[{"embeddable":true,"href":"https:\/\/www.billigtrikotde.com\/en\/wp-json\/wp\/v2\/comments?post=14036"}],"wp:featuredmedia":[{"embeddable":true,"href":"https:\/\/www.billigtrikotde.com\/en\/wp-json\/wp\/v2\/media\/14069"}],"wp:attachment":[{"href":"https:\/\/www.billigtrikotde.com\/en\/wp-json\/wp\/v2\/media?parent=14036"}],"wp:term":[{"taxonomy":"product_brand","embeddable":true,"href":"https:\/\/www.billigtrikotde.com\/en\/wp-json\/wp\/v2\/product_brand?post=14036"},{"taxonomy":"product_cat","embeddable":true,"href":"https:\/\/www.billigtrikotde.com\/en\/wp-json\/wp\/v2\/product_cat?post=14036"},{"taxonomy":"product_tag","embeddable":true,"href":"https:\/\/www.billigtrikotde.com\/en\/wp-json\/wp\/v2\/product_tag?post=14036"}],"curies":[{"name":"wp","href":"https:\/\/api.w.org\/{rel}","templated":true}]}}