{"id":1309,"date":"2024-10-23T13:24:44","date_gmt":"2024-10-23T11:24:44","guid":{"rendered":"http:\/\/billigtrikots.com\/?post_type=product&#038;p=1309"},"modified":"2024-10-23T13:26:40","modified_gmt":"2024-10-23T11:26:40","slug":"personalisierbar-trikotsatz-fc-arsenal-heimtrikot-2022-langarm-weiss-rot-gabriel-5","status":"publish","type":"product","link":"https:\/\/www.billigtrikotde.com\/en\/personalisierbar-trikotsatz-fc-arsenal-heimtrikot-2022-langarm-weiss-rot-gabriel-5\/","title":{"rendered":"Customisable FC Arsenal home kit 2022 long sleeve white\/red GABRIEL 5"},"content":{"rendered":"<p>The white inserts and the navy blue details evoke an era when Arsenal could boast an outstanding track record with its strength. The adidas long-sleeve football jersey has been designed to offer fans of the club maximum comfort. It is made from soft fabric and features the moisture-wicking AEROREADY technology. This product is manufactured with Primegreen, a series of high-performance recycled materials.<\/p>\n<p>Tips for printing: If the name and number on the picture are exactly what you want, you do not need to enter them again. If not, you should enter your desired name and number.<\/p>\n<p>Washing tips: It is recommended to wash football shirts by hand. If you want to use the washing machine, remember to turn football shirts inside out and then wash them. Fill the machine with cold water and use a delicate cycle to better protect the colours.<\/p>","protected":false},"excerpt":{"rendered":"<p>Die wei\u00dfen Eins\u00e4tze und die marineblauen Details erinnern an eine \u00c4ra, in der Arsenal mit seiner St\u00e4rke eine herausragende Erfolgsbilanz vorweisen konnte. Das adidas Langarm-Fu\u00dfballtrikot wurde entwickelt, um den Fans des Vereins maximalen Komfort zu bieten. Es ist aus weichem Stoff gefertigt und verf\u00fcgt \u00fcber die schwei\u00dfableitende AEROREADY-Technologie. Dieses Produkt wird mit Primegreen hergestellt, einer [&hellip;]<\/p>","protected":false},"featured_media":1349,"comment_status":"open","ping_status":"closed","template":"","meta":[],"product_brand":[],"product_cat":[55],"product_tag":[20,56,57,38,21,22,24],"class_list":{"0":"post-1309","1":"product","2":"type-product","3":"status-publish","4":"has-post-thumbnail","6":"product_cat-arsenal","7":"product_tag-coole-fussballtrikots","8":"product_tag-fc-arsenal-heimtrikot","9":"product_tag-fc-arsenal-trikots","10":"product_tag-fussball-trikot-langarm","11":"product_tag-fussballtrikot-fuer-herren","12":"product_tag-fussballtrikot-guenstig-kaufen","13":"product_tag-guenstiges-fussballtrikot","15":"first","16":"instock","17":"shipping-taxable","18":"purchasable","19":"product-type-variable"},"_links":{"self":[{"href":"https:\/\/www.billigtrikotde.com\/en\/wp-json\/wp\/v2\/product\/1309","targetHints":{"allow":["GET"]}}],"collection":[{"href":"https:\/\/www.billigtrikotde.com\/en\/wp-json\/wp\/v2\/product"}],"about":[{"href":"https:\/\/www.billigtrikotde.com\/en\/wp-json\/wp\/v2\/types\/product"}],"replies":[{"embeddable":true,"href":"https:\/\/www.billigtrikotde.com\/en\/wp-json\/wp\/v2\/comments?post=1309"}],"wp:featuredmedia":[{"embeddable":true,"href":"https:\/\/www.billigtrikotde.com\/en\/wp-json\/wp\/v2\/media\/1349"}],"wp:attachment":[{"href":"https:\/\/www.billigtrikotde.com\/en\/wp-json\/wp\/v2\/media?parent=1309"}],"wp:term":[{"taxonomy":"product_brand","embeddable":true,"href":"https:\/\/www.billigtrikotde.com\/en\/wp-json\/wp\/v2\/product_brand?post=1309"},{"taxonomy":"product_cat","embeddable":true,"href":"https:\/\/www.billigtrikotde.com\/en\/wp-json\/wp\/v2\/product_cat?post=1309"},{"taxonomy":"product_tag","embeddable":true,"href":"https:\/\/www.billigtrikotde.com\/en\/wp-json\/wp\/v2\/product_tag?post=1309"}],"curies":[{"name":"wp","href":"https:\/\/api.w.org\/{rel}","templated":true}]}}