{"id":12487,"date":"2024-10-24T05:14:08","date_gmt":"2024-10-24T03:14:08","guid":{"rendered":"http:\/\/billigtrikots.com\/?post_type=product&#038;p=12487"},"modified":"2024-10-24T05:16:50","modified_gmt":"2024-10-24T03:16:50","slug":"fussballtrikots-fuer-herren-atletico-madrid-2022-23-drittes-trikot-kurzarm-axel-witsel-20","status":"publish","type":"product","link":"https:\/\/www.billigtrikotde.com\/en\/fussballtrikots-fuer-herren-atletico-madrid-2022-23-drittes-trikot-kurzarm-axel-witsel-20\/","title":{"rendered":"Football Shirts for Men Atl\u00e9tico Madrid 2022-23 Third Shirt Short Sleeve Axel Witsel 20"},"content":{"rendered":"<p>The third Nike Atl\u00e9tico Madrid 2022-23 football shirt combines different shades of orange and red with black for the swoosh. It's a very interesting and fresh colour combination for the club, inspired by the fruit of the strawberry tree that features in the club's crest.<br \/>\nIn terms of design, the new third Atl\u00e9tico jersey is rather plain. It is plain orange and only the cuffs have a small red accent. The logos are black, including a single-colour club crest on the left chest of the third Atl\u00e9tico Madrid 2022-23 jersey.<\/p>\n<p>Tips for printing: If the name and number on the picture are exactly what you want, you do not need to enter them again. If not, you should enter your desired name and number.<\/p>\n<p>Washing tips: It is recommended to wash football shirts by hand. If you want to use the washing machine, remember to turn football shirts inside out and then wash them. Fill the machine with cold water and use a delicate cycle to better protect the colours.<\/p>","protected":false},"excerpt":{"rendered":"<p>Das dritte Fu\u00dfballtrikot von Nike Atl\u00e9tico Madrid 2022-23 kombiniert verschiedene Orange- und Rott\u00f6ne mit Schwarz f\u00fcr den Swoosh. Es ist eine sehr interessante und frische Farbkombination f\u00fcr den Verein, inspiriert von den Fr\u00fcchten des Erdbeerbaums, der im Vereinswappen zu finden ist. Was das Design angeht, ist das neue dritte Atl\u00e9tico-Trikot eher bieder. Es ist einfarbig [\u2026]<\/p>","protected":false},"featured_media":12528,"comment_status":"open","ping_status":"closed","template":"","meta":[],"product_brand":[],"product_cat":[88],"product_tag":[486,487,89,488,90,20,21,22,23,24],"class_list":{"0":"post-12487","1":"product","2":"type-product","3":"status-publish","4":"has-post-thumbnail","6":"product_cat-atletico-madrid","7":"product_tag-atletico-madrid-2022-23","8":"product_tag-atletico-madrid-fussballtrikot","9":"product_tag-atletico-madrid-heimtrikot","10":"product_tag-atletico-madrid-trikot","11":"product_tag-atletico-madrid-trikots","12":"product_tag-coole-fussballtrikots","13":"product_tag-fussballtrikot-fuer-herren","14":"product_tag-fussballtrikot-guenstig-kaufen","15":"product_tag-fussballtrikot-kurzarm","16":"product_tag-guenstiges-fussballtrikot","18":"first","19":"instock","20":"shipping-taxable","21":"purchasable","22":"product-type-variable"},"_links":{"self":[{"href":"https:\/\/www.billigtrikotde.com\/en\/wp-json\/wp\/v2\/product\/12487","targetHints":{"allow":["GET"]}}],"collection":[{"href":"https:\/\/www.billigtrikotde.com\/en\/wp-json\/wp\/v2\/product"}],"about":[{"href":"https:\/\/www.billigtrikotde.com\/en\/wp-json\/wp\/v2\/types\/product"}],"replies":[{"embeddable":true,"href":"https:\/\/www.billigtrikotde.com\/en\/wp-json\/wp\/v2\/comments?post=12487"}],"wp:featuredmedia":[{"embeddable":true,"href":"https:\/\/www.billigtrikotde.com\/en\/wp-json\/wp\/v2\/media\/12528"}],"wp:attachment":[{"href":"https:\/\/www.billigtrikotde.com\/en\/wp-json\/wp\/v2\/media?parent=12487"}],"wp:term":[{"taxonomy":"product_brand","embeddable":true,"href":"https:\/\/www.billigtrikotde.com\/en\/wp-json\/wp\/v2\/product_brand?post=12487"},{"taxonomy":"product_cat","embeddable":true,"href":"https:\/\/www.billigtrikotde.com\/en\/wp-json\/wp\/v2\/product_cat?post=12487"},{"taxonomy":"product_tag","embeddable":true,"href":"https:\/\/www.billigtrikotde.com\/en\/wp-json\/wp\/v2\/product_tag?post=12487"}],"curies":[{"name":"wp","href":"https:\/\/api.w.org\/{rel}","templated":true}]}}