{"id":12330,"date":"2024-10-24T05:05:28","date_gmt":"2024-10-24T03:05:28","guid":{"rendered":"http:\/\/billigtrikots.com\/?post_type=product&#038;p=12330"},"modified":"2024-10-24T05:08:03","modified_gmt":"2024-10-24T03:08:03","slug":"personalisierte-fussballtrikots-as-roma-22-23-heimtrikot-trikotsatz-kit-abraham-9","status":"publish","type":"product","link":"https:\/\/www.billigtrikotde.com\/en\/personalisierte-fussballtrikots-as-roma-22-23-heimtrikot-trikotsatz-kit-abraham-9\/","title":{"rendered":"Personalised Football Shirts AS Roma 22-23 Home Shirt Kit ABRAHAM 9"},"content":{"rendered":"<p>The New Balance AS Roma 2022-23 Jersey has a subtle half-and-half design in red with yellow logos.The half-and-half design consists of an intricate pattern with embedded round club badges from the 1930s. The Henley collar with yellow piping, which matches a similar detail on the cuffs, completes the look. \"Figli di Roma\" (\"Sons of Rome\") is printed on the upper back just below the collar.<\/p>\n<p>Tips for printing: If the name and number on the picture are exactly what you want, you do not need to enter them again. If not, you should enter your desired name and number.<\/p>\n<p>Washing tips: It is recommended to wash football shirts by hand. If you want to use the washing machine, remember to turn football shirts inside out and then wash them. Fill the machine with cold water and use a delicate cycle to better protect the colours.<\/p>","protected":false},"excerpt":{"rendered":"<p>Das New Balance AS Roma 2022-23 Trikot hat ein dezentes Halb-und-Halb-Design in Rot mit gelben Logos.Das Halbe-Halbe-Design besteht aus einem komplizierten Muster mit eingebetteten runden Vereinsabzeichen aus den 1930er Jahren. Der Henley-Kragen mit gelben Paspeln, die mit einem \u00e4hnlichen Detail an den \u00c4rmelb\u00fcndchen \u00fcbereinstimmen, rundet den Look ab. \u201eFigli di Roma\u201c (\u201eS\u00f6hne Roms\u201c) ist auf [&hellip;]<\/p>","protected":false},"featured_media":12371,"comment_status":"open","ping_status":"closed","template":"","meta":[],"product_brand":[],"product_cat":[85],"product_tag":[477,86,87,20,21,22,23,479,24,478],"class_list":{"0":"post-12330","1":"product","2":"type-product","3":"status-publish","4":"has-post-thumbnail","6":"product_cat-as-roma","7":"product_tag-as-roma-2022-23-trikot","8":"product_tag-as-roma-heimtrikot","9":"product_tag-as-roma-trikots","10":"product_tag-coole-fussballtrikots","11":"product_tag-fussballtrikot-fuer-herren","12":"product_tag-fussballtrikot-guenstig-kaufen","13":"product_tag-fussballtrikot-kurzarm","14":"product_tag-fussballtrikots-kaufen","15":"product_tag-guenstiges-fussballtrikot","16":"product_tag-herren-fussballtrikots","18":"first","19":"instock","20":"shipping-taxable","21":"purchasable","22":"product-type-variable"},"_links":{"self":[{"href":"https:\/\/www.billigtrikotde.com\/en\/wp-json\/wp\/v2\/product\/12330","targetHints":{"allow":["GET"]}}],"collection":[{"href":"https:\/\/www.billigtrikotde.com\/en\/wp-json\/wp\/v2\/product"}],"about":[{"href":"https:\/\/www.billigtrikotde.com\/en\/wp-json\/wp\/v2\/types\/product"}],"replies":[{"embeddable":true,"href":"https:\/\/www.billigtrikotde.com\/en\/wp-json\/wp\/v2\/comments?post=12330"}],"wp:featuredmedia":[{"embeddable":true,"href":"https:\/\/www.billigtrikotde.com\/en\/wp-json\/wp\/v2\/media\/12371"}],"wp:attachment":[{"href":"https:\/\/www.billigtrikotde.com\/en\/wp-json\/wp\/v2\/media?parent=12330"}],"wp:term":[{"taxonomy":"product_brand","embeddable":true,"href":"https:\/\/www.billigtrikotde.com\/en\/wp-json\/wp\/v2\/product_brand?post=12330"},{"taxonomy":"product_cat","embeddable":true,"href":"https:\/\/www.billigtrikotde.com\/en\/wp-json\/wp\/v2\/product_cat?post=12330"},{"taxonomy":"product_tag","embeddable":true,"href":"https:\/\/www.billigtrikotde.com\/en\/wp-json\/wp\/v2\/product_tag?post=12330"}],"curies":[{"name":"wp","href":"https:\/\/api.w.org\/{rel}","templated":true}]}}