{"id":1205,"date":"2024-10-23T13:20:33","date_gmt":"2024-10-23T11:20:33","guid":{"rendered":"http:\/\/billigtrikots.com\/?post_type=product&#038;p=1205"},"modified":"2024-10-23T13:22:31","modified_gmt":"2024-10-23T11:22:31","slug":"herren-manchester-united-2022-ausweichtrikot-blau-mit-aufdruck-wan-bissaka-29","status":"publish","type":"product","link":"https:\/\/www.billigtrikotde.com\/en\/herren-manchester-united-2022-ausweichtrikot-blau-mit-aufdruck-wan-bissaka-29\/","title":{"rendered":"Men's Manchester United 2022 away jersey blue with print Wan-Bissaka 29"},"content":{"rendered":"<p>We take a look back at the decade in which Manchester United ascended the English football throne. Ten years that were characterised by the talent of the young super footballers. So it's no wonder that we were inspired by the 90s for this away jersey. The design mixes a classic away kit with the typical adidas equipment style for a confident look. The fans' version gives you a comfortable feel thanks to the soft material with moisture-absorbing AEROREADY technology. And the two-colour a-didas logo is the perfect reminder of the past.<\/p>\n<p>Tips for printing: If the name and number on the picture are exactly what you want, you do not need to enter them again. If not, you should enter your desired name and number.<\/p>\n<p>Washing tips: It is recommended to wash football shirts by hand. If you want to use the washing machine, remember to turn football shirts inside out and then wash them. Fill the machine with cold water and use a delicate cycle to better protect the colours.<\/p>","protected":false},"excerpt":{"rendered":"<p>Wir blicken auf das Jahrzehnt zur\u00fcck, in dem Manchester United den englischen Fu\u00dfball-Thron erklomm. Zehn Jahre, die von dem Talent der jungen Superkicker gepr\u00e4gt waren. Kein Wunder also, dass wir uns f\u00fcr dieses Ausweichtrikot von den 90ern haben inspirieren lassen. Das Design mixt eine klassische Ausw\u00e4rtsausr\u00fcstung mit dem typischen adidas Equipment Style f\u00fcr einen selbstbewussten [&hellip;]<\/p>","protected":false},"featured_media":1249,"comment_status":"open","ping_status":"closed","template":"","meta":[],"product_brand":[],"product_cat":[50],"product_tag":[20,21,22,23,24,53,52],"class_list":{"0":"post-1205","1":"product","2":"type-product","3":"status-publish","4":"has-post-thumbnail","6":"product_cat-manchester-united","7":"product_tag-coole-fussballtrikots","8":"product_tag-fussballtrikot-fuer-herren","9":"product_tag-fussballtrikot-guenstig-kaufen","10":"product_tag-fussballtrikot-kurzarm","11":"product_tag-guenstiges-fussballtrikot","12":"product_tag-manchester-united-ausweichtrikot","13":"product_tag-manchester-united-trikots","15":"first","16":"instock","17":"shipping-taxable","18":"purchasable","19":"product-type-variable"},"_links":{"self":[{"href":"https:\/\/www.billigtrikotde.com\/en\/wp-json\/wp\/v2\/product\/1205","targetHints":{"allow":["GET"]}}],"collection":[{"href":"https:\/\/www.billigtrikotde.com\/en\/wp-json\/wp\/v2\/product"}],"about":[{"href":"https:\/\/www.billigtrikotde.com\/en\/wp-json\/wp\/v2\/types\/product"}],"replies":[{"embeddable":true,"href":"https:\/\/www.billigtrikotde.com\/en\/wp-json\/wp\/v2\/comments?post=1205"}],"wp:featuredmedia":[{"embeddable":true,"href":"https:\/\/www.billigtrikotde.com\/en\/wp-json\/wp\/v2\/media\/1249"}],"wp:attachment":[{"href":"https:\/\/www.billigtrikotde.com\/en\/wp-json\/wp\/v2\/media?parent=1205"}],"wp:term":[{"taxonomy":"product_brand","embeddable":true,"href":"https:\/\/www.billigtrikotde.com\/en\/wp-json\/wp\/v2\/product_brand?post=1205"},{"taxonomy":"product_cat","embeddable":true,"href":"https:\/\/www.billigtrikotde.com\/en\/wp-json\/wp\/v2\/product_cat?post=1205"},{"taxonomy":"product_tag","embeddable":true,"href":"https:\/\/www.billigtrikotde.com\/en\/wp-json\/wp\/v2\/product_tag?post=1205"}],"curies":[{"name":"wp","href":"https:\/\/api.w.org\/{rel}","templated":true}]}}