{"id":1191,"date":"2024-10-23T13:20:00","date_gmt":"2024-10-23T11:20:00","guid":{"rendered":"http:\/\/billigtrikots.com\/?post_type=product&#038;p=1191"},"modified":"2024-10-23T13:21:53","modified_gmt":"2024-10-23T11:21:53","slug":"manchester-united-ausweichtrikot-2022-blau-mit-aufdruck-cavani-21","status":"publish","type":"product","link":"https:\/\/www.billigtrikotde.com\/en\/manchester-united-ausweichtrikot-2022-blau-mit-aufdruck-cavani-21\/","title":{"rendered":"Manchester United shirt 2022 blue with print Cavani 21"},"content":{"rendered":"<p>Cheer on the Reds with the a-didas Manchester United 21\/22 away jersey, featuring woven club details for a traditional look.<br \/>\nThe adidas Manchester United 21\/22 away jersey reinterprets an early 90s classic, taking inspiration from the away jersey worn by United's talented young side as they embarked on an exciting new era.<\/p>\n<p>Its modern design picks up on the blue, black and yellow of the original and replaces the stripes with a geometric pattern that subtly integrates the Manchester \"M\" once again.<\/p>\n<p>The fan version of the jersey is designed for casual comfort and features a slightly looser fit and embroidered branding for long-lasting style on and off the pitch.<\/p>\n<p>Tips for printing: If the name and number on the picture are exactly what you want, you do not need to enter them again. If not, you should enter your desired name and number.<\/p>\n<p>Washing tips: It is recommended to wash football shirts by hand. If you want to use the washing machine, remember to turn football shirts inside out and then wash them. Fill the machine with cold water and use a delicate cycle to better protect the colours.<\/p>","protected":false},"excerpt":{"rendered":"<p>Feuere die Reds mit dem a-didas Manchester United 21\/22 Ausweichtrikot an, das mit gewebten Vereinsdetails f\u00fcr einen traditionellen Look ausgestattet ist. Das adidas Manchester United 21\/22 Ausweichtrikot interpretiert einen Klassiker der fr\u00fchen 90er neu und l\u00e4sst sich von dem Ausw\u00e4rtstrikot inspirieren, das Uniteds talentierte junge Mannschaft trug, als sie eine aufregende neue \u00c4ra begann. Sein [&hellip;]<\/p>","protected":false},"featured_media":1234,"comment_status":"open","ping_status":"closed","template":"","meta":[],"product_brand":[],"product_cat":[50],"product_tag":[20,21,22,23,24,53,52],"class_list":{"0":"post-1191","1":"product","2":"type-product","3":"status-publish","4":"has-post-thumbnail","6":"product_cat-manchester-united","7":"product_tag-coole-fussballtrikots","8":"product_tag-fussballtrikot-fuer-herren","9":"product_tag-fussballtrikot-guenstig-kaufen","10":"product_tag-fussballtrikot-kurzarm","11":"product_tag-guenstiges-fussballtrikot","12":"product_tag-manchester-united-ausweichtrikot","13":"product_tag-manchester-united-trikots","15":"first","16":"instock","17":"shipping-taxable","18":"purchasable","19":"product-type-variable"},"_links":{"self":[{"href":"https:\/\/www.billigtrikotde.com\/en\/wp-json\/wp\/v2\/product\/1191","targetHints":{"allow":["GET"]}}],"collection":[{"href":"https:\/\/www.billigtrikotde.com\/en\/wp-json\/wp\/v2\/product"}],"about":[{"href":"https:\/\/www.billigtrikotde.com\/en\/wp-json\/wp\/v2\/types\/product"}],"replies":[{"embeddable":true,"href":"https:\/\/www.billigtrikotde.com\/en\/wp-json\/wp\/v2\/comments?post=1191"}],"wp:featuredmedia":[{"embeddable":true,"href":"https:\/\/www.billigtrikotde.com\/en\/wp-json\/wp\/v2\/media\/1234"}],"wp:attachment":[{"href":"https:\/\/www.billigtrikotde.com\/en\/wp-json\/wp\/v2\/media?parent=1191"}],"wp:term":[{"taxonomy":"product_brand","embeddable":true,"href":"https:\/\/www.billigtrikotde.com\/en\/wp-json\/wp\/v2\/product_brand?post=1191"},{"taxonomy":"product_cat","embeddable":true,"href":"https:\/\/www.billigtrikotde.com\/en\/wp-json\/wp\/v2\/product_cat?post=1191"},{"taxonomy":"product_tag","embeddable":true,"href":"https:\/\/www.billigtrikotde.com\/en\/wp-json\/wp\/v2\/product_tag?post=1191"}],"curies":[{"name":"wp","href":"https:\/\/api.w.org\/{rel}","templated":true}]}}