{"id":11904,"date":"2024-10-24T04:40:38","date_gmt":"2024-10-24T02:40:38","guid":{"rendered":"http:\/\/billigtrikots.com\/?post_type=product&#038;p=11904"},"modified":"2025-06-09T04:42:30","modified_gmt":"2025-06-09T02:42:30","slug":"neuen-fussballtrikot-arsenal-auswaertstrikot-2023-schwarz-goldene-bestellen-mit-aufdruck-lacazette-9","status":"publish","type":"product","link":"https:\/\/www.billigtrikotde.com\/en\/neuen-fussballtrikot-arsenal-auswaertstrikot-2023-schwarz-goldene-bestellen-mit-aufdruck-lacazette-9\/","title":{"rendered":"Order new Arsenal away kit 2023 black and gold with print LACAZETTE 9"},"content":{"rendered":"<p>The Arsenal 22-23 away jersey is presented in a classy look in black with bronze metallic details.The Adidas Arsenal 22-23 away jersey is black, combined with gold metallic for all logos and grey for the 3 stripes on the shoulders.To complete the understated look, the Arsenal 2022-23 is finished with a faint abstract geometric print on the front and sleeves. This graphic consists of the letters AFC, the font of which is directly inspired by the Arsenal lettering that fans pass on their way to Emirates Stadium.<\/p>\n<p>Tips for printing: If the name and number on the picture are exactly what you want, you do not need to enter them again. If not, you should enter your desired name and number.<\/p>\n<p>Washing tips: It is recommended to wash football shirts by hand. If you want to use the washing machine, remember to turn football shirts inside out and then wash them. Fill the machine with cold water and use a delicate cycle to better protect the colours.<\/p>","protected":false},"excerpt":{"rendered":"<p>Das Arsenal 22-23 Ausw\u00e4rtstrikot pr\u00e4sentiert sich in einem edlen Look in Schwarz mit bronze-metallischen Details.Das Adidas Arsenal 22-23 Ausw\u00e4rtstrikot ist schwarz, kombiniert mit Gold-Metallic f\u00fcr alle Logos und grau f\u00fcr die 3 Streifen auf den Schultern.Um den unauff\u00e4lligen Look abzurunden, ist das Arsenal 2022-23 mit einem schwachen abstrakten geometrischen Druck auf der Vorderseite und den [&hellip;]<\/p>","protected":false},"featured_media":11941,"comment_status":"open","ping_status":"closed","template":"","meta":[],"product_brand":[],"product_cat":[55],"product_tag":[451,20,21,22,23,54,24],"class_list":{"0":"post-11904","1":"product","2":"type-product","3":"status-publish","4":"has-post-thumbnail","6":"product_cat-arsenal","7":"product_tag-arsenal-22-23-auswaertstrikot","8":"product_tag-coole-fussballtrikots","9":"product_tag-fussballtrikot-fuer-herren","10":"product_tag-fussballtrikot-guenstig-kaufen","11":"product_tag-fussballtrikot-kurzarm","12":"product_tag-fussballtrikot-set","13":"product_tag-guenstiges-fussballtrikot","15":"first","16":"instock","17":"shipping-taxable","18":"purchasable","19":"product-type-variable"},"_links":{"self":[{"href":"https:\/\/www.billigtrikotde.com\/en\/wp-json\/wp\/v2\/product\/11904","targetHints":{"allow":["GET"]}}],"collection":[{"href":"https:\/\/www.billigtrikotde.com\/en\/wp-json\/wp\/v2\/product"}],"about":[{"href":"https:\/\/www.billigtrikotde.com\/en\/wp-json\/wp\/v2\/types\/product"}],"replies":[{"embeddable":true,"href":"https:\/\/www.billigtrikotde.com\/en\/wp-json\/wp\/v2\/comments?post=11904"}],"wp:featuredmedia":[{"embeddable":true,"href":"https:\/\/www.billigtrikotde.com\/en\/wp-json\/wp\/v2\/media\/11941"}],"wp:attachment":[{"href":"https:\/\/www.billigtrikotde.com\/en\/wp-json\/wp\/v2\/media?parent=11904"}],"wp:term":[{"taxonomy":"product_brand","embeddable":true,"href":"https:\/\/www.billigtrikotde.com\/en\/wp-json\/wp\/v2\/product_brand?post=11904"},{"taxonomy":"product_cat","embeddable":true,"href":"https:\/\/www.billigtrikotde.com\/en\/wp-json\/wp\/v2\/product_cat?post=11904"},{"taxonomy":"product_tag","embeddable":true,"href":"https:\/\/www.billigtrikotde.com\/en\/wp-json\/wp\/v2\/product_tag?post=11904"}],"curies":[{"name":"wp","href":"https:\/\/api.w.org\/{rel}","templated":true}]}}