{"id":11761,"date":"2024-10-24T04:32:23","date_gmt":"2024-10-24T02:32:23","guid":{"rendered":"http:\/\/billigtrikots.com\/?post_type=product&#038;p=11761"},"modified":"2024-10-24T04:34:56","modified_gmt":"2024-10-24T02:34:56","slug":"herren-lafc-los-angeles-fc-2022-heimtrikot-schwarz-golden-fussballtrikots-set-personalisierbar","status":"publish","type":"product","link":"https:\/\/www.billigtrikotde.com\/en\/herren-lafc-los-angeles-fc-2022-heimtrikot-schwarz-golden-fussballtrikots-set-personalisierbar\/","title":{"rendered":"Men's LAFC Los Angeles FC 2022 Home Shirt Black Golden Football Shirt Set Customisable"},"content":{"rendered":"<p>As expected, the Adidas LAFC 2022 shirt is mainly black with gold logos and Adidas stripes. The Adidas logo and the club crest are both placed in the middle of the chest area, with the Adidas logo above them. The main feature of the Los Angeles FC 2022 home jersey is a bespoke Art Deco pattern that runs across the front and the sleeves. We can also see that Target, the sleeve sponsor of LAFC, has kindly allowed its logo to be recoloured in black and gold once again.<\/p>\n<p>Tips for printing: If the name and number on the picture are exactly what you want, you do not need to enter them again. If not, you should enter your desired name and number.<\/p>\n<p>Washing tips: It is recommended to wash football shirts by hand. If you want to use the washing machine, remember to turn football shirts inside out and then wash them. Fill the machine with cold water and use a delicate cycle to better protect the colours.<\/p>","protected":false},"excerpt":{"rendered":"<p>Wie erwartet ist das Adidas LAFC 2022 Trikot haupts\u00e4chlich schwarz mit goldenen Logos und Adidas-Streifen. Das Adidas-Logo und das Vereinswappen werden beide in der Mitte des Brustbereichs platziert, das Adidas-Logo liegt dar\u00fcber.Das Hauptmerkmal des Los Angeles FC 2022 Heimtrikots ist ein ma\u00dfgeschneidertes Art-D\u00e9co-Muster, das sich \u00fcber die Vorderseite und die \u00c4rmel zieht.Wir k\u00f6nnen auch sehen, [&hellip;]<\/p>","protected":false},"featured_media":11802,"comment_status":"open","ping_status":"closed","template":"","meta":[],"product_brand":[],"product_cat":[196],"product_tag":[20,21,22,23,24,446,447],"class_list":{"0":"post-11761","1":"product","2":"type-product","3":"status-publish","4":"has-post-thumbnail","6":"product_cat-los-angeles-fc","7":"product_tag-coole-fussballtrikots","8":"product_tag-fussballtrikot-fuer-herren","9":"product_tag-fussballtrikot-guenstig-kaufen","10":"product_tag-fussballtrikot-kurzarm","11":"product_tag-guenstiges-fussballtrikot","12":"product_tag-lafc-2022-trikot","13":"product_tag-lafc-away-jersey-2023","15":"first","16":"instock","17":"shipping-taxable","18":"purchasable","19":"product-type-variable"},"_links":{"self":[{"href":"https:\/\/www.billigtrikotde.com\/en\/wp-json\/wp\/v2\/product\/11761","targetHints":{"allow":["GET"]}}],"collection":[{"href":"https:\/\/www.billigtrikotde.com\/en\/wp-json\/wp\/v2\/product"}],"about":[{"href":"https:\/\/www.billigtrikotde.com\/en\/wp-json\/wp\/v2\/types\/product"}],"replies":[{"embeddable":true,"href":"https:\/\/www.billigtrikotde.com\/en\/wp-json\/wp\/v2\/comments?post=11761"}],"wp:featuredmedia":[{"embeddable":true,"href":"https:\/\/www.billigtrikotde.com\/en\/wp-json\/wp\/v2\/media\/11802"}],"wp:attachment":[{"href":"https:\/\/www.billigtrikotde.com\/en\/wp-json\/wp\/v2\/media?parent=11761"}],"wp:term":[{"taxonomy":"product_brand","embeddable":true,"href":"https:\/\/www.billigtrikotde.com\/en\/wp-json\/wp\/v2\/product_brand?post=11761"},{"taxonomy":"product_cat","embeddable":true,"href":"https:\/\/www.billigtrikotde.com\/en\/wp-json\/wp\/v2\/product_cat?post=11761"},{"taxonomy":"product_tag","embeddable":true,"href":"https:\/\/www.billigtrikotde.com\/en\/wp-json\/wp\/v2\/product_tag?post=11761"}],"curies":[{"name":"wp","href":"https:\/\/api.w.org\/{rel}","templated":true}]}}