{"id":11300,"date":"2024-10-24T04:05:54","date_gmt":"2024-10-24T02:05:54","guid":{"rendered":"http:\/\/billigtrikots.com\/?post_type=product&#038;p=11300"},"modified":"2024-10-24T04:08:33","modified_gmt":"2024-10-24T02:08:33","slug":"kaufe-heimtrikot-brasilien-wm-2022-trikot-gelb-fussballtrikot-herren-sale","status":"publish","type":"product","link":"https:\/\/www.billigtrikotde.com\/en\/kaufe-heimtrikot-brasilien-wm-2022-trikot-gelb-fussballtrikot-herren-sale\/","title":{"rendered":"Buy Home Shirt Brazil World Cup 2022 Shirt yellow Football Shirt Men Sale"},"content":{"rendered":"<p>The Nike Brazil 2022 World Cup football jersey swaps the classic yellow for a bright yellow, officially called \"Dynamic Yellow\". In terms of design, the Brazil 2022 World Cup jersey has a small traditional collar, which is coloured green and decorated with a blue stripe. A subtle leopard pattern on the front, back and sleeves unites the design with that of the away jersey for the 2022 World Cup in Brazil.<\/p>\n<p>Tips for printing: If the name and number on the picture are exactly what you want, you do not need to enter them again. If not, you should enter your desired name and number.<\/p>\n<p>Washing tips: It is recommended to wash football shirts by hand. If you want to use the washing machine, remember to turn football shirts inside out and then wash them. Fill the machine with cold water and use a delicate cycle to better protect the colours.<\/p>","protected":false},"excerpt":{"rendered":"<p>Das Nike Brasilien 2022 WM-Fu\u00dfballtrikot tauscht das klassische Gelb gegen ein leuchtendes Gelb, offiziell &#8222;Dynamic Yellow&#8220;.Was das Design angeht, hat das Brasilien 2022 WM Trikot einen kleinen traditionellen Kragen, der gr\u00fcn gef\u00e4rbt und mit einem blauen Streifen verziert ist. Ein dezentes Leopardenmuster auf der Vorder- und R\u00fcckseite sowie auf den \u00c4rmeln vereint das Design mit [&hellip;]<\/p>","protected":false},"featured_media":11341,"comment_status":"open","ping_status":"closed","template":"","meta":[],"product_brand":[],"product_cat":[112],"product_tag":[20,430,431,432,113,114,222,21,22,23,24],"class_list":{"0":"post-11300","1":"product","2":"type-product","3":"status-publish","4":"has-post-thumbnail","6":"product_cat-brasilien-trikots","7":"product_tag-coole-fussballtrikots","8":"product_tag-brasilien-2022-wm-fussballtrikot","9":"product_tag-brasilien-2022-wm-trikot","10":"product_tag-brasilien-2022-world-cup-heimtrikot","11":"product_tag-brasilien-heimtrikot","12":"product_tag-brasilien-trikots","13":"product_tag-fussball-wm-2022-trikots","14":"product_tag-fussballtrikot-fuer-herren","15":"product_tag-fussballtrikot-guenstig-kaufen","16":"product_tag-fussballtrikot-kurzarm","17":"product_tag-guenstiges-fussballtrikot","19":"first","20":"instock","21":"shipping-taxable","22":"purchasable","23":"product-type-variable"},"_links":{"self":[{"href":"https:\/\/www.billigtrikotde.com\/en\/wp-json\/wp\/v2\/product\/11300","targetHints":{"allow":["GET"]}}],"collection":[{"href":"https:\/\/www.billigtrikotde.com\/en\/wp-json\/wp\/v2\/product"}],"about":[{"href":"https:\/\/www.billigtrikotde.com\/en\/wp-json\/wp\/v2\/types\/product"}],"replies":[{"embeddable":true,"href":"https:\/\/www.billigtrikotde.com\/en\/wp-json\/wp\/v2\/comments?post=11300"}],"wp:featuredmedia":[{"embeddable":true,"href":"https:\/\/www.billigtrikotde.com\/en\/wp-json\/wp\/v2\/media\/11341"}],"wp:attachment":[{"href":"https:\/\/www.billigtrikotde.com\/en\/wp-json\/wp\/v2\/media?parent=11300"}],"wp:term":[{"taxonomy":"product_brand","embeddable":true,"href":"https:\/\/www.billigtrikotde.com\/en\/wp-json\/wp\/v2\/product_brand?post=11300"},{"taxonomy":"product_cat","embeddable":true,"href":"https:\/\/www.billigtrikotde.com\/en\/wp-json\/wp\/v2\/product_cat?post=11300"},{"taxonomy":"product_tag","embeddable":true,"href":"https:\/\/www.billigtrikotde.com\/en\/wp-json\/wp\/v2\/product_tag?post=11300"}],"curies":[{"name":"wp","href":"https:\/\/api.w.org\/{rel}","templated":true}]}}