{"id":9834,"date":"2024-10-24T02:47:30","date_gmt":"2024-10-24T00:47:30","guid":{"rendered":"http:\/\/billigtrikots.com\/?post_type=product&#038;p=9834"},"modified":"2024-10-24T02:49:47","modified_gmt":"2024-10-24T00:49:47","slug":"frankreich-trikot-fifa-wm-katar-2022-auswaertstrikot-weiss-online-shop","status":"publish","type":"product","link":"https:\/\/www.billigtrikotde.com\/da\/vare\/frankreich-trikot-fifa-wm-katar-2022-auswaertstrikot-weiss-online-shop\/","title":{"rendered":"Frankrig tr\u00f8je FIFA World Cup Qatar 2022 udebanes\u00e6t hvid Online-Shop"},"content":{"rendered":"<p>Skrifttypen p\u00e5 Frankrigs VM 2022-tr\u00f8je er relativt klassisk. Bogstaverne er meget standard, mens tallene har en slank stil, og tallene p\u00e5 Frankrig 2022 World Cup skiller sig ud fra de s\u00e6dvanlige skrifttyper, fordi de er i to nuancer af guld. Dette svarer til udseendet af FFF's v\u00e5benskjold p\u00e5 forsiden, og Nike bruger en bl\u00e5 skrifttype til udebanetr\u00f8jen. Ligesom p\u00e5 tr\u00f8jen er tallene i to bl\u00e5 nuancer, og den nye skrifttype vil blive brugt af Frankrig til alle kampe, ogs\u00e5 til VM i 2022.<\/p>\n<p>Tips til udskrivning: Hvis navn og nummer p\u00e5 billedet er pr\u00e6cis det, du \u00f8nsker, beh\u00f8ver du ikke at indtaste dem igen. Hvis ikke, skal du indtaste det \u00f8nskede navn og nummer.<\/p>\n<p>Tips til vask: Det anbefales at vaske fodboldtr\u00f8jer i h\u00e5nden. Hvis du vil bruge vaskemaskinen, skal du huske at vende vrangen ud p\u00e5 fodboldtr\u00f8jerne og derefter vaske dem. Fyld maskinen med koldt vand, og brug et sk\u00e5neprogram for bedre at beskytte farverne.<\/p>","protected":false},"excerpt":{"rendered":"<p>Die Schriftart f\u00fcr das Trikot der Fu\u00dfball-WM 2022 in Frankreich ist relativ klassisch. Die Buchstaben des Schriftzugs sind sehr standardm\u00e4\u00dfig, w\u00e4hrend die Zahlen einen schlanken Stil haben.Die Nummern der WM 2022 in Frankreich heben sich von den \u00fcblichen Schriften ab, weil sie in zwei Goldt\u00f6nen gehalten sind. Dies \u00e4hnelt dem Aussehen des FFF-Wappens auf der [&hellip;]<\/p>","protected":false},"featured_media":9868,"comment_status":"open","ping_status":"closed","template":"","meta":[],"product_brand":[],"product_cat":[117],"product_tag":[20,398,118,119,389,21,22,23,24],"class_list":{"0":"post-9834","1":"product","2":"type-product","3":"status-publish","4":"has-post-thumbnail","6":"product_cat-frankreich-trikots","7":"product_tag-coole-fussballtrikots","8":"product_tag-frankreich-2022-weltmeisterschaft-trikot","9":"product_tag-frankreich-auswaertstrikot","10":"product_tag-frankreich-trikots","11":"product_tag-fussball-wm-2022-trikot","12":"product_tag-fussballtrikot-fuer-herren","13":"product_tag-fussballtrikot-guenstig-kaufen","14":"product_tag-fussballtrikot-kurzarm","15":"product_tag-guenstiges-fussballtrikot","17":"first","18":"instock","19":"shipping-taxable","20":"purchasable","21":"product-type-variable"},"_links":{"self":[{"href":"https:\/\/www.billigtrikotde.com\/da\/wp-json\/wp\/v2\/product\/9834","targetHints":{"allow":["GET"]}}],"collection":[{"href":"https:\/\/www.billigtrikotde.com\/da\/wp-json\/wp\/v2\/product"}],"about":[{"href":"https:\/\/www.billigtrikotde.com\/da\/wp-json\/wp\/v2\/types\/product"}],"replies":[{"embeddable":true,"href":"https:\/\/www.billigtrikotde.com\/da\/wp-json\/wp\/v2\/comments?post=9834"}],"wp:featuredmedia":[{"embeddable":true,"href":"https:\/\/www.billigtrikotde.com\/da\/wp-json\/wp\/v2\/media\/9868"}],"wp:attachment":[{"href":"https:\/\/www.billigtrikotde.com\/da\/wp-json\/wp\/v2\/media?parent=9834"}],"wp:term":[{"taxonomy":"product_brand","embeddable":true,"href":"https:\/\/www.billigtrikotde.com\/da\/wp-json\/wp\/v2\/product_brand?post=9834"},{"taxonomy":"product_cat","embeddable":true,"href":"https:\/\/www.billigtrikotde.com\/da\/wp-json\/wp\/v2\/product_cat?post=9834"},{"taxonomy":"product_tag","embeddable":true,"href":"https:\/\/www.billigtrikotde.com\/da\/wp-json\/wp\/v2\/product_tag?post=9834"}],"curies":[{"name":"wp","href":"https:\/\/api.w.org\/{rel}","templated":true}]}}