{"id":9752,"date":"2024-10-24T02:43:16","date_gmt":"2024-10-24T00:43:16","guid":{"rendered":"http:\/\/billigtrikots.com\/?post_type=product&#038;p=9752"},"modified":"2024-10-24T02:45:35","modified_gmt":"2024-10-24T00:45:35","slug":"mexiko-fifa-wm-katar-2022-heimtrikot-gruen-kurzarm-mit-namen-jesus-c-17","status":"publish","type":"product","link":"https:\/\/www.billigtrikotde.com\/da\/vare\/mexiko-fifa-wm-katar-2022-heimtrikot-gruen-kurzarm-mit-namen-jesus-c-17\/","title":{"rendered":"Mexico FIFA World Cup Qatar 2022 Hjemmebanetr\u00f8je gr\u00f8n kort\u00e6rmet med navn JESUS C.17"},"content":{"rendered":"<p>Det er f\u00f8rste gang i mange \u00e5r, at Mexico f\u00e5r en gr\u00f8n tr\u00f8je. Mexicos VM-tr\u00f8je 2018 var gr\u00f8n, og en venskabskamp mod Argentina samme \u00e5r var sidste gang, den mexicanske A-landshold bar en gr\u00f8n tr\u00f8je. Olympia-tr\u00f8jen, som U24-landsholdet bar i sommer, og som ikke var lavet af Adidas, var ogs\u00e5 gr\u00f8n.<br \/>\nAdidas Mexico 2022 VM-tr\u00f8je er gr\u00f8n med hvide bukser og r\u00f8de str\u00f8mper og bringer dermed Mexicos ikoniske farver tilbage.<\/p>\n<p>Det vigtigste designtr\u00e6k ved Mexico 2022 hjemmetr\u00f8je er et subtilt grafisk tryk p\u00e5 overdelen og \u00e6rmerne, inspireret af Quetzalcoatl.<br \/>\nI den mexicanske kultur er Quetzalcoatl guden for vinden, skytshelgen for pr\u00e6ster og opfinderen af kalendere og b\u00f8ger. Af og til bliver han ogs\u00e5 fremstillet som et symbol p\u00e5 d\u00f8den og opstandelsen. En Quetzalcoatl-grafik er ogs\u00e5 placeret p\u00e5 bagsiden under kraven.<\/p>\n<p>Tips til udskrivning: Hvis navn og nummer p\u00e5 billedet er pr\u00e6cis det, du \u00f8nsker, beh\u00f8ver du ikke at indtaste dem igen. Hvis ikke, skal du indtaste det \u00f8nskede navn og nummer.<\/p>\n<p>Tips til vask: Det anbefales at vaske fodboldtr\u00f8jer i h\u00e5nden. Hvis du vil bruge vaskemaskinen, skal du huske at vende vrangen ud p\u00e5 fodboldtr\u00f8jerne og derefter vaske dem. Fyld maskinen med koldt vand, og brug et sk\u00e5neprogram for bedre at beskytte farverne.<\/p>","protected":false},"excerpt":{"rendered":"<p>Det er f\u00f8rste gang i mange \u00e5r, at Mexico f\u00e5r en gr\u00f8n tr\u00f8je. Mexicos VM-tr\u00f8je 2018 var gr\u00f8n, og en venskabskamp mod Argentina samme \u00e5r var sidste gang, den mexicanske A-landshold bar en gr\u00f8n tr\u00f8je. Olympia-tr\u00f8jen, som U24-landsholdet bar i sommer, og som ikke var lavet af Adidas, var ogs\u00e5 gr\u00f8n.<\/p>","protected":false},"featured_media":9793,"comment_status":"open","ping_status":"closed","template":"","meta":[],"product_brand":[],"product_cat":[251],"product_tag":[20,405,21,22,23,24,252,406,253],"class_list":{"0":"post-9752","1":"product","2":"type-product","3":"status-publish","4":"has-post-thumbnail","6":"product_cat-mexiko-trikots","7":"product_tag-coole-fussballtrikots","8":"product_tag-fifa-wm-katar-2022","9":"product_tag-fussballtrikot-fuer-herren","10":"product_tag-fussballtrikot-guenstig-kaufen","11":"product_tag-fussballtrikot-kurzarm","12":"product_tag-guenstiges-fussballtrikot","13":"product_tag-mexiko-2022-trikots","14":"product_tag-mexiko-2022-wm-heimtrikot","15":"product_tag-mexiko-heimtrikot","17":"first","18":"instock","19":"shipping-taxable","20":"purchasable","21":"product-type-variable"},"_links":{"self":[{"href":"https:\/\/www.billigtrikotde.com\/da\/wp-json\/wp\/v2\/product\/9752","targetHints":{"allow":["GET"]}}],"collection":[{"href":"https:\/\/www.billigtrikotde.com\/da\/wp-json\/wp\/v2\/product"}],"about":[{"href":"https:\/\/www.billigtrikotde.com\/da\/wp-json\/wp\/v2\/types\/product"}],"replies":[{"embeddable":true,"href":"https:\/\/www.billigtrikotde.com\/da\/wp-json\/wp\/v2\/comments?post=9752"}],"wp:featuredmedia":[{"embeddable":true,"href":"https:\/\/www.billigtrikotde.com\/da\/wp-json\/wp\/v2\/media\/9793"}],"wp:attachment":[{"href":"https:\/\/www.billigtrikotde.com\/da\/wp-json\/wp\/v2\/media?parent=9752"}],"wp:term":[{"taxonomy":"product_brand","embeddable":true,"href":"https:\/\/www.billigtrikotde.com\/da\/wp-json\/wp\/v2\/product_brand?post=9752"},{"taxonomy":"product_cat","embeddable":true,"href":"https:\/\/www.billigtrikotde.com\/da\/wp-json\/wp\/v2\/product_cat?post=9752"},{"taxonomy":"product_tag","embeddable":true,"href":"https:\/\/www.billigtrikotde.com\/da\/wp-json\/wp\/v2\/product_tag?post=9752"}],"curies":[{"name":"wp","href":"https:\/\/api.w.org\/{rel}","templated":true}]}}