{"id":9685,"date":"2024-10-24T02:39:45","date_gmt":"2024-10-24T00:39:45","guid":{"rendered":"http:\/\/billigtrikots.com\/?post_type=product&#038;p=9685"},"modified":"2024-10-24T02:41:57","modified_gmt":"2024-10-24T00:41:57","slug":"herren-mexiko-fifa-wm-katar-2022-auswaertstrikot-weiss-rot-kurzarm-alvarez-4","status":"publish","type":"product","link":"https:\/\/www.billigtrikotde.com\/da\/vare\/herren-mexiko-fifa-wm-katar-2022-auswaertstrikot-weiss-rot-kurzarm-alvarez-4\/","title":{"rendered":"Herre Mexico FIFA World Cup Qatar 2022 Udebanetr\u00f8je hvid r\u00f8d kort\u00e6rmet ALVAREZ 4"},"content":{"rendered":"<p>P\u00e5kald din kamp\u00e5nd for at n\u00e5 verdens st\u00f8rste fodboldoplevelse. Vi har givet denne adidas Mexico udebanetr\u00f8je til b\u00f8rn og teenagere et look inspireret af Mixteker og aztekiske guddomme. Midt i dette i\u00f8jnefaldende allover-design er ogs\u00e5 Quetzalcoatls slangekrop at finde \u2013 en fremstilling af menneskehedens fysiske evner. Mesh-indsatserne og svedabsorberende AEROREADY-teknologi sikrer dig desuden en behagelig b\u00e6reoplevelse. Og det helt nye klublogo sender et statement for din fanskabsstolthed.<\/p>\n<p>Tips til udskrivning: Hvis navn og nummer p\u00e5 billedet er pr\u00e6cis det, du \u00f8nsker, beh\u00f8ver du ikke at indtaste dem igen. Hvis ikke, skal du indtaste det \u00f8nskede navn og nummer.<\/p>\n<p>Tips til vask: Det anbefales at vaske fodboldtr\u00f8jer i h\u00e5nden. Hvis du vil bruge vaskemaskinen, skal du huske at vende vrangen ud p\u00e5 fodboldtr\u00f8jerne og derefter vaske dem. Fyld maskinen med koldt vand, og brug et sk\u00e5neprogram for bedre at beskytte farverne.<\/p>","protected":false},"excerpt":{"rendered":"<p>Beschw\u00f6re deinen Kampfgeist, um es bis an die Weltspritze des Fu\u00dfballs zu schaffen. Hierf\u00fcr haben wir diesem adidas Mexiko Ausw\u00e4rtstrikot f\u00fcr Kinder und Teens eine von Mixteken und aztekischen Gottheiten inspirierte Optik verpasst. Inmitten dieses auff\u00e4lligen Allover-Designs ist auch Quetzalcoatls Schlangenk\u00f6rper zu finden \u2013 eine Darstellung der physischen F\u00e4higkeiten der Menschheit. Die Mesh-Eins\u00e4tze und feuchtigkeitsabsorbierende [&hellip;]<\/p>","protected":false},"featured_media":9723,"comment_status":"open","ping_status":"closed","template":"","meta":[],"product_brand":[],"product_cat":[251],"product_tag":[20,405,21,22,23,24,252,360,364],"class_list":{"0":"post-9685","1":"product","2":"type-product","3":"status-publish","4":"has-post-thumbnail","6":"product_cat-mexiko-trikots","7":"product_tag-coole-fussballtrikots","8":"product_tag-fifa-wm-katar-2022","9":"product_tag-fussballtrikot-fuer-herren","10":"product_tag-fussballtrikot-guenstig-kaufen","11":"product_tag-fussballtrikot-kurzarm","12":"product_tag-guenstiges-fussballtrikot","13":"product_tag-mexiko-2022-trikots","14":"product_tag-mexiko-2022-wm-auswaertstrikot","15":"product_tag-mexiko-auswaertstrikot","17":"first","18":"instock","19":"shipping-taxable","20":"purchasable","21":"product-type-variable"},"_links":{"self":[{"href":"https:\/\/www.billigtrikotde.com\/da\/wp-json\/wp\/v2\/product\/9685","targetHints":{"allow":["GET"]}}],"collection":[{"href":"https:\/\/www.billigtrikotde.com\/da\/wp-json\/wp\/v2\/product"}],"about":[{"href":"https:\/\/www.billigtrikotde.com\/da\/wp-json\/wp\/v2\/types\/product"}],"replies":[{"embeddable":true,"href":"https:\/\/www.billigtrikotde.com\/da\/wp-json\/wp\/v2\/comments?post=9685"}],"wp:featuredmedia":[{"embeddable":true,"href":"https:\/\/www.billigtrikotde.com\/da\/wp-json\/wp\/v2\/media\/9723"}],"wp:attachment":[{"href":"https:\/\/www.billigtrikotde.com\/da\/wp-json\/wp\/v2\/media?parent=9685"}],"wp:term":[{"taxonomy":"product_brand","embeddable":true,"href":"https:\/\/www.billigtrikotde.com\/da\/wp-json\/wp\/v2\/product_brand?post=9685"},{"taxonomy":"product_cat","embeddable":true,"href":"https:\/\/www.billigtrikotde.com\/da\/wp-json\/wp\/v2\/product_cat?post=9685"},{"taxonomy":"product_tag","embeddable":true,"href":"https:\/\/www.billigtrikotde.com\/da\/wp-json\/wp\/v2\/product_tag?post=9685"}],"curies":[{"name":"wp","href":"https:\/\/api.w.org\/{rel}","templated":true}]}}