{"id":9671,"date":"2024-10-24T02:39:07","date_gmt":"2024-10-24T00:39:07","guid":{"rendered":"http:\/\/billigtrikots.com\/?post_type=product&#038;p=9671"},"modified":"2024-10-24T02:41:21","modified_gmt":"2024-10-24T00:41:21","slug":"herren-italien-trikots-2022-23-heimtrikot-blau-kurzarm-mit-aufdruck-chiellini-3","status":"publish","type":"product","link":"https:\/\/www.billigtrikotde.com\/da\/vare\/herren-italien-trikots-2022-23-heimtrikot-blau-kurzarm-mit-aufdruck-chiellini-3\/","title":{"rendered":"Herre Italien tr\u00f8jer 2022-23 Hjemmebanetr\u00f8je Bl\u00e5 Kort\u00e6rmet med Print CHIELLINI 3"},"content":{"rendered":"<p>Hjemmetr\u00f8jen til Squadra Azzurra 2022 pr\u00e6senterer sig i klassisk bl\u00e5. De fire firkanter p\u00e5 forsiden af tr\u00f8jen skal \u00e6re enhver VM-generation Italiens mester. Hver firkant henviser til et VM-triumf i \u00e5rene 1934, 1938, 1982 og 2006. Gyldne detaljer, samt kraven der best\u00e5r af farverne i den italienske trikolore, fuldender tr\u00f8jen.<\/p>\n<p>Tr\u00f8jen fra PUMA i bl\u00e5 lader dig b\u00e6re farverne p\u00e5 dit favorithold og vise alle, hvad dit hjerte sl\u00e5r for. I ingen fansamling m\u00e5 denne Italien-tr\u00f8je mangle. Den \u00e5ndbare, lette, svedafledende og super behagelige funktion g\u00f8r den overbevisende. P\u00e5 denne sports-top kan du visuelt regne med forbundslogoet p\u00e5 brystet. Med denne tr\u00f8je kan du optimalt forberede dig til din n\u00e6ste modstander.<\/p>\n<p>Tips til udskrivning: Hvis navn og nummer p\u00e5 billedet er pr\u00e6cis det, du \u00f8nsker, beh\u00f8ver du ikke at indtaste dem igen. Hvis ikke, skal du indtaste det \u00f8nskede navn og nummer.<\/p>\n<p>Tips til vask: Det anbefales at vaske fodboldtr\u00f8jer i h\u00e5nden. Hvis du vil bruge vaskemaskinen, skal du huske at vende vrangen ud p\u00e5 fodboldtr\u00f8jerne og derefter vaske dem. Fyld maskinen med koldt vand, og brug et sk\u00e5neprogram for bedre at beskytte farverne.<\/p>","protected":false},"excerpt":{"rendered":"<p>Hjemmetr\u00f8jen til Squadra Azzurra 2022 pr\u00e6senterer sig i klassisk bl\u00e5. De fire firkanter p\u00e5 forsiden af tr\u00f8jen skal \u00e6re enhver VM-generation Italiens mester. Hver firkant henviser til et VM-triumf i \u00e5rene 1934, 1938, 1982 og 2006. Gyldne detaljer, samt kraven der best\u00e5r af farverne i den italienske trikolore, fuldender tr\u00f8jen.<\/p>","protected":false},"featured_media":9711,"comment_status":"open","ping_status":"closed","template":"","meta":[],"product_brand":[],"product_cat":[316],"product_tag":[20,21,22,23,24,404,317,318],"class_list":{"0":"post-9671","1":"product","2":"type-product","3":"status-publish","4":"has-post-thumbnail","6":"product_cat-italien-trikots","7":"product_tag-coole-fussballtrikots","8":"product_tag-fussballtrikot-fuer-herren","9":"product_tag-fussballtrikot-guenstig-kaufen","10":"product_tag-fussballtrikot-kurzarm","11":"product_tag-guenstiges-fussballtrikot","12":"product_tag-herren-italien-trikots","13":"product_tag-italien-heimtrikot","14":"product_tag-italien-trikots","16":"first","17":"instock","18":"shipping-taxable","19":"purchasable","20":"product-type-variable"},"_links":{"self":[{"href":"https:\/\/www.billigtrikotde.com\/da\/wp-json\/wp\/v2\/product\/9671","targetHints":{"allow":["GET"]}}],"collection":[{"href":"https:\/\/www.billigtrikotde.com\/da\/wp-json\/wp\/v2\/product"}],"about":[{"href":"https:\/\/www.billigtrikotde.com\/da\/wp-json\/wp\/v2\/types\/product"}],"replies":[{"embeddable":true,"href":"https:\/\/www.billigtrikotde.com\/da\/wp-json\/wp\/v2\/comments?post=9671"}],"wp:featuredmedia":[{"embeddable":true,"href":"https:\/\/www.billigtrikotde.com\/da\/wp-json\/wp\/v2\/media\/9711"}],"wp:attachment":[{"href":"https:\/\/www.billigtrikotde.com\/da\/wp-json\/wp\/v2\/media?parent=9671"}],"wp:term":[{"taxonomy":"product_brand","embeddable":true,"href":"https:\/\/www.billigtrikotde.com\/da\/wp-json\/wp\/v2\/product_brand?post=9671"},{"taxonomy":"product_cat","embeddable":true,"href":"https:\/\/www.billigtrikotde.com\/da\/wp-json\/wp\/v2\/product_cat?post=9671"},{"taxonomy":"product_tag","embeddable":true,"href":"https:\/\/www.billigtrikotde.com\/da\/wp-json\/wp\/v2\/product_tag?post=9671"}],"curies":[{"name":"wp","href":"https:\/\/api.w.org\/{rel}","templated":true}]}}