{"id":9647,"date":"2024-10-24T02:37:55","date_gmt":"2024-10-24T00:37:55","guid":{"rendered":"http:\/\/billigtrikots.com\/?post_type=product&#038;p=9647"},"modified":"2024-10-24T02:40:12","modified_gmt":"2024-10-24T00:40:12","slug":"2022-uefa-european-england-womens-euro-heimtrikot-kurzarm-anpassbare-name-und-nummer","status":"publish","type":"product","link":"https:\/\/www.billigtrikotde.com\/da\/vare\/2022-uefa-european-england-womens-euro-heimtrikot-kurzarm-anpassbare-name-und-nummer\/","title":{"rendered":"2022 UEFA European England Women's Euro Home Shirt Short Sleeve Customisable Name and Number"},"content":{"rendered":"<p>Nike England Women\u2019s Euro 2022-tr\u00f8jen kombinerer en hvid grundfarve med i\u00f8jnefaldende skinnende logoer \u2013 det er f\u00f8rste gang, at en England-tr\u00f8je har irisierende logoer. Bortset fra de skinnende logoer er designet af Nike England Women 2022 hjemme-tr\u00f8jen holdt diskret. Den er overtrukket med et meget subtilt skinnende geometrisk m\u00f8nster.<\/p>\n<p>Tips til udskrivning: Hvis navn og nummer p\u00e5 billedet er pr\u00e6cis det, du \u00f8nsker, beh\u00f8ver du ikke at indtaste dem igen. Hvis ikke, skal du indtaste det \u00f8nskede navn og nummer.<\/p>\n<p>Tips til vask: Det anbefales at vaske fodboldtr\u00f8jer i h\u00e5nden. Hvis du vil bruge vaskemaskinen, skal du huske at vende vrangen ud p\u00e5 fodboldtr\u00f8jerne og derefter vaske dem. Fyld maskinen med koldt vand, og brug et sk\u00e5neprogram for bedre at beskytte farverne.<\/p>","protected":false},"excerpt":{"rendered":"<p>Nike England Women\u2019s Euro 2022-tr\u00f8jen kombinerer en hvid grundfarve med i\u00f8jnefaldende skinnende logoer \u2013 det er f\u00f8rste gang, at en England-tr\u00f8je har irisierende logoer. Bortset fra de skinnende logoer er designet af Nike England Women 2022 hjemme-tr\u00f8jen holdt diskret. Den er overtrukket med et meget subtilt skinnende geometrisk m\u00f8nster.<\/p>","protected":false},"featured_media":9688,"comment_status":"open","ping_status":"closed","template":"","meta":[],"product_brand":[],"product_cat":[115],"product_tag":[20,402,116,218,403,21,22,23,24],"class_list":{"0":"post-9647","1":"product","2":"type-product","3":"status-publish","4":"has-post-thumbnail","6":"product_cat-england-trikots","7":"product_tag-coole-fussballtrikots","8":"product_tag-england-frauen-2022-trikot","9":"product_tag-england-heimtrikot","10":"product_tag-england-heimtrikot-euro-2022-damen","11":"product_tag-england-womens-euro-2022-trikot","12":"product_tag-fussballtrikot-fuer-herren","13":"product_tag-fussballtrikot-guenstig-kaufen","14":"product_tag-fussballtrikot-kurzarm","15":"product_tag-guenstiges-fussballtrikot","17":"first","18":"instock","19":"shipping-taxable","20":"purchasable","21":"product-type-variable"},"_links":{"self":[{"href":"https:\/\/www.billigtrikotde.com\/da\/wp-json\/wp\/v2\/product\/9647","targetHints":{"allow":["GET"]}}],"collection":[{"href":"https:\/\/www.billigtrikotde.com\/da\/wp-json\/wp\/v2\/product"}],"about":[{"href":"https:\/\/www.billigtrikotde.com\/da\/wp-json\/wp\/v2\/types\/product"}],"replies":[{"embeddable":true,"href":"https:\/\/www.billigtrikotde.com\/da\/wp-json\/wp\/v2\/comments?post=9647"}],"wp:featuredmedia":[{"embeddable":true,"href":"https:\/\/www.billigtrikotde.com\/da\/wp-json\/wp\/v2\/media\/9688"}],"wp:attachment":[{"href":"https:\/\/www.billigtrikotde.com\/da\/wp-json\/wp\/v2\/media?parent=9647"}],"wp:term":[{"taxonomy":"product_brand","embeddable":true,"href":"https:\/\/www.billigtrikotde.com\/da\/wp-json\/wp\/v2\/product_brand?post=9647"},{"taxonomy":"product_cat","embeddable":true,"href":"https:\/\/www.billigtrikotde.com\/da\/wp-json\/wp\/v2\/product_cat?post=9647"},{"taxonomy":"product_tag","embeddable":true,"href":"https:\/\/www.billigtrikotde.com\/da\/wp-json\/wp\/v2\/product_tag?post=9647"}],"curies":[{"name":"wp","href":"https:\/\/api.w.org\/{rel}","templated":true}]}}