{"id":9579,"date":"2024-10-24T02:34:25","date_gmt":"2024-10-24T00:34:25","guid":{"rendered":"http:\/\/billigtrikots.com\/?post_type=product&#038;p=9579"},"modified":"2024-10-24T02:36:38","modified_gmt":"2024-10-24T00:36:38","slug":"2022-uefa-european-womens-football-championship-england-heimtrikot-euro-damen-walker-2","status":"publish","type":"product","link":"https:\/\/www.billigtrikotde.com\/da\/vare\/2022-uefa-european-womens-football-championship-england-heimtrikot-euro-damen-walker-2\/","title":{"rendered":"2022 UEFA Europ\u00e6isk Kvindefodboldmesterskab England Hjemmetr\u00f8je EURO Damer WALKER 2"},"content":{"rendered":"<p>Eksklusivt designet til l\u00f8verne har Nike England 2022 UEFA European Women\u2019s Football Championship-kits iridescerende logoer. Farverne p\u00e5 hver tr\u00f8je er temmelig dristige for et landshold i Danmark.<\/p>\n<p>Nike England kvinder Euro 2022 hjemmefodboldtr\u00f8jen kombinerer en hvid base med ireflekterende logoer \u2013 hvis vi ikke tager fejl, bliver dette f\u00f8rste gang, at en England-tr\u00f8je har iridescerende logoer.<\/p>","protected":false},"excerpt":{"rendered":"<p>Eksklusivt designet til Lioness, har Nike England 2022 UEFA Europ\u00e6iske Kvindefodboldmesterskabs s\u00e6t iriserende logoer. Farverne p\u00e5 hvert s\u00e6t er ret dristige for et nationalhold. Nike England Kvinder Euro 2022 hjemmefodboldtr\u00f8je kombinerer en hvid base med i\u00f8jnefaldende iriserende logoer \u2013 hvis vi ikke tager fejl, vil dette [\u2026]<\/p>","protected":false},"featured_media":9618,"comment_status":"open","ping_status":"closed","template":"","meta":[],"product_brand":[],"product_cat":[115],"product_tag":[20,116,218,21,22,23,24],"class_list":{"0":"post-9579","1":"product","2":"type-product","3":"status-publish","4":"has-post-thumbnail","6":"product_cat-england-trikots","7":"product_tag-coole-fussballtrikots","8":"product_tag-england-heimtrikot","9":"product_tag-england-heimtrikot-euro-2022-damen","10":"product_tag-fussballtrikot-fuer-herren","11":"product_tag-fussballtrikot-guenstig-kaufen","12":"product_tag-fussballtrikot-kurzarm","13":"product_tag-guenstiges-fussballtrikot","15":"first","16":"instock","17":"shipping-taxable","18":"purchasable","19":"product-type-variable"},"_links":{"self":[{"href":"https:\/\/www.billigtrikotde.com\/da\/wp-json\/wp\/v2\/product\/9579","targetHints":{"allow":["GET"]}}],"collection":[{"href":"https:\/\/www.billigtrikotde.com\/da\/wp-json\/wp\/v2\/product"}],"about":[{"href":"https:\/\/www.billigtrikotde.com\/da\/wp-json\/wp\/v2\/types\/product"}],"replies":[{"embeddable":true,"href":"https:\/\/www.billigtrikotde.com\/da\/wp-json\/wp\/v2\/comments?post=9579"}],"wp:featuredmedia":[{"embeddable":true,"href":"https:\/\/www.billigtrikotde.com\/da\/wp-json\/wp\/v2\/media\/9618"}],"wp:attachment":[{"href":"https:\/\/www.billigtrikotde.com\/da\/wp-json\/wp\/v2\/media?parent=9579"}],"wp:term":[{"taxonomy":"product_brand","embeddable":true,"href":"https:\/\/www.billigtrikotde.com\/da\/wp-json\/wp\/v2\/product_brand?post=9579"},{"taxonomy":"product_cat","embeddable":true,"href":"https:\/\/www.billigtrikotde.com\/da\/wp-json\/wp\/v2\/product_cat?post=9579"},{"taxonomy":"product_tag","embeddable":true,"href":"https:\/\/www.billigtrikotde.com\/da\/wp-json\/wp\/v2\/product_tag?post=9579"}],"curies":[{"name":"wp","href":"https:\/\/api.w.org\/{rel}","templated":true}]}}