{"id":9190,"date":"2024-10-24T02:14:51","date_gmt":"2024-10-24T00:14:51","guid":{"rendered":"http:\/\/billigtrikots.com\/?post_type=product&#038;p=9190"},"modified":"2024-10-24T02:17:07","modified_gmt":"2024-10-24T00:17:07","slug":"herren-niederlande-heimtrikot-wm-2022-fussballtrikot-orange-kurzarm-online-bestellen","status":"publish","type":"product","link":"https:\/\/www.billigtrikotde.com\/da\/vare\/herren-niederlande-heimtrikot-wm-2022-fussballtrikot-orange-kurzarm-online-bestellen\/","title":{"rendered":"Herrer Holland Hjemmetr\u00e6ning VM 2022 Fodboldtr\u00f8je Orange Kort\u00e6rmet Bestil Online"},"content":{"rendered":"<p>Se Nike-tr\u00f8jen til FIFA World Cup 2022 i Holland.<\/p>\n<p>Nike Holland 2022-tr\u00f8jen har en anden orange nuance end tidligere Nike-hjemmetr\u00f8jer \u2013 Nike Holland 2022-tr\u00f8jen er \u201eLaser Orange\u201c, hvilket er en meget gul-orange farve. En anden, m\u00f8rkere og \u201etraditionel\u201c orange nuance bruges til grafikken.<\/p>\n<p>Det fremtr\u00e6dende kendetegn er et allover-grafikdesign, der er inspireret af l\u00f8vens pels. If\u00f8lge Nike minder \u201edansende spiral\u201c-designet ikke kun om l\u00f8vemanken, men st\u00e5r ogs\u00e5 for flydigheden i det taktiske system i Total Football.<\/p>\n<p>Tips til udskrivning: Hvis navn og nummer p\u00e5 billedet er pr\u00e6cis det, du \u00f8nsker, beh\u00f8ver du ikke at indtaste dem igen. Hvis ikke, skal du indtaste det \u00f8nskede navn og nummer.<\/p>\n<p>Tips til vask: Det anbefales at vaske fodboldtr\u00f8jer i h\u00e5nden. Hvis du vil bruge vaskemaskinen, skal du huske at vende vrangen ud p\u00e5 fodboldtr\u00f8jerne og derefter vaske dem. Fyld maskinen med koldt vand, og brug et sk\u00e5neprogram for bedre at beskytte farverne.<\/p>","protected":false},"excerpt":{"rendered":"<p>Se Nike-tr\u00f8jen til VM i fodbold 2022 i Holland. Nike Holland 2022-tr\u00f8jen har en anden orange nuance end tidligere Nike hjemmebanetr\u00f8jer \u2013 Nike Holland 2022-tr\u00f8jen er \u201eLaser Orange\u201c, hvilket er en meget gul-orange farve. En anden, m\u00f8rkere og \u201etraditionel\u201c orange nuance bruges til grafikken. Det fremtr\u00e6dende tr\u00e6k er [\u2026]<\/p>","protected":false},"featured_media":9230,"comment_status":"open","ping_status":"closed","template":"","meta":[],"product_brand":[],"product_cat":[219],"product_tag":[20,222,21,22,23,24,392,221],"class_list":{"0":"post-9190","1":"product","2":"type-product","3":"status-publish","4":"has-post-thumbnail","6":"product_cat-niederlande-trikots","7":"product_tag-coole-fussballtrikots","8":"product_tag-fussball-wm-2022-trikots","9":"product_tag-fussballtrikot-fuer-herren","10":"product_tag-fussballtrikot-guenstig-kaufen","11":"product_tag-fussballtrikot-kurzarm","12":"product_tag-guenstiges-fussballtrikot","13":"product_tag-niederlande-heimtrikot","14":"product_tag-niederlande-trikots","16":"first","17":"instock","18":"shipping-taxable","19":"purchasable","20":"product-type-variable"},"_links":{"self":[{"href":"https:\/\/www.billigtrikotde.com\/da\/wp-json\/wp\/v2\/product\/9190","targetHints":{"allow":["GET"]}}],"collection":[{"href":"https:\/\/www.billigtrikotde.com\/da\/wp-json\/wp\/v2\/product"}],"about":[{"href":"https:\/\/www.billigtrikotde.com\/da\/wp-json\/wp\/v2\/types\/product"}],"replies":[{"embeddable":true,"href":"https:\/\/www.billigtrikotde.com\/da\/wp-json\/wp\/v2\/comments?post=9190"}],"wp:featuredmedia":[{"embeddable":true,"href":"https:\/\/www.billigtrikotde.com\/da\/wp-json\/wp\/v2\/media\/9230"}],"wp:attachment":[{"href":"https:\/\/www.billigtrikotde.com\/da\/wp-json\/wp\/v2\/media?parent=9190"}],"wp:term":[{"taxonomy":"product_brand","embeddable":true,"href":"https:\/\/www.billigtrikotde.com\/da\/wp-json\/wp\/v2\/product_brand?post=9190"},{"taxonomy":"product_cat","embeddable":true,"href":"https:\/\/www.billigtrikotde.com\/da\/wp-json\/wp\/v2\/product_cat?post=9190"},{"taxonomy":"product_tag","embeddable":true,"href":"https:\/\/www.billigtrikotde.com\/da\/wp-json\/wp\/v2\/product_tag?post=9190"}],"curies":[{"name":"wp","href":"https:\/\/api.w.org\/{rel}","templated":true}]}}