{"id":9106,"date":"2024-10-24T02:10:40","date_gmt":"2024-10-24T00:10:40","guid":{"rendered":"http:\/\/billigtrikots.com\/?post_type=product&#038;p=9106"},"modified":"2024-10-24T02:12:54","modified_gmt":"2024-10-24T00:12:54","slug":"herren-niederlande-auswaertstrikot-blau-fussball-wm-2022-neuen-trikotsatz","status":"publish","type":"product","link":"https:\/\/www.billigtrikotde.com\/da\/vare\/herren-niederlande-auswaertstrikot-blau-fussball-wm-2022-neuen-trikotsatz\/","title":{"rendered":"Herrer Nederl\u00e6nderne udebanetr\u00f8je bl\u00e5 fodbold VM 2022 Ny tr\u00f8jes\u00e6t"},"content":{"rendered":"<p>Nike har udviklet skr\u00e6ddersyede skrifttyper til mange af fodbold-VM 2022-tr\u00f8jerne. I dag kigger vi n\u00e6rmere p\u00e5 skrifttypen til hjemme- og udebanetr\u00f8jerne for Holland til VM 2022.<br \/>\nDen nye FIFA VM-pokal 2022 for Holland har et unikt design, is\u00e6r ved tallene. Dette er muligvis inspireret af de indgraverede metaltyper fra Hollands Guldalder.<\/p>\n<p>Skrifttypen p\u00e5 den nye hjemmebanetr\u00f8je for Holland til VM 2022 er sort, mens skrifttypen p\u00e5 udebanetr\u00f8jen er i markant r\u00f8d.<\/p>\n<p>Tips til udskrivning: Hvis navn og nummer p\u00e5 billedet er pr\u00e6cis det, du \u00f8nsker, beh\u00f8ver du ikke at indtaste dem igen. Hvis ikke, skal du indtaste det \u00f8nskede navn og nummer.<\/p>\n<p>Tips til vask: Det anbefales at vaske fodboldtr\u00f8jer i h\u00e5nden. Hvis du vil bruge vaskemaskinen, skal du huske at vende vrangen ud p\u00e5 fodboldtr\u00f8jerne og derefter vaske dem. Fyld maskinen med koldt vand, og brug et sk\u00e5neprogram for bedre at beskytte farverne.<\/p>","protected":false},"excerpt":{"rendered":"<p>Nike har udviklet skr\u00e6ddersyede skrifttyper til mange tr\u00f8jer til verdensmesterskabet i fodbold 2022. I dag kigger vi n\u00e6rmere p\u00e5 skrifttypen til hjemme- og udebanetr\u00f8jerne for Holland til VM 2022. Den nye FIFA VM-pokal 2022 for Holland har et unikt design, is\u00e6r ved tallene. Dette er muligvis inspireret af de udsk\u00e5rne metallityper fra den Gyldne [...]<\/p>","protected":false},"featured_media":9146,"comment_status":"open","ping_status":"closed","template":"","meta":[],"product_brand":[],"product_cat":[219],"product_tag":[20,21,22,23,24,355,221],"class_list":{"0":"post-9106","1":"product","2":"type-product","3":"status-publish","4":"has-post-thumbnail","6":"product_cat-niederlande-trikots","7":"product_tag-coole-fussballtrikots","8":"product_tag-fussballtrikot-fuer-herren","9":"product_tag-fussballtrikot-guenstig-kaufen","10":"product_tag-fussballtrikot-kurzarm","11":"product_tag-guenstiges-fussballtrikot","12":"product_tag-niederlande-auswaertstrikot","13":"product_tag-niederlande-trikots","15":"first","16":"instock","17":"shipping-taxable","18":"purchasable","19":"product-type-variable"},"_links":{"self":[{"href":"https:\/\/www.billigtrikotde.com\/da\/wp-json\/wp\/v2\/product\/9106","targetHints":{"allow":["GET"]}}],"collection":[{"href":"https:\/\/www.billigtrikotde.com\/da\/wp-json\/wp\/v2\/product"}],"about":[{"href":"https:\/\/www.billigtrikotde.com\/da\/wp-json\/wp\/v2\/types\/product"}],"replies":[{"embeddable":true,"href":"https:\/\/www.billigtrikotde.com\/da\/wp-json\/wp\/v2\/comments?post=9106"}],"wp:featuredmedia":[{"embeddable":true,"href":"https:\/\/www.billigtrikotde.com\/da\/wp-json\/wp\/v2\/media\/9146"}],"wp:attachment":[{"href":"https:\/\/www.billigtrikotde.com\/da\/wp-json\/wp\/v2\/media?parent=9106"}],"wp:term":[{"taxonomy":"product_brand","embeddable":true,"href":"https:\/\/www.billigtrikotde.com\/da\/wp-json\/wp\/v2\/product_brand?post=9106"},{"taxonomy":"product_cat","embeddable":true,"href":"https:\/\/www.billigtrikotde.com\/da\/wp-json\/wp\/v2\/product_cat?post=9106"},{"taxonomy":"product_tag","embeddable":true,"href":"https:\/\/www.billigtrikotde.com\/da\/wp-json\/wp\/v2\/product_tag?post=9106"}],"curies":[{"name":"wp","href":"https:\/\/api.w.org\/{rel}","templated":true}]}}