{"id":8981,"date":"2024-10-24T02:04:15","date_gmt":"2024-10-24T00:04:15","guid":{"rendered":"http:\/\/billigtrikots.com\/?post_type=product&#038;p=8981"},"modified":"2024-10-24T02:06:25","modified_gmt":"2024-10-24T00:06:25","slug":"herren-manchester-united-auswaertstrikot-2022-23-weiss-kurzarm-schwarz-kurze-hosen","status":"publish","type":"product","link":"https:\/\/www.billigtrikotde.com\/da\/vare\/herren-manchester-united-auswaertstrikot-2022-23-weiss-kurzarm-schwarz-kurze-hosen\/","title":{"rendered":"Manchester United udebanes\u00e6t til m\u00e6nd 2022-23 hvid kort\u00e6rmet + sorte shorts"},"content":{"rendered":"<p>Adidas Manchester United FC 2022-2023 udebanetr\u00f8je kombinerer hovedfarven hvid med r\u00f8de og sorte applikationer. For de tre striber har Adidas valgt en kirseb\u00e6rr\u00f8d nuance, mens Adidas- og TeamViewer-logoerne er sorte.<\/p>\n<p>Ligesom Manchester United 22-23-tr\u00f8jen har ogs\u00e5 Man Utd 22-23 udebanetr\u00f8jen et skjold med emblem.<\/p>\n<p>Det karakteristiske element i Manchester United 22-23 udebanetr\u00f8jen er det hvid-r\u00f8de trekantsm\u00f8nster p\u00e5 den sorte krave og \u00e6rmer. Derudover er der p\u00e5 forsiden et meget diskret helix-m\u00f8nster.<\/p>\n<p>Tips til udskrivning: Hvis navn og nummer p\u00e5 billedet er pr\u00e6cis det, du \u00f8nsker, beh\u00f8ver du ikke at indtaste dem igen. Hvis ikke, skal du indtaste det \u00f8nskede navn og nummer.<\/p>\n<p>Tips til vask: Det anbefales at vaske fodboldtr\u00f8jer i h\u00e5nden. Hvis du vil bruge vaskemaskinen, skal du huske at vende vrangen ud p\u00e5 fodboldtr\u00f8jerne og derefter vaske dem. Fyld maskinen med koldt vand, og brug et sk\u00e5neprogram for bedre at beskytte farverne.<\/p>","protected":false},"excerpt":{"rendered":"<p>Adidas Manchester United FC 2022-2023 udebanetr\u00f8jen kombinerer hovedfarven hvid med r\u00f8de og sorte applikationer. For de tre striber har Adidas valgt en kirseb\u00e6rr\u00f8d nuance, mens logosene fra Adidas og TeamViewer er sorte. Ligesom Manchester United 22-23-tr\u00f8jen har ogs\u00e5 Man Utd 22-23 udebanetr\u00f8jen et v\u00e5ben med skildr. [\u2026]<\/p>","protected":false},"featured_media":9019,"comment_status":"open","ping_status":"closed","template":"","meta":[],"product_brand":[],"product_cat":[50],"product_tag":[20,21,22,23,24,217,223,52],"class_list":{"0":"post-8981","1":"product","2":"type-product","3":"status-publish","4":"has-post-thumbnail","6":"product_cat-manchester-united","7":"product_tag-coole-fussballtrikots","8":"product_tag-fussballtrikot-fuer-herren","9":"product_tag-fussballtrikot-guenstig-kaufen","10":"product_tag-fussballtrikot-kurzarm","11":"product_tag-guenstiges-fussballtrikot","12":"product_tag-manchester-united-trikot-bestellen","13":"product_tag-manchester-united-trikot-shop","14":"product_tag-manchester-united-trikots","16":"first","17":"instock","18":"shipping-taxable","19":"purchasable","20":"product-type-variable"},"_links":{"self":[{"href":"https:\/\/www.billigtrikotde.com\/da\/wp-json\/wp\/v2\/product\/8981","targetHints":{"allow":["GET"]}}],"collection":[{"href":"https:\/\/www.billigtrikotde.com\/da\/wp-json\/wp\/v2\/product"}],"about":[{"href":"https:\/\/www.billigtrikotde.com\/da\/wp-json\/wp\/v2\/types\/product"}],"replies":[{"embeddable":true,"href":"https:\/\/www.billigtrikotde.com\/da\/wp-json\/wp\/v2\/comments?post=8981"}],"wp:featuredmedia":[{"embeddable":true,"href":"https:\/\/www.billigtrikotde.com\/da\/wp-json\/wp\/v2\/media\/9019"}],"wp:attachment":[{"href":"https:\/\/www.billigtrikotde.com\/da\/wp-json\/wp\/v2\/media?parent=8981"}],"wp:term":[{"taxonomy":"product_brand","embeddable":true,"href":"https:\/\/www.billigtrikotde.com\/da\/wp-json\/wp\/v2\/product_brand?post=8981"},{"taxonomy":"product_cat","embeddable":true,"href":"https:\/\/www.billigtrikotde.com\/da\/wp-json\/wp\/v2\/product_cat?post=8981"},{"taxonomy":"product_tag","embeddable":true,"href":"https:\/\/www.billigtrikotde.com\/da\/wp-json\/wp\/v2\/product_tag?post=8981"}],"curies":[{"name":"wp","href":"https:\/\/api.w.org\/{rel}","templated":true}]}}