{"id":8958,"date":"2024-10-24T02:02:44","date_gmt":"2024-10-24T00:02:44","guid":{"rendered":"http:\/\/billigtrikots.com\/?post_type=product&#038;p=8958"},"modified":"2024-10-24T02:05:16","modified_gmt":"2024-10-24T00:05:16","slug":"italien-trikots-fuer-kinder-zum-fussballspielen-2022-23-in-blaue-chiellini-3","status":"publish","type":"product","link":"https:\/\/www.billigtrikotde.com\/da\/vare\/italien-trikots-fuer-kinder-zum-fussballspielen-2022-23-in-blaue-chiellini-3\/","title":{"rendered":"Italien Tr\u00f8jers til b\u00f8rn til fodboldspil 2022-23 i bl\u00e5 CHIELLINI 3"},"content":{"rendered":"<p>Klassiske Azzurri. Italien's hjemme-tr\u00f8je 2022 fejrer traditionen med bl\u00e5 tr\u00f8jer og str\u00e5lende fodbold. Med gyldne detaljer, retro-typer og henvisninger til triumferne fra 1934, 1938, 1982 og 2006 er fortr\u00f8jen inddelt i tonale kvadranter for at \u00e6re de fire generationer af verdensmestre.<\/p>\n<p>Tips til udskrivning: Hvis navn og nummer p\u00e5 billedet er pr\u00e6cis det, du \u00f8nsker, beh\u00f8ver du ikke at indtaste dem igen. Hvis ikke, skal du indtaste det \u00f8nskede navn og nummer.<\/p>\n<p>Tips til vask: Det anbefales at vaske fodboldtr\u00f8jer i h\u00e5nden. Hvis du vil bruge vaskemaskinen, skal du huske at vende vrangen ud p\u00e5 fodboldtr\u00f8jerne og derefter vaske dem. Fyld maskinen med koldt vand, og brug et sk\u00e5neprogram for bedre at beskytte farverne.<\/p>","protected":false},"excerpt":{"rendered":"<p>Klassiske Azzurri. Italiens hjemmebanetr\u00f8je 2022 fejrer traditionen med bl\u00e5 tr\u00f8jer og str\u00e5lende fodbold. Med gyldne accenter, retro-skrifter og henvisninger til triumferne i 1934, 1938, 1982 og 2006 er forsiden af tr\u00f8jen opdelt i tonale kvadranter for at \u00e6re de fire generationer af verdensmestre. Udskrivningstips: Hvis navnet og de [\u2026]<\/p>","protected":false},"featured_media":8998,"comment_status":"open","ping_status":"closed","template":"","meta":[],"product_brand":[],"product_cat":[316],"product_tag":[20,21,22,23,24,317,318,390],"class_list":{"0":"post-8958","1":"product","2":"type-product","3":"status-publish","4":"has-post-thumbnail","6":"product_cat-italien-trikots","7":"product_tag-coole-fussballtrikots","8":"product_tag-fussballtrikot-fuer-herren","9":"product_tag-fussballtrikot-guenstig-kaufen","10":"product_tag-fussballtrikot-kurzarm","11":"product_tag-guenstiges-fussballtrikot","12":"product_tag-italien-heimtrikot","13":"product_tag-italien-trikots","14":"product_tag-kinder-italien-trikots","16":"first","17":"instock","18":"shipping-taxable","19":"purchasable","20":"product-type-variable"},"_links":{"self":[{"href":"https:\/\/www.billigtrikotde.com\/da\/wp-json\/wp\/v2\/product\/8958","targetHints":{"allow":["GET"]}}],"collection":[{"href":"https:\/\/www.billigtrikotde.com\/da\/wp-json\/wp\/v2\/product"}],"about":[{"href":"https:\/\/www.billigtrikotde.com\/da\/wp-json\/wp\/v2\/types\/product"}],"replies":[{"embeddable":true,"href":"https:\/\/www.billigtrikotde.com\/da\/wp-json\/wp\/v2\/comments?post=8958"}],"wp:featuredmedia":[{"embeddable":true,"href":"https:\/\/www.billigtrikotde.com\/da\/wp-json\/wp\/v2\/media\/8998"}],"wp:attachment":[{"href":"https:\/\/www.billigtrikotde.com\/da\/wp-json\/wp\/v2\/media?parent=8958"}],"wp:term":[{"taxonomy":"product_brand","embeddable":true,"href":"https:\/\/www.billigtrikotde.com\/da\/wp-json\/wp\/v2\/product_brand?post=8958"},{"taxonomy":"product_cat","embeddable":true,"href":"https:\/\/www.billigtrikotde.com\/da\/wp-json\/wp\/v2\/product_cat?post=8958"},{"taxonomy":"product_tag","embeddable":true,"href":"https:\/\/www.billigtrikotde.com\/da\/wp-json\/wp\/v2\/product_tag?post=8958"}],"curies":[{"name":"wp","href":"https:\/\/api.w.org\/{rel}","templated":true}]}}