{"id":8952,"date":"2024-10-24T02:02:39","date_gmt":"2024-10-24T00:02:39","guid":{"rendered":"http:\/\/billigtrikots.com\/?post_type=product&#038;p=8952"},"modified":"2025-10-16T16:03:41","modified_gmt":"2025-10-16T14:03:41","slug":"modric-10-real-madrid-auswaertstrikot-2022-23-trikot-away-lila-fuer-kinder","status":"publish","type":"product","link":"https:\/\/www.billigtrikotde.com\/da\/vare\/modric-10-real-madrid-auswaertstrikot-2022-23-trikot-away-lila-fuer-kinder\/","title":{"rendered":"MODRI\u0106 10 Real Madrid Udebanetr\u00f8je 2022\/23 Udebane Lilla til b\u00f8rn"},"content":{"rendered":"<p>Den lette model i lilla hj\u00e6lper dig med at st\u00f8tte dit hold bedst muligt i n\u00e6ste kamp. adidas har med tr\u00f8jen et meget fremragende produkt i sortimentet. Mere st\u00f8tte er n\u00e6sten ikke muligt! Med denne udebanetr\u00f8je til Real Madrid udvider du din fan-kollektion med en vare, som spillerne i Primera Division b\u00e6rer. Den svedtransporterende, behagelige, lette og \u00e5ndbare model imponerer p\u00e5 alle fronter. Denne tr\u00f8je er den ideelle f\u00f8lgesvend til dine sportslige aktiviteter. Den skiller sig ud visuelt med et klubm\u00e6rke p\u00e5 brystet.<\/p>\n<p>Tips til udskrivning: Hvis navn og nummer p\u00e5 billedet er pr\u00e6cis det, du \u00f8nsker, beh\u00f8ver du ikke at indtaste dem igen. Hvis ikke, skal du indtaste det \u00f8nskede navn og nummer.<\/p>\n<p>Tips til vask: Det anbefales at vaske fodboldtr\u00f8jer i h\u00e5nden. Hvis du vil bruge vaskemaskinen, skal du huske at vende vrangen ud p\u00e5 fodboldtr\u00f8jerne og derefter vaske dem. Fyld maskinen med koldt vand, og brug et sk\u00e5neprogram for bedre at beskytte farverne.<\/p>","protected":false},"excerpt":{"rendered":"<p>Das leichte Modell in Lila hilft dir, dein Team beim n\u00e4chsten Spiel bestens zu unterst\u00fctzen. adidas hat mit dem Trikot ein sehr hervorragendes Produkt im Sortiment. Mehr Unterst\u00fctzung geht kaum! Mit diesem Real Madrid-Ausw\u00e4rts-Trikot erweiterst du deine Fan-Kollektion um einen Artikel, wie ihn die Spieler in der Primera Division tragen. Das schwei\u00dfableitende, bequeme, leichte und [&hellip;]<\/p>","protected":false},"featured_media":8988,"comment_status":"open","ping_status":"closed","template":"","meta":[],"product_brand":[],"product_cat":[165],"product_tag":[20,35,21,22,23,24,94,49,47,166],"class_list":{"0":"post-8952","1":"product","2":"type-product","3":"status-publish","4":"has-post-thumbnail","6":"product_cat-real-madrid-kindertrikot","7":"product_tag-coole-fussballtrikots","8":"product_tag-fussball-torwarttrikots","9":"product_tag-fussballtrikot-fuer-herren","10":"product_tag-fussballtrikot-guenstig-kaufen","11":"product_tag-fussballtrikot-kurzarm","12":"product_tag-guenstiges-fussballtrikot","13":"product_tag-kinder-fussball-trikotsatz","14":"product_tag-real-madrid-auswaertstrikot","15":"product_tag-real-madrid-trikots","16":"product_tag-real-madrid-trikotsatz-fuer-kinder","18":"first","19":"instock","20":"shipping-taxable","21":"purchasable","22":"product-type-variable"},"_links":{"self":[{"href":"https:\/\/www.billigtrikotde.com\/da\/wp-json\/wp\/v2\/product\/8952","targetHints":{"allow":["GET"]}}],"collection":[{"href":"https:\/\/www.billigtrikotde.com\/da\/wp-json\/wp\/v2\/product"}],"about":[{"href":"https:\/\/www.billigtrikotde.com\/da\/wp-json\/wp\/v2\/types\/product"}],"replies":[{"embeddable":true,"href":"https:\/\/www.billigtrikotde.com\/da\/wp-json\/wp\/v2\/comments?post=8952"}],"wp:featuredmedia":[{"embeddable":true,"href":"https:\/\/www.billigtrikotde.com\/da\/wp-json\/wp\/v2\/media\/8988"}],"wp:attachment":[{"href":"https:\/\/www.billigtrikotde.com\/da\/wp-json\/wp\/v2\/media?parent=8952"}],"wp:term":[{"taxonomy":"product_brand","embeddable":true,"href":"https:\/\/www.billigtrikotde.com\/da\/wp-json\/wp\/v2\/product_brand?post=8952"},{"taxonomy":"product_cat","embeddable":true,"href":"https:\/\/www.billigtrikotde.com\/da\/wp-json\/wp\/v2\/product_cat?post=8952"},{"taxonomy":"product_tag","embeddable":true,"href":"https:\/\/www.billigtrikotde.com\/da\/wp-json\/wp\/v2\/product_tag?post=8952"}],"curies":[{"name":"wp","href":"https:\/\/api.w.org\/{rel}","templated":true}]}}