{"id":8902,"date":"2024-10-24T01:59:49","date_gmt":"2024-10-23T23:59:49","guid":{"rendered":"http:\/\/billigtrikots.com\/?post_type=product&#038;p=8902"},"modified":"2024-10-24T02:02:31","modified_gmt":"2024-10-24T00:02:31","slug":"belgien-wm-2022-heimtrikot-rot-schwarz-kurzarm-kurze-hosen-saelemaekers-22","status":"publish","type":"product","link":"https:\/\/www.billigtrikotde.com\/da\/vare\/belgien-wm-2022-heimtrikot-rot-schwarz-kurzarm-kurze-hosen-saelemaekers-22\/","title":{"rendered":"Belgien VM 2022 hjemmebanetr\u00f8je r\u00f8d sort kort\u00e6rmet + shorts SAELEMAEKERS 22"},"content":{"rendered":"<p>Dette hold lover at s\u00e6tte gang i et sandt fodboldfyrv\u00e6rkeri ved verdens st\u00f8rste turnering. Belgiens hjemmebanetr\u00f8je er inspireret af landsholdets k\u00e6lenavn og kommer med r\u00f8de og gule flammer p\u00e5 de sorte \u00e6rmer. Fanversionen har fugtabsorberende AEROREADY og mesh-indsatser, der giver en behagelig t\u00f8r fornemmelse. Derudover udstr\u00e5ler 3-Stripes-logoet og det v\u00e6vede logo fra det belgiske fodboldforbund en moderne stemning.<\/p>\n<p>Tips til udskrivning: Hvis navn og nummer p\u00e5 billedet er pr\u00e6cis det, du \u00f8nsker, beh\u00f8ver du ikke at indtaste dem igen. Hvis ikke, skal du indtaste det \u00f8nskede navn og nummer.<\/p>\n<p>Tips til vask: Det anbefales at vaske fodboldtr\u00f8jer i h\u00e5nden. Hvis du vil bruge vaskemaskinen, skal du huske at vende vrangen ud p\u00e5 fodboldtr\u00f8jerne og derefter vaske dem. Fyld maskinen med koldt vand, og brug et sk\u00e5neprogram for bedre at beskytte farverne.<\/p>","protected":false},"excerpt":{"rendered":"<p>Dette hold lover at s\u00e6tte gang i et sandt fodboldfyrv\u00e6rkeri ved verdens st\u00f8rste turnering. Belgiens hjemmebanetr\u00f8je er inspireret af landsholdets k\u00e6lenavn og kommer med r\u00f8de og gule flammer p\u00e5 de sorte \u00e6rmer. Fanversionen har fugtabsorberende AEROREADY og mesh-indsatser, der giver en behagelig t\u00f8r fornemmelse. Derudover udstr\u00e5ler 3-Stripes-logoet og det v\u00e6vede logo fra det belgiske fodboldforbund en moderne stemning.<\/p>","protected":false},"featured_media":8939,"comment_status":"open","ping_status":"closed","template":"","meta":[],"product_brand":[],"product_cat":[173],"product_tag":[382,120,20,21,22,23,24],"class_list":{"0":"post-8902","1":"product","2":"type-product","3":"status-publish","4":"has-post-thumbnail","6":"product_cat-belgien-trikots","7":"product_tag-belgien-heimtrikot","8":"product_tag-belgien-trikots","9":"product_tag-coole-fussballtrikots","10":"product_tag-fussballtrikot-fuer-herren","11":"product_tag-fussballtrikot-guenstig-kaufen","12":"product_tag-fussballtrikot-kurzarm","13":"product_tag-guenstiges-fussballtrikot","15":"first","16":"instock","17":"shipping-taxable","18":"purchasable","19":"product-type-variable"},"_links":{"self":[{"href":"https:\/\/www.billigtrikotde.com\/da\/wp-json\/wp\/v2\/product\/8902","targetHints":{"allow":["GET"]}}],"collection":[{"href":"https:\/\/www.billigtrikotde.com\/da\/wp-json\/wp\/v2\/product"}],"about":[{"href":"https:\/\/www.billigtrikotde.com\/da\/wp-json\/wp\/v2\/types\/product"}],"replies":[{"embeddable":true,"href":"https:\/\/www.billigtrikotde.com\/da\/wp-json\/wp\/v2\/comments?post=8902"}],"wp:featuredmedia":[{"embeddable":true,"href":"https:\/\/www.billigtrikotde.com\/da\/wp-json\/wp\/v2\/media\/8939"}],"wp:attachment":[{"href":"https:\/\/www.billigtrikotde.com\/da\/wp-json\/wp\/v2\/media?parent=8902"}],"wp:term":[{"taxonomy":"product_brand","embeddable":true,"href":"https:\/\/www.billigtrikotde.com\/da\/wp-json\/wp\/v2\/product_brand?post=8902"},{"taxonomy":"product_cat","embeddable":true,"href":"https:\/\/www.billigtrikotde.com\/da\/wp-json\/wp\/v2\/product_cat?post=8902"},{"taxonomy":"product_tag","embeddable":true,"href":"https:\/\/www.billigtrikotde.com\/da\/wp-json\/wp\/v2\/product_tag?post=8902"}],"curies":[{"name":"wp","href":"https:\/\/api.w.org\/{rel}","templated":true}]}}