{"id":8760,"date":"2024-10-24T01:52:48","date_gmt":"2024-10-23T23:52:48","guid":{"rendered":"http:\/\/billigtrikots.com\/?post_type=product&#038;p=8760"},"modified":"2024-10-24T01:54:56","modified_gmt":"2024-10-23T23:54:56","slug":"kinder-fussball-trikot-spanien-wm-2022-auswaertstrikot-hellblaue-trikotsatz-pedro-10","status":"publish","type":"product","link":"https:\/\/www.billigtrikotde.com\/da\/vare\/kinder-fussball-trikot-spanien-wm-2022-auswaertstrikot-hellblaue-trikotsatz-pedro-10\/","title":{"rendered":"B\u00f8rnefodboldtr\u00f8je Spanien VM 2022 Udebanes\u00e6t Lysebl\u00e5 PEDRO 10"},"content":{"rendered":"<p>Forbedre det udebanetr\u00f8je for det spanske landshold til VM 2022 og bruge de eksisterende elementer. Tr\u00f8jen er lysebl\u00e5 og har et b\u00f8lge- og et linjem\u00f8nster, der begge bruger farveovergange for at skabe indtryk af bev\u00e6gelse, hvor grundfarven blev markant m\u00f8rkere, b\u00f8lgerne blev helt fjernet, og striberne blev forl\u00e6nget. Det spanske flag findes i kanten ved V-halsudsk\u00e6ringen og ved manchetterne.<\/p>\n<p>Tips til udskrivning: Hvis navn og nummer p\u00e5 billedet er pr\u00e6cis det, du \u00f8nsker, beh\u00f8ver du ikke at indtaste dem igen. Hvis ikke, skal du indtaste det \u00f8nskede navn og nummer.<\/p>\n<p>Tips til vask: Det anbefales at vaske fodboldtr\u00f8jer i h\u00e5nden. Hvis du vil bruge vaskemaskinen, skal du huske at vende vrangen ud p\u00e5 fodboldtr\u00f8jerne og derefter vaske dem. Fyld maskinen med koldt vand, og brug et sk\u00e5neprogram for bedre at beskytte farverne.<\/p>","protected":false},"excerpt":{"rendered":"<p>Das Ausw\u00e4rtstrikot der spanischen Nationalmannschaft f\u00fcr die WM 2022 zu verbessern und dabei die vorhandenen Elemente zu verwenden. Das Trikot ist hellblau und hat ein Wellen- und ein Linienmuster, die beide Farbverl\u00e4ufe nutzen, um den Eindruck von Bewegung zu erzeugen.bei dem die Grundfarbe deutlich dunkler wurde, die Wellen ganz entfernt wurden und der Nadelstreifenverlauf verl\u00e4ngert [&hellip;]<\/p>","protected":false},"featured_media":8799,"comment_status":"open","ping_status":"closed","template":"","meta":[],"product_brand":[],"product_cat":[131],"product_tag":[20,21,22,23,24,359],"class_list":{"0":"post-8760","1":"product","2":"type-product","3":"status-publish","4":"has-post-thumbnail","6":"product_cat-spanien-trikots","7":"product_tag-coole-fussballtrikots","8":"product_tag-fussballtrikot-fuer-herren","9":"product_tag-fussballtrikot-guenstig-kaufen","10":"product_tag-fussballtrikot-kurzarm","11":"product_tag-guenstiges-fussballtrikot","12":"product_tag-spanien-wm-2022-auswaertstrikot","14":"first","15":"instock","16":"shipping-taxable","17":"purchasable","18":"product-type-variable"},"_links":{"self":[{"href":"https:\/\/www.billigtrikotde.com\/da\/wp-json\/wp\/v2\/product\/8760","targetHints":{"allow":["GET"]}}],"collection":[{"href":"https:\/\/www.billigtrikotde.com\/da\/wp-json\/wp\/v2\/product"}],"about":[{"href":"https:\/\/www.billigtrikotde.com\/da\/wp-json\/wp\/v2\/types\/product"}],"replies":[{"embeddable":true,"href":"https:\/\/www.billigtrikotde.com\/da\/wp-json\/wp\/v2\/comments?post=8760"}],"wp:featuredmedia":[{"embeddable":true,"href":"https:\/\/www.billigtrikotde.com\/da\/wp-json\/wp\/v2\/media\/8799"}],"wp:attachment":[{"href":"https:\/\/www.billigtrikotde.com\/da\/wp-json\/wp\/v2\/media?parent=8760"}],"wp:term":[{"taxonomy":"product_brand","embeddable":true,"href":"https:\/\/www.billigtrikotde.com\/da\/wp-json\/wp\/v2\/product_brand?post=8760"},{"taxonomy":"product_cat","embeddable":true,"href":"https:\/\/www.billigtrikotde.com\/da\/wp-json\/wp\/v2\/product_cat?post=8760"},{"taxonomy":"product_tag","embeddable":true,"href":"https:\/\/www.billigtrikotde.com\/da\/wp-json\/wp\/v2\/product_tag?post=8760"}],"curies":[{"name":"wp","href":"https:\/\/api.w.org\/{rel}","templated":true}]}}