{"id":8696,"date":"2024-10-24T01:49:48","date_gmt":"2024-10-23T23:49:48","guid":{"rendered":"http:\/\/billigtrikots.com\/?post_type=product&#038;p=8696"},"modified":"2024-10-24T01:52:02","modified_gmt":"2024-10-23T23:52:02","slug":"herren-spanien-wm-2022-heimtrikot-teampower-rot-kurzarm-kurze-hosen-casillas-1","status":"publish","type":"product","link":"https:\/\/www.billigtrikotde.com\/da\/vare\/herren-spanien-wm-2022-heimtrikot-teampower-rot-kurzarm-kurze-hosen-casillas-1\/","title":{"rendered":"Herrer Spanien VM 2022 Hjemme-tr\u00f8je Teampower R\u00f8d Kort\u00e6rmet + Shorts CASILLAS 1"},"content":{"rendered":"<p>\u00c9t land, \u00e9t hold, \u00e9t f\u00e6lles m\u00e5l: den n\u00e6ste titel. Denne tidl\u00f8se hjemmebanetr\u00f8je er spr\u00e6ngfyldt med Spaniens umiskendelige fodbold-DNA og kommer i de typiske r\u00f8de holdfarver. Det spanske fodboldforbunds v\u00e6vede logo og 3-Stripes-logoet p\u00e5 brystet fuldender designet. Derudover sikrer den fugtabsorberende AEROREADY-teknologi en behagelig pasform, n\u00e5r fansene hepper p\u00e5 den st\u00f8rste fodboldbegivenhed i verden.<br \/>\nUdvid din Spanien-samling med den hjemmebanetr\u00f8je, som spillerne bar ved VM. Vi anbefaler denne svedtransporterende, superkomfortable og \u00e5ndbare model med en behagelig fornemmelse. Denne tr\u00f8je er ideel til at forberede dig p\u00e5 din n\u00e6ste modstander. Den skiller sig visuelt ud med et foreningslogo p\u00e5 brystet.<\/p>\n<p>Tips til udskrivning: Hvis navn og nummer p\u00e5 billedet er pr\u00e6cis det, du \u00f8nsker, beh\u00f8ver du ikke at indtaste dem igen. Hvis ikke, skal du indtaste det \u00f8nskede navn og nummer.<\/p>\n<p>Tips til vask: Det anbefales at vaske fodboldtr\u00f8jer i h\u00e5nden. Hvis du vil bruge vaskemaskinen, skal du huske at vende vrangen ud p\u00e5 fodboldtr\u00f8jerne og derefter vaske dem. Fyld maskinen med koldt vand, og brug et sk\u00e5neprogram for bedre at beskytte farverne.<\/p>","protected":false},"excerpt":{"rendered":"<p>Et land, et hold, et f\u00e6lles m\u00e5l: den n\u00e6ste titel. Denne tidl\u00f8se hjemmetr\u00f8je emmer af Spaniens karakteristiske fodbold-DNA og kommer i de typiske r\u00f8de holdfarver. Det v\u00e6vede logo af den spanske fodboldforening og 3-stripes logoet p\u00e5 brystet g\u00f8r designet perfekt. Derudover sikrer den svedabsorberende AEROREADY-teknologi en behagelig b\u00e6reoplevelse, n\u00e5r [\u2026]<\/p>","protected":false},"featured_media":8737,"comment_status":"open","ping_status":"closed","template":"","meta":[],"product_brand":[],"product_cat":[131],"product_tag":[20,21,22,23,24,385,386],"class_list":{"0":"post-8696","1":"product","2":"type-product","3":"status-publish","4":"has-post-thumbnail","6":"product_cat-spanien-trikots","7":"product_tag-coole-fussballtrikots","8":"product_tag-fussballtrikot-fuer-herren","9":"product_tag-fussballtrikot-guenstig-kaufen","10":"product_tag-fussballtrikot-kurzarm","11":"product_tag-guenstiges-fussballtrikot","12":"product_tag-herren-spanien-trikot","13":"product_tag-spanien-wm-2022-heimtrikot","15":"first","16":"instock","17":"shipping-taxable","18":"purchasable","19":"product-type-variable"},"_links":{"self":[{"href":"https:\/\/www.billigtrikotde.com\/da\/wp-json\/wp\/v2\/product\/8696","targetHints":{"allow":["GET"]}}],"collection":[{"href":"https:\/\/www.billigtrikotde.com\/da\/wp-json\/wp\/v2\/product"}],"about":[{"href":"https:\/\/www.billigtrikotde.com\/da\/wp-json\/wp\/v2\/types\/product"}],"replies":[{"embeddable":true,"href":"https:\/\/www.billigtrikotde.com\/da\/wp-json\/wp\/v2\/comments?post=8696"}],"wp:featuredmedia":[{"embeddable":true,"href":"https:\/\/www.billigtrikotde.com\/da\/wp-json\/wp\/v2\/media\/8737"}],"wp:attachment":[{"href":"https:\/\/www.billigtrikotde.com\/da\/wp-json\/wp\/v2\/media?parent=8696"}],"wp:term":[{"taxonomy":"product_brand","embeddable":true,"href":"https:\/\/www.billigtrikotde.com\/da\/wp-json\/wp\/v2\/product_brand?post=8696"},{"taxonomy":"product_cat","embeddable":true,"href":"https:\/\/www.billigtrikotde.com\/da\/wp-json\/wp\/v2\/product_cat?post=8696"},{"taxonomy":"product_tag","embeddable":true,"href":"https:\/\/www.billigtrikotde.com\/da\/wp-json\/wp\/v2\/product_tag?post=8696"}],"curies":[{"name":"wp","href":"https:\/\/api.w.org\/{rel}","templated":true}]}}