{"id":8646,"date":"2024-10-24T01:47:22","date_gmt":"2024-10-23T23:47:22","guid":{"rendered":"http:\/\/billigtrikots.com\/?post_type=product&#038;p=8646"},"modified":"2024-10-24T01:49:39","modified_gmt":"2024-10-23T23:49:39","slug":"kindertrikot-brasilien-wm-2022-auswaertstrikot-blaue-weiss-mit-aufdruck-ronaldinho-10","status":"publish","type":"product","link":"https:\/\/www.billigtrikotde.com\/da\/vare\/kindertrikot-brasilien-wm-2022-auswaertstrikot-blaue-weiss-mit-aufdruck-ronaldinho-10\/","title":{"rendered":"B\u00f8rnes\u00e6t Brasilien 2022 VM udebane bl\u00e5 hvid med tryk RONALDINHO 10"},"content":{"rendered":"<p>Dette er udebanetr\u00f8jen til fodboldverdensmesterskabet Brasilien 2022 fra Nike. Nike Brasilien 2022 World Cup udebanetr\u00f8jen kombinerer en bl\u00e5 grundfarve med en lysegr\u00f8n Swoosh. De officielle farver er \u201eParamount Blue\/Dynamic Yellow\/Green Spark\u201c.<\/p>\n<p>Tips til udskrivning: Hvis navn og nummer p\u00e5 billedet er pr\u00e6cis det, du \u00f8nsker, beh\u00f8ver du ikke at indtaste dem igen. Hvis ikke, skal du indtaste det \u00f8nskede navn og nummer.<\/p>\n<p>Tips til vask: Det anbefales at vaske fodboldtr\u00f8jer i h\u00e5nden. Hvis du vil bruge vaskemaskinen, skal du huske at vende vrangen ud p\u00e5 fodboldtr\u00f8jerne og derefter vaske dem. Fyld maskinen med koldt vand, og brug et sk\u00e5neprogram for bedre at beskytte farverne.<\/p>","protected":false},"excerpt":{"rendered":"<p>Dies ist das Ausw\u00e4rtstrikot der Fu\u00dfballweltmeisterschaft Brasilien 2022 von Nike.Das Nike Brasilien 2022 World Cup Ausw\u00e4rtstrikot kombiniert eine blaue Grundfarbe mit hellgr\u00fcnem Swoosh. Die offiziellen Farben sind \u201eParamount Blue\/Dynamic Yellow\/Green Spark\u201c. Tipps zum Drucken: Wenn der Name und die Nummer auf dem Bild genau Ihren W\u00fcnschen entsprechen, m\u00fcssen Sie sie nicht erneut eingeben. Wenn nicht, [&hellip;]<\/p>","protected":false},"featured_media":8680,"comment_status":"open","ping_status":"closed","template":"","meta":[],"product_brand":[],"product_cat":[112],"product_tag":[20,210,114,222,21,22,23,24],"class_list":{"0":"post-8646","1":"product","2":"type-product","3":"status-publish","4":"has-post-thumbnail","6":"product_cat-brasilien-trikots","7":"product_tag-coole-fussballtrikots","8":"product_tag-brasilien-auswaertstrikot","9":"product_tag-brasilien-trikots","10":"product_tag-fussball-wm-2022-trikots","11":"product_tag-fussballtrikot-fuer-herren","12":"product_tag-fussballtrikot-guenstig-kaufen","13":"product_tag-fussballtrikot-kurzarm","14":"product_tag-guenstiges-fussballtrikot","16":"first","17":"instock","18":"shipping-taxable","19":"purchasable","20":"product-type-variable"},"_links":{"self":[{"href":"https:\/\/www.billigtrikotde.com\/da\/wp-json\/wp\/v2\/product\/8646","targetHints":{"allow":["GET"]}}],"collection":[{"href":"https:\/\/www.billigtrikotde.com\/da\/wp-json\/wp\/v2\/product"}],"about":[{"href":"https:\/\/www.billigtrikotde.com\/da\/wp-json\/wp\/v2\/types\/product"}],"replies":[{"embeddable":true,"href":"https:\/\/www.billigtrikotde.com\/da\/wp-json\/wp\/v2\/comments?post=8646"}],"wp:featuredmedia":[{"embeddable":true,"href":"https:\/\/www.billigtrikotde.com\/da\/wp-json\/wp\/v2\/media\/8680"}],"wp:attachment":[{"href":"https:\/\/www.billigtrikotde.com\/da\/wp-json\/wp\/v2\/media?parent=8646"}],"wp:term":[{"taxonomy":"product_brand","embeddable":true,"href":"https:\/\/www.billigtrikotde.com\/da\/wp-json\/wp\/v2\/product_brand?post=8646"},{"taxonomy":"product_cat","embeddable":true,"href":"https:\/\/www.billigtrikotde.com\/da\/wp-json\/wp\/v2\/product_cat?post=8646"},{"taxonomy":"product_tag","embeddable":true,"href":"https:\/\/www.billigtrikotde.com\/da\/wp-json\/wp\/v2\/product_tag?post=8646"}],"curies":[{"name":"wp","href":"https:\/\/api.w.org\/{rel}","templated":true}]}}