{"id":860,"date":"2024-10-23T13:06:47","date_gmt":"2024-10-23T11:06:47","guid":{"rendered":"http:\/\/billigtrikots.com\/?post_type=product&#038;p=860"},"modified":"2024-10-23T13:09:12","modified_gmt":"2024-10-23T11:09:12","slug":"real-madrid-herren-auswaertstrikot-2022-blau-weiss-mit-aufdruck-courtois-1","status":"publish","type":"product","link":"https:\/\/www.billigtrikotde.com\/da\/vare\/real-madrid-herren-auswaertstrikot-2022-blau-weiss-mit-aufdruck-courtois-1\/","title":{"rendered":"Real Madrid udebanetr\u00f8je til m\u00e6nd 2022 bl\u00e5\/hvid med Courtois 1-print"},"content":{"rendered":"<p>Ikke kun Real Madrid-professionelle g\u00f8r livet i den spanske hovedstad mere farverigt. Denne a-didas fodboldtr\u00f8je er inspireret af graffiti fra streetart-scenen i Madrid. Det beviser ogs\u00e5 de diskrete detaljer \u2013 en af dem er i nakkeomr\u00e5det. For en behagelig og t\u00f8r oplevelse er det bl\u00f8de materiale desuden udstyret med fugtabsorberende AEROREADY-teknologi.<\/p>\n<p>Tips til udskrivning: Hvis navn og nummer p\u00e5 billedet er pr\u00e6cis det, du \u00f8nsker, beh\u00f8ver du ikke at indtaste dem igen. Hvis ikke, skal du indtaste det \u00f8nskede navn og nummer.<\/p>\n<p>Tips til vask: Det anbefales at vaske fodboldtr\u00f8jer i h\u00e5nden. Hvis du vil bruge vaskemaskinen, skal du huske at vende vrangen ud p\u00e5 fodboldtr\u00f8jerne og derefter vaske dem. Fyld maskinen med koldt vand, og brug et sk\u00e5neprogram for bedre at beskytte farverne.<\/p>","protected":false},"excerpt":{"rendered":"<p>Ikke kun Real Madrid-professionelle g\u00f8r livet i den spanske hovedstad mere farverigt. Denne a-didas fodboldtr\u00f8je er inspireret af graffiti fra streetart-scenen i Madrid. Det beviser ogs\u00e5 de diskrete detaljer \u2013 en af dem er i nakkeomr\u00e5det. For en behagelig og t\u00f8r oplevelse er det bl\u00f8de materiale desuden udstyret med fugtabsorberende AEROREADY-teknologi.<\/p>","protected":false},"featured_media":908,"comment_status":"open","ping_status":"closed","template":"","meta":[],"product_brand":[],"product_cat":[45],"product_tag":[20,21,22,23,24,49,47],"class_list":{"0":"post-860","1":"product","2":"type-product","3":"status-publish","4":"has-post-thumbnail","6":"product_cat-real-madrid","7":"product_tag-coole-fussballtrikots","8":"product_tag-fussballtrikot-fuer-herren","9":"product_tag-fussballtrikot-guenstig-kaufen","10":"product_tag-fussballtrikot-kurzarm","11":"product_tag-guenstiges-fussballtrikot","12":"product_tag-real-madrid-auswaertstrikot","13":"product_tag-real-madrid-trikots","15":"first","16":"instock","17":"shipping-taxable","18":"purchasable","19":"product-type-variable"},"_links":{"self":[{"href":"https:\/\/www.billigtrikotde.com\/da\/wp-json\/wp\/v2\/product\/860","targetHints":{"allow":["GET"]}}],"collection":[{"href":"https:\/\/www.billigtrikotde.com\/da\/wp-json\/wp\/v2\/product"}],"about":[{"href":"https:\/\/www.billigtrikotde.com\/da\/wp-json\/wp\/v2\/types\/product"}],"replies":[{"embeddable":true,"href":"https:\/\/www.billigtrikotde.com\/da\/wp-json\/wp\/v2\/comments?post=860"}],"wp:featuredmedia":[{"embeddable":true,"href":"https:\/\/www.billigtrikotde.com\/da\/wp-json\/wp\/v2\/media\/908"}],"wp:attachment":[{"href":"https:\/\/www.billigtrikotde.com\/da\/wp-json\/wp\/v2\/media?parent=860"}],"wp:term":[{"taxonomy":"product_brand","embeddable":true,"href":"https:\/\/www.billigtrikotde.com\/da\/wp-json\/wp\/v2\/product_brand?post=860"},{"taxonomy":"product_cat","embeddable":true,"href":"https:\/\/www.billigtrikotde.com\/da\/wp-json\/wp\/v2\/product_cat?post=860"},{"taxonomy":"product_tag","embeddable":true,"href":"https:\/\/www.billigtrikotde.com\/da\/wp-json\/wp\/v2\/product_tag?post=860"}],"curies":[{"name":"wp","href":"https:\/\/api.w.org\/{rel}","templated":true}]}}