{"id":8598,"date":"2024-10-24T01:45:00","date_gmt":"2024-10-23T23:45:00","guid":{"rendered":"http:\/\/billigtrikots.com\/?post_type=product&#038;p=8598"},"modified":"2024-10-24T01:47:15","modified_gmt":"2024-10-23T23:47:15","slug":"herren-manchester-city-3rd-trikot-2022-23-gelb-fluo-fussballtrikots-set","status":"publish","type":"product","link":"https:\/\/www.billigtrikotde.com\/da\/vare\/herren-manchester-city-3rd-trikot-2022-23-gelb-fluo-fussballtrikots-set\/","title":{"rendered":"Manchester City 3. tr\u00f8je 2022\/23 gul fluo fodboldtr\u00f8je s\u00e6t til m\u00e6nd"},"content":{"rendered":"<p>Den globale sportsvirksomhed PUMA har pr\u00e6senteret Manchester Citys hjemme-\/udskiftningstr\u00f8je 2022\/23 som en del af sin allerf\u00f8rste introduktion af Metaverse-tr\u00f8jer. Det livlige nye s\u00e6t blev afsl\u00f8ret f\u00f8rste gang p\u00e5 Roblox og gav spillerne mulighed for at udforske og interagere med det nye s\u00e6t i PUMA-oplevelsen og landet for spillet. Det nye udskiftnings-tr\u00f8je, der blev afsl\u00f8ret i oplevelsen, fejrer Manchester's kreativitet med en Fizzy Light- og Parisian Night-farvepalette med dristige detaljer, der er inspireret af byens gadekunst.<br \/>\nDet s\u00e6rlige Metaverse-arrangement tilbyder en Manchester City-reskin af den aktuelle lobby og stadion i PUMA og landet for spillet, og kun i en begr\u00e6nset periode vil oplevelsen indeholde Manchester City's hjemme- og udskiftnings-tr\u00f8jer. Arrangementet vil ogs\u00e5 medbringe nye merchandise-varer skabt af f\u00e6llesskabet, nye in-Experience-artikler, Lag-delte t\u00f8j-artikler og opdateringer af f\u00f8rte aktiviteter. Som en del af lanceringen vil der mellem Man City's Blue Moon-oplevelse p\u00e5 Roblox \u00e5bnes et portal, der giver bes\u00f8gende mulighed for at f\u00e5 en gratis genstand ved bes\u00f8g af begge oplevelser.<\/p>\n<p>Tips til udskrivning: Hvis navn og nummer p\u00e5 billedet er pr\u00e6cis det, du \u00f8nsker, beh\u00f8ver du ikke at indtaste dem igen. Hvis ikke, skal du indtaste det \u00f8nskede navn og nummer.<\/p>\n<p>Tips til vask: Det anbefales at vaske fodboldtr\u00f8jer i h\u00e5nden. Hvis du vil bruge vaskemaskinen, skal du huske at vende vrangen ud p\u00e5 fodboldtr\u00f8jerne og derefter vaske dem. Fyld maskinen med koldt vand, og brug et sk\u00e5neprogram for bedre at beskytte farverne.<\/p>","protected":false},"excerpt":{"rendered":"<p>Das globale Sportunternehmen PUMA hat das Manchester-City-Ausweichtrikot 2022\/23 im Rahmen seiner allerersten Einf\u00fchrung von Metaverse-Trikots vorgestellt. Das lebhafte neue Kit wurde zum ersten Mal auf Roblox enth\u00fcllt und gab den Spielern die M\u00f6glichkeit, das neue Kit in der Erfahrung von PUMA und dem Land der Spiele zu erkunden und mit ihm zu interagieren. Das neue [&hellip;]<\/p>","protected":false},"featured_media":8632,"comment_status":"open","ping_status":"closed","template":"","meta":[],"product_brand":[],"product_cat":[82],"product_tag":[20,21,22,24,334,273,337,84],"class_list":{"0":"post-8598","1":"product","2":"type-product","3":"status-publish","4":"has-post-thumbnail","6":"product_cat-manchester-city","7":"product_tag-coole-fussballtrikots","8":"product_tag-fussballtrikot-fuer-herren","9":"product_tag-fussballtrikot-guenstig-kaufen","10":"product_tag-guenstiges-fussballtrikot","11":"product_tag-manchester-city-torwarttrikot","12":"product_tag-manchester-city-trikot-22-23","13":"product_tag-manchester-city-trikot-away","14":"product_tag-manchester-city-trikots","16":"first","17":"instock","18":"shipping-taxable","19":"purchasable","20":"product-type-variable"},"_links":{"self":[{"href":"https:\/\/www.billigtrikotde.com\/da\/wp-json\/wp\/v2\/product\/8598","targetHints":{"allow":["GET"]}}],"collection":[{"href":"https:\/\/www.billigtrikotde.com\/da\/wp-json\/wp\/v2\/product"}],"about":[{"href":"https:\/\/www.billigtrikotde.com\/da\/wp-json\/wp\/v2\/types\/product"}],"replies":[{"embeddable":true,"href":"https:\/\/www.billigtrikotde.com\/da\/wp-json\/wp\/v2\/comments?post=8598"}],"wp:featuredmedia":[{"embeddable":true,"href":"https:\/\/www.billigtrikotde.com\/da\/wp-json\/wp\/v2\/media\/8632"}],"wp:attachment":[{"href":"https:\/\/www.billigtrikotde.com\/da\/wp-json\/wp\/v2\/media?parent=8598"}],"wp:term":[{"taxonomy":"product_brand","embeddable":true,"href":"https:\/\/www.billigtrikotde.com\/da\/wp-json\/wp\/v2\/product_brand?post=8598"},{"taxonomy":"product_cat","embeddable":true,"href":"https:\/\/www.billigtrikotde.com\/da\/wp-json\/wp\/v2\/product_cat?post=8598"},{"taxonomy":"product_tag","embeddable":true,"href":"https:\/\/www.billigtrikotde.com\/da\/wp-json\/wp\/v2\/product_tag?post=8598"}],"curies":[{"name":"wp","href":"https:\/\/api.w.org\/{rel}","templated":true}]}}