{"id":8552,"date":"2024-10-24T01:42:39","date_gmt":"2024-10-23T23:42:39","guid":{"rendered":"http:\/\/billigtrikots.com\/?post_type=product&#038;p=8552"},"modified":"2024-10-24T01:44:54","modified_gmt":"2024-10-23T23:44:54","slug":"herren-manchester-city-trikot-away-2022-2023-schwarz-rot-mit-aufdruck-bernardo-20","status":"publish","type":"product","link":"https:\/\/www.billigtrikotde.com\/da\/vare\/herren-manchester-city-trikot-away-2022-2023-schwarz-rot-mit-aufdruck-bernardo-20\/","title":{"rendered":"Manchester City udebanetr\u00f8je til m\u00e6nd 2022\/2023 sort r\u00f8d med tryk BERNARDO 20"},"content":{"rendered":"<p>Byen har lavet et show. Da klasse fra 1969 gik ud p\u00e5 gaden, skabte de opm\u00e6rksomhed med deres frygtl\u00f8se, teknisk dygtige fodbold \u2013 og deres modige og brillante nye udebanetr\u00f8je. De vertikale striber i r\u00f8d og sort, designet af den legendariske Malcolm Allison, viste sig at v\u00e6re vindende ved FA Cup-finalen i 1969 og i slutspillet af Ligacupen og Europacupen for mesterhold i 1970 og fortjente deres plads blandt de absolutte fansfavoritter. S\u00e6sonen 2022\/23 for Manchester City F.C. Udebanetr\u00f8jen giver et klassisk design ny energi. For f\u00f8rste gang flyder r\u00f8de og sorte striber skr\u00e5t over tr\u00f8jen, inspireret af klubbens v\u00e5benskjold og fremstillingen af de tre floder i Manchester.<\/p>\n<p>Tips til udskrivning: Hvis navn og nummer p\u00e5 billedet er pr\u00e6cis det, du \u00f8nsker, beh\u00f8ver du ikke at indtaste dem igen. Hvis ikke, skal du indtaste det \u00f8nskede navn og nummer.<\/p>\n<p>Tips til vask: Det anbefales at vaske fodboldtr\u00f8jer i h\u00e5nden. Hvis du vil bruge vaskemaskinen, skal du huske at vende vrangen ud p\u00e5 fodboldtr\u00f8jerne og derefter vaske dem. Fyld maskinen med koldt vand, og brug et sk\u00e5neprogram for bedre at beskytte farverne.<\/p>","protected":false},"excerpt":{"rendered":"<p>Die Stadt hat eine Show abgezogen. Als die Klasse von 1969 auf die Stra\u00dfe ging, sorgte sie mit ihrem furchtlosen, technisch versierten Fu\u00dfball f\u00fcr Aufsehen \u2013 und ihrem mutigen und brillanten neuen Ausw\u00e4rtstrikot. Die vom legend\u00e4ren Malcolm Allison entworfenen vertikalen Streifen in Rot und Schwarz erwiesen sich beim FA Cup-Finale 1969 und den Endspielen des [&hellip;]<\/p>","protected":false},"featured_media":8593,"comment_status":"open","ping_status":"closed","template":"","meta":[],"product_brand":[],"product_cat":[82],"product_tag":[20,21,22,333,24,334,273,337,84],"class_list":{"0":"post-8552","1":"product","2":"type-product","3":"status-publish","4":"has-post-thumbnail","6":"product_cat-manchester-city","7":"product_tag-coole-fussballtrikots","8":"product_tag-fussballtrikot-fuer-herren","9":"product_tag-fussballtrikot-guenstig-kaufen","10":"product_tag-fussballtrikot-langaermeliges","11":"product_tag-guenstiges-fussballtrikot","12":"product_tag-manchester-city-torwarttrikot","13":"product_tag-manchester-city-trikot-22-23","14":"product_tag-manchester-city-trikot-away","15":"product_tag-manchester-city-trikots","17":"first","18":"instock","19":"shipping-taxable","20":"purchasable","21":"product-type-variable"},"_links":{"self":[{"href":"https:\/\/www.billigtrikotde.com\/da\/wp-json\/wp\/v2\/product\/8552","targetHints":{"allow":["GET"]}}],"collection":[{"href":"https:\/\/www.billigtrikotde.com\/da\/wp-json\/wp\/v2\/product"}],"about":[{"href":"https:\/\/www.billigtrikotde.com\/da\/wp-json\/wp\/v2\/types\/product"}],"replies":[{"embeddable":true,"href":"https:\/\/www.billigtrikotde.com\/da\/wp-json\/wp\/v2\/comments?post=8552"}],"wp:featuredmedia":[{"embeddable":true,"href":"https:\/\/www.billigtrikotde.com\/da\/wp-json\/wp\/v2\/media\/8593"}],"wp:attachment":[{"href":"https:\/\/www.billigtrikotde.com\/da\/wp-json\/wp\/v2\/media?parent=8552"}],"wp:term":[{"taxonomy":"product_brand","embeddable":true,"href":"https:\/\/www.billigtrikotde.com\/da\/wp-json\/wp\/v2\/product_brand?post=8552"},{"taxonomy":"product_cat","embeddable":true,"href":"https:\/\/www.billigtrikotde.com\/da\/wp-json\/wp\/v2\/product_cat?post=8552"},{"taxonomy":"product_tag","embeddable":true,"href":"https:\/\/www.billigtrikotde.com\/da\/wp-json\/wp\/v2\/product_tag?post=8552"}],"curies":[{"name":"wp","href":"https:\/\/api.w.org\/{rel}","templated":true}]}}