{"id":8532,"date":"2024-10-24T01:41:30","date_gmt":"2024-10-23T23:41:30","guid":{"rendered":"http:\/\/billigtrikots.com\/?post_type=product&#038;p=8532"},"modified":"2024-10-24T01:43:42","modified_gmt":"2024-10-23T23:43:42","slug":"herren-croatia-2022-world-cup-auswaertstrikot-blackened-blue-trikotsatz-kit","status":"publish","type":"product","link":"https:\/\/www.billigtrikotde.com\/da\/vare\/herren-croatia-2022-world-cup-auswaertstrikot-blackened-blue-trikotsatz-kit\/","title":{"rendered":"Herre Kroatien 2022 VM Udebanetr\u00f8je sortbl\u00e5 tr\u00f8jes\u00e6t kit"},"content":{"rendered":"<p>Dette er Nike Kroatien udejumptr\u00f8jen til VM 2022 i Qatar. Nike Kroatien 2022 VM udejumptr\u00f8jen har en typisk farvekombination for Kroatiens udehold \u2013 den kombinerer en m\u00f8rk marinebl\u00e5 bundfarve med lysebl\u00e5 grafiske elementer og r\u00f8de logoer. Officielt er farverne \u201eBlackened Blue \/ University Red\u201c.<\/p>\n<p>Tips til udskrivning: Hvis navn og nummer p\u00e5 billedet er pr\u00e6cis det, du \u00f8nsker, beh\u00f8ver du ikke at indtaste dem igen. Hvis ikke, skal du indtaste det \u00f8nskede navn og nummer.<\/p>\n<p>Tips til vask: Det anbefales at vaske fodboldtr\u00f8jer i h\u00e5nden. Hvis du vil bruge vaskemaskinen, skal du huske at vende vrangen ud p\u00e5 fodboldtr\u00f8jerne og derefter vaske dem. Fyld maskinen med koldt vand, og brug et sk\u00e5neprogram for bedre at beskytte farverne.<\/p>","protected":false},"excerpt":{"rendered":"<p>Dies ist das Nike Kroatien Ausw\u00e4rtstrikot f\u00fcr die Weltmeisterschaft 2022 in Katar.Das Nike Croatia 2022 World Cup Ausw\u00e4rtstrikot hat eine typische Farbkombination f\u00fcr Kroatiens Ausw\u00e4rtstrikots \u2013 es kombiniert eine dunkle marineblaue Grundfarbe mit hellblauen Grafikelementen und roten Logos. Offiziell sind die Farben \u201eBlackened Blue \/ University Red\u201c. Tipps zum Drucken: Wenn der Name und die [\u2026]<\/p>","protected":false},"featured_media":8571,"comment_status":"open","ping_status":"closed","template":"","meta":[],"product_brand":[],"product_cat":[261],"product_tag":[20,35,21,22,23,24,380,263,264],"class_list":{"0":"post-8532","1":"product","2":"type-product","3":"status-publish","4":"has-post-thumbnail","6":"product_cat-kroatien-trikots","7":"product_tag-coole-fussballtrikots","8":"product_tag-fussball-torwarttrikots","9":"product_tag-fussballtrikot-fuer-herren","10":"product_tag-fussballtrikot-guenstig-kaufen","11":"product_tag-fussballtrikot-kurzarm","12":"product_tag-guenstiges-fussballtrikot","13":"product_tag-kroatien-2022-wm-auswaertstrikot","14":"product_tag-kroatien-trikot-herren","15":"product_tag-kroatien-trikots","17":"first","18":"instock","19":"shipping-taxable","20":"purchasable","21":"product-type-variable"},"_links":{"self":[{"href":"https:\/\/www.billigtrikotde.com\/da\/wp-json\/wp\/v2\/product\/8532","targetHints":{"allow":["GET"]}}],"collection":[{"href":"https:\/\/www.billigtrikotde.com\/da\/wp-json\/wp\/v2\/product"}],"about":[{"href":"https:\/\/www.billigtrikotde.com\/da\/wp-json\/wp\/v2\/types\/product"}],"replies":[{"embeddable":true,"href":"https:\/\/www.billigtrikotde.com\/da\/wp-json\/wp\/v2\/comments?post=8532"}],"wp:featuredmedia":[{"embeddable":true,"href":"https:\/\/www.billigtrikotde.com\/da\/wp-json\/wp\/v2\/media\/8571"}],"wp:attachment":[{"href":"https:\/\/www.billigtrikotde.com\/da\/wp-json\/wp\/v2\/media?parent=8532"}],"wp:term":[{"taxonomy":"product_brand","embeddable":true,"href":"https:\/\/www.billigtrikotde.com\/da\/wp-json\/wp\/v2\/product_brand?post=8532"},{"taxonomy":"product_cat","embeddable":true,"href":"https:\/\/www.billigtrikotde.com\/da\/wp-json\/wp\/v2\/product_cat?post=8532"},{"taxonomy":"product_tag","embeddable":true,"href":"https:\/\/www.billigtrikotde.com\/da\/wp-json\/wp\/v2\/product_tag?post=8532"}],"curies":[{"name":"wp","href":"https:\/\/api.w.org\/{rel}","templated":true}]}}