{"id":8528,"date":"2024-10-24T01:41:27","date_gmt":"2024-10-23T23:41:27","guid":{"rendered":"http:\/\/billigtrikots.com\/?post_type=product&#038;p=8528"},"modified":"2024-10-24T01:43:41","modified_gmt":"2024-10-23T23:43:41","slug":"england-auswaertstrikots-fuer-die-fussball-weltmeisterschaft-2022-rot-fussballtrikots-guenstig","status":"publish","type":"product","link":"https:\/\/www.billigtrikotde.com\/da\/vare\/england-auswaertstrikots-fuer-die-fussball-weltmeisterschaft-2022-rot-fussballtrikots-guenstig\/","title":{"rendered":"England udebanetr\u00f8jer til fodbold-VM 2022 r\u00f8d fodboldtr\u00f8jer Billige"},"content":{"rendered":"<p>Dies ist das Nike England 2022 World Cup Ausw\u00e4rtstrikot.Das Nike England National Football Team 2022 Ausw\u00e4rtstrikot ist rot, kombiniert mit marineblauen und hellblauen Logos und Designelementen. Es ist das erste haupts\u00e4chlich rote England-Ausw\u00e4rtstrikot seit der Weltmeisterschaft 2018.Rote Hosen und Stutzen vervollst\u00e4ndigen das England 2022 World Cup Ausw\u00e4rtstrikot von Nike.<\/p>\n<p>Tips til udskrivning: Hvis navn og nummer p\u00e5 billedet er pr\u00e6cis det, du \u00f8nsker, beh\u00f8ver du ikke at indtaste dem igen. Hvis ikke, skal du indtaste det \u00f8nskede navn og nummer.<\/p>\n<p>Tips til vask: Det anbefales at vaske fodboldtr\u00f8jer i h\u00e5nden. Hvis du vil bruge vaskemaskinen, skal du huske at vende vrangen ud p\u00e5 fodboldtr\u00f8jerne og derefter vaske dem. Fyld maskinen med koldt vand, og brug et sk\u00e5neprogram for bedre at beskytte farverne.<\/p>","protected":false},"excerpt":{"rendered":"<p>Dette er Nike England 2022 VM udebanetr\u00f8je. Nike England National Fodboldhold 2022 udebanetr\u00f8je er r\u00f8d, kombineret med marinebl\u00e5 og lysebl\u00e5 logoer og designelementer. Det er den f\u00f8rste hovedsageligt r\u00f8de England-udebrantr\u00f8je siden VM 2018. R\u00f8de bukser og str\u00f8mper fuldender Nike England 2022 VM udebanetr\u00f8je. Tips til udskrivning: N\u00e5r navnet [\u2026]<\/p>","protected":false},"featured_media":8569,"comment_status":"open","ping_status":"closed","template":"","meta":[],"product_brand":[],"product_cat":[115],"product_tag":[20,379,21,22,23,24],"class_list":{"0":"post-8528","1":"product","2":"type-product","3":"status-publish","4":"has-post-thumbnail","6":"product_cat-england-trikots","7":"product_tag-coole-fussballtrikots","8":"product_tag-england-wm-2022-auswaertstrikot","9":"product_tag-fussballtrikot-fuer-herren","10":"product_tag-fussballtrikot-guenstig-kaufen","11":"product_tag-fussballtrikot-kurzarm","12":"product_tag-guenstiges-fussballtrikot","14":"first","15":"instock","16":"shipping-taxable","17":"purchasable","18":"product-type-variable"},"_links":{"self":[{"href":"https:\/\/www.billigtrikotde.com\/da\/wp-json\/wp\/v2\/product\/8528","targetHints":{"allow":["GET"]}}],"collection":[{"href":"https:\/\/www.billigtrikotde.com\/da\/wp-json\/wp\/v2\/product"}],"about":[{"href":"https:\/\/www.billigtrikotde.com\/da\/wp-json\/wp\/v2\/types\/product"}],"replies":[{"embeddable":true,"href":"https:\/\/www.billigtrikotde.com\/da\/wp-json\/wp\/v2\/comments?post=8528"}],"wp:featuredmedia":[{"embeddable":true,"href":"https:\/\/www.billigtrikotde.com\/da\/wp-json\/wp\/v2\/media\/8569"}],"wp:attachment":[{"href":"https:\/\/www.billigtrikotde.com\/da\/wp-json\/wp\/v2\/media?parent=8528"}],"wp:term":[{"taxonomy":"product_brand","embeddable":true,"href":"https:\/\/www.billigtrikotde.com\/da\/wp-json\/wp\/v2\/product_brand?post=8528"},{"taxonomy":"product_cat","embeddable":true,"href":"https:\/\/www.billigtrikotde.com\/da\/wp-json\/wp\/v2\/product_cat?post=8528"},{"taxonomy":"product_tag","embeddable":true,"href":"https:\/\/www.billigtrikotde.com\/da\/wp-json\/wp\/v2\/product_tag?post=8528"}],"curies":[{"name":"wp","href":"https:\/\/api.w.org\/{rel}","templated":true}]}}