{"id":8504,"date":"2024-10-24T01:40:17","date_gmt":"2024-10-23T23:40:17","guid":{"rendered":"http:\/\/billigtrikots.com\/?post_type=product&#038;p=8504"},"modified":"2024-10-24T01:42:30","modified_gmt":"2024-10-23T23:42:30","slug":"herren-kroatien-2022-world-cup-heimtrikot-rot-weiss-blaue-fussballtrikots","status":"publish","type":"product","link":"https:\/\/www.billigtrikotde.com\/da\/vare\/herren-kroatien-2022-world-cup-heimtrikot-rot-weiss-blaue-fussballtrikots\/","title":{"rendered":"Herre Kroatien 2022 VM Hjemmetr\u00f8je r\u00f8d hvid bl\u00e5 fodboldtr\u00f8jer"},"content":{"rendered":"<p>Der er r\u00f8de firkanter fra \u00f8verst til h\u00f8jre og ned til midten, men ingen i den nederste del, hvilket skaber illusionen af en flag, der b\u00f8lger. Swoosh og Kroatien-logoet er ikke midt, men til h\u00f8jre\/venstre. MTN har ogs\u00e5 nogle r\u00f8d-hvide-bl\u00e5 detaljer ved kraven og \u00e6rmekanterne, som ogs\u00e5 er inspireret af tr\u00f8jen fra 1998. [\u2026]<\/p>\n<p>Tips til udskrivning: Hvis navn og nummer p\u00e5 billedet er pr\u00e6cis det, du \u00f8nsker, beh\u00f8ver du ikke at indtaste dem igen. Hvis ikke, skal du indtaste det \u00f8nskede navn og nummer.<\/p>\n<p>Tips til vask: Det anbefales at vaske fodboldtr\u00f8jer i h\u00e5nden. Hvis du vil bruge vaskemaskinen, skal du huske at vende vrangen ud p\u00e5 fodboldtr\u00f8jerne og derefter vaske dem. Fyld maskinen med koldt vand, og brug et sk\u00e5neprogram for bedre at beskytte farverne.<\/p>","protected":false},"excerpt":{"rendered":"<p>Der er r\u00f8de firkanter fra \u00f8verst til h\u00f8jre og ned til midten, men ingen i den nederste del, hvilket skaber illusionen af en flag, der b\u00f8lger. Swoosh og Kroatien-logoet er ikke midt, men til h\u00f8jre\/venstre. MTN har ogs\u00e5 nogle r\u00f8d-hvide-bl\u00e5 detaljer ved kraven og \u00e6rmekanterne, som ogs\u00e5 er inspireret af tr\u00f8jen fra 1998. [\u2026]<\/p>","protected":false},"featured_media":8545,"comment_status":"open","ping_status":"closed","template":"","meta":[],"product_brand":[],"product_cat":[261],"product_tag":[20,35,21,22,23,24,381,263,264],"class_list":{"0":"post-8504","1":"product","2":"type-product","3":"status-publish","4":"has-post-thumbnail","6":"product_cat-kroatien-trikots","7":"product_tag-coole-fussballtrikots","8":"product_tag-fussball-torwarttrikots","9":"product_tag-fussballtrikot-fuer-herren","10":"product_tag-fussballtrikot-guenstig-kaufen","11":"product_tag-fussballtrikot-kurzarm","12":"product_tag-guenstiges-fussballtrikot","13":"product_tag-kroatien-2022-world-cup-heimtrikot","14":"product_tag-kroatien-trikot-herren","15":"product_tag-kroatien-trikots","17":"first","18":"instock","19":"shipping-taxable","20":"purchasable","21":"product-type-variable"},"_links":{"self":[{"href":"https:\/\/www.billigtrikotde.com\/da\/wp-json\/wp\/v2\/product\/8504","targetHints":{"allow":["GET"]}}],"collection":[{"href":"https:\/\/www.billigtrikotde.com\/da\/wp-json\/wp\/v2\/product"}],"about":[{"href":"https:\/\/www.billigtrikotde.com\/da\/wp-json\/wp\/v2\/types\/product"}],"replies":[{"embeddable":true,"href":"https:\/\/www.billigtrikotde.com\/da\/wp-json\/wp\/v2\/comments?post=8504"}],"wp:featuredmedia":[{"embeddable":true,"href":"https:\/\/www.billigtrikotde.com\/da\/wp-json\/wp\/v2\/media\/8545"}],"wp:attachment":[{"href":"https:\/\/www.billigtrikotde.com\/da\/wp-json\/wp\/v2\/media?parent=8504"}],"wp:term":[{"taxonomy":"product_brand","embeddable":true,"href":"https:\/\/www.billigtrikotde.com\/da\/wp-json\/wp\/v2\/product_brand?post=8504"},{"taxonomy":"product_cat","embeddable":true,"href":"https:\/\/www.billigtrikotde.com\/da\/wp-json\/wp\/v2\/product_cat?post=8504"},{"taxonomy":"product_tag","embeddable":true,"href":"https:\/\/www.billigtrikotde.com\/da\/wp-json\/wp\/v2\/product_tag?post=8504"}],"curies":[{"name":"wp","href":"https:\/\/api.w.org\/{rel}","templated":true}]}}