{"id":8469,"date":"2024-10-24T01:38:36","date_gmt":"2024-10-23T23:38:36","guid":{"rendered":"http:\/\/billigtrikots.com\/?post_type=product&#038;p=8469"},"modified":"2024-10-24T01:40:44","modified_gmt":"2024-10-23T23:40:44","slug":"herren-fussballtrikot-der-saison-2022-23-chelsea-fc-ausweichtrikot-orange","status":"publish","type":"product","link":"https:\/\/www.billigtrikotde.com\/da\/vare\/herren-fussballtrikot-der-saison-2022-23-chelsea-fc-ausweichtrikot-orange\/","title":{"rendered":"2022\/23 Chelsea FC fodboldtr\u00f8je til m\u00e6nd Orange"},"content":{"rendered":"<p>Den tredje Chelsea 2022-2023 tr\u00f8je kombinerer en base i \"Sesam\" (Guld) med sort og orange. Det er et meget enkelt design uden prangende grafik eller m\u00f8nstre. De eneste detaljer vises i form af det bageste kravepanel samt \u00e6rmegummene, der er sorte med orange. Gule bukser og hvide str\u00f8mper med en sort-orange-sort vandretstribe fuldender Nike Chelsea 22-23 tr\u00f8je.<\/p>\n<p>Tips til udskrivning: Hvis navn og nummer p\u00e5 billedet er pr\u00e6cis det, du \u00f8nsker, beh\u00f8ver du ikke at indtaste dem igen. Hvis ikke, skal du indtaste det \u00f8nskede navn og nummer.<\/p>\n<p>Tips til vask: Det anbefales at vaske fodboldtr\u00f8jer i h\u00e5nden. Hvis du vil bruge vaskemaskinen, skal du huske at vende vrangen ud p\u00e5 fodboldtr\u00f8jerne og derefter vaske dem. Fyld maskinen med koldt vand, og brug et sk\u00e5neprogram for bedre at beskytte farverne.<\/p>","protected":false},"excerpt":{"rendered":"<p>Den tredje Chelsea 2022-2023 tr\u00f8je kombinerer en base i \"Sesam\" (Guld) med sort og orange. Det er et meget enkelt design uden prangende grafik eller m\u00f8nstre. De eneste detaljer vises i form af det bageste kravepanel samt \u00e6rmegummene, der er sorte med orange. Gule bukser og hvide str\u00f8mper med en sort-orange-sort vandretstribe fuldender Nike Chelsea 22-23 tr\u00f8je.<\/p>","protected":false},"featured_media":8509,"comment_status":"open","ping_status":"closed","template":"","meta":[],"product_brand":[],"product_cat":[72],"product_tag":[20,375,308,309,310,73,21,24],"class_list":{"0":"post-8469","1":"product","2":"type-product","3":"status-publish","4":"has-post-thumbnail","6":"product_cat-chelsea","7":"product_tag-coole-fussballtrikots","8":"product_tag-chelsea-2022-2023-third-jersey","9":"product_tag-chelsea-fc-22-23-trikot-deutschland","10":"product_tag-chelsea-fc-22-23-trikot-guenstig","11":"product_tag-chelsea-fc-22-23-trikot-kaufen","12":"product_tag-chelsea-trikots","13":"product_tag-fussballtrikot-fuer-herren","14":"product_tag-guenstiges-fussballtrikot","16":"first","17":"instock","18":"shipping-taxable","19":"purchasable","20":"product-type-variable"},"_links":{"self":[{"href":"https:\/\/www.billigtrikotde.com\/da\/wp-json\/wp\/v2\/product\/8469","targetHints":{"allow":["GET"]}}],"collection":[{"href":"https:\/\/www.billigtrikotde.com\/da\/wp-json\/wp\/v2\/product"}],"about":[{"href":"https:\/\/www.billigtrikotde.com\/da\/wp-json\/wp\/v2\/types\/product"}],"replies":[{"embeddable":true,"href":"https:\/\/www.billigtrikotde.com\/da\/wp-json\/wp\/v2\/comments?post=8469"}],"wp:featuredmedia":[{"embeddable":true,"href":"https:\/\/www.billigtrikotde.com\/da\/wp-json\/wp\/v2\/media\/8509"}],"wp:attachment":[{"href":"https:\/\/www.billigtrikotde.com\/da\/wp-json\/wp\/v2\/media?parent=8469"}],"wp:term":[{"taxonomy":"product_brand","embeddable":true,"href":"https:\/\/www.billigtrikotde.com\/da\/wp-json\/wp\/v2\/product_brand?post=8469"},{"taxonomy":"product_cat","embeddable":true,"href":"https:\/\/www.billigtrikotde.com\/da\/wp-json\/wp\/v2\/product_cat?post=8469"},{"taxonomy":"product_tag","embeddable":true,"href":"https:\/\/www.billigtrikotde.com\/da\/wp-json\/wp\/v2\/product_tag?post=8469"}],"curies":[{"name":"wp","href":"https:\/\/api.w.org\/{rel}","templated":true}]}}