{"id":8437,"date":"2024-10-24T01:36:52","date_gmt":"2024-10-23T23:36:52","guid":{"rendered":"http:\/\/billigtrikots.com\/?post_type=product&#038;p=8437"},"modified":"2024-10-24T01:39:07","modified_gmt":"2024-10-23T23:39:07","slug":"herren-ac-milan-ausweichtrikot-2022-23-fussballtrikots-set-kurzarm-kurze-hosen","status":"publish","type":"product","link":"https:\/\/www.billigtrikotde.com\/da\/vare\/herren-ac-milan-ausweichtrikot-2022-23-fussballtrikots-set-kurzarm-kurze-hosen\/","title":{"rendered":"Herrer AC Milan Udskiftningstr\u00f8je 2022-23 Fodboldtr\u00f8jes\u00e6t korte \u00e6rmer + korte bukser"},"content":{"rendered":"<p>AC Milan Ausweichtrikot wird milit\u00e4rgr\u00fcn mit wei\u00dfen Puma- und Milan-Logos und ihrem Hauptsponsor Fly Emirates sein, der in Gelb geschrieben ist.<\/p>\n<p>Tips til udskrivning: Hvis navn og nummer p\u00e5 billedet er pr\u00e6cis det, du \u00f8nsker, beh\u00f8ver du ikke at indtaste dem igen. Hvis ikke, skal du indtaste det \u00f8nskede navn og nummer.<\/p>\n<p>Tips til vask: Det anbefales at vaske fodboldtr\u00f8jer i h\u00e5nden. Hvis du vil bruge vaskemaskinen, skal du huske at vende vrangen ud p\u00e5 fodboldtr\u00f8jerne og derefter vaske dem. Fyld maskinen med koldt vand, og brug et sk\u00e5neprogram for bedre at beskytte farverne.<\/p>","protected":false},"excerpt":{"rendered":"<p>AC Milan Reserve-tr\u00f8je bliver milit\u00e6rgr\u00f8n med hvide Puma- og Milan-logoer og deres hovedsponsor Fly Emirates, som er skrevet i gult. Tips til print: Hvis navnet og nummeret p\u00e5 billedet pr\u00e6cis matcher dine \u00f8nsker, beh\u00f8ver du ikke indtaste dem igen. Hvis ikke, b\u00f8r du indtaste dit \u00f8nskede navn og nummer. Tips [\u2026]<\/p>","protected":false},"featured_media":8477,"comment_status":"open","ping_status":"closed","template":"","meta":[],"product_brand":[],"product_cat":[15],"product_tag":[19,292,20,21,22,23,24],"class_list":{"0":"post-8437","1":"product","2":"type-product","3":"status-publish","4":"has-post-thumbnail","6":"product_cat-unkategorisiert","7":"product_tag-ac-milan-auswaertstrikot","8":"product_tag-ac-milan-neues-trikot-22-23","9":"product_tag-coole-fussballtrikots","10":"product_tag-fussballtrikot-fuer-herren","11":"product_tag-fussballtrikot-guenstig-kaufen","12":"product_tag-fussballtrikot-kurzarm","13":"product_tag-guenstiges-fussballtrikot","15":"first","16":"instock","17":"shipping-taxable","18":"purchasable","19":"product-type-variable"},"_links":{"self":[{"href":"https:\/\/www.billigtrikotde.com\/da\/wp-json\/wp\/v2\/product\/8437","targetHints":{"allow":["GET"]}}],"collection":[{"href":"https:\/\/www.billigtrikotde.com\/da\/wp-json\/wp\/v2\/product"}],"about":[{"href":"https:\/\/www.billigtrikotde.com\/da\/wp-json\/wp\/v2\/types\/product"}],"replies":[{"embeddable":true,"href":"https:\/\/www.billigtrikotde.com\/da\/wp-json\/wp\/v2\/comments?post=8437"}],"wp:featuredmedia":[{"embeddable":true,"href":"https:\/\/www.billigtrikotde.com\/da\/wp-json\/wp\/v2\/media\/8477"}],"wp:attachment":[{"href":"https:\/\/www.billigtrikotde.com\/da\/wp-json\/wp\/v2\/media?parent=8437"}],"wp:term":[{"taxonomy":"product_brand","embeddable":true,"href":"https:\/\/www.billigtrikotde.com\/da\/wp-json\/wp\/v2\/product_brand?post=8437"},{"taxonomy":"product_cat","embeddable":true,"href":"https:\/\/www.billigtrikotde.com\/da\/wp-json\/wp\/v2\/product_cat?post=8437"},{"taxonomy":"product_tag","embeddable":true,"href":"https:\/\/www.billigtrikotde.com\/da\/wp-json\/wp\/v2\/product_tag?post=8437"}],"curies":[{"name":"wp","href":"https:\/\/api.w.org\/{rel}","templated":true}]}}