{"id":8355,"date":"2024-10-24T01:32:48","date_gmt":"2024-10-23T23:32:48","guid":{"rendered":"http:\/\/billigtrikots.com\/?post_type=product&#038;p=8355"},"modified":"2024-10-24T01:34:59","modified_gmt":"2024-10-23T23:34:59","slug":"kinder-japan-heim-trikot-wm-2022-blau-kurzarm-weiss-kurze-hosen","status":"publish","type":"product","link":"https:\/\/www.billigtrikotde.com\/da\/vare\/kinder-japan-heim-trikot-wm-2022-blau-kurzarm-weiss-kurze-hosen\/","title":{"rendered":"Kids Japan Home Jersey World Cup 2022 bl\u00e5 kort\u00e6rmet + hvide shorts"},"content":{"rendered":"<p>Med b\u00f8rne-tr\u00f8jen i bl\u00e5 farve lancerer adidas et produkt, hvor du kan st\u00f8tte dit hold i med- som i modgang med hjertet og engagement. Vis din st\u00f8tte \u2013 med denne Japan hjemme-tr\u00f8je udvider du din fan-samling med et stykke t\u00f8j i originaldesign, som spillerne b\u00e6rer ved VM. Den er \u00e5ndbar, behagelig og svedtransporterende. Desuden tilbydes h\u00f8j slidstyrke. Den skiller sig ud visuelt med et forbundslogo p\u00e5 brystet. Med denne tr\u00f8je kan du blive endnu mere ydeevneorienteret og forberede dig til n\u00e6ste kamp.<\/p>\n<p>Tips til udskrivning: Hvis navn og nummer p\u00e5 billedet er pr\u00e6cis det, du \u00f8nsker, beh\u00f8ver du ikke at indtaste dem igen. Hvis ikke, skal du indtaste det \u00f8nskede navn og nummer.<\/p>\n<p>Tips til vask: Det anbefales at vaske fodboldtr\u00f8jer i h\u00e5nden. Hvis du vil bruge vaskemaskinen, skal du huske at vende vrangen ud p\u00e5 fodboldtr\u00f8jerne og derefter vaske dem. Fyld maskinen med koldt vand, og brug et sk\u00e5neprogram for bedre at beskytte farverne.<\/p>","protected":false},"excerpt":{"rendered":"<p>Mit dem Kinder-Trikot in Blau bringt adidas ein Produkt an den Start, mit dem du dein Team in guten wie in schlechten Zeiten mit Herzblut und Hingabe unterst\u00fctzen kannst. Zeige deine Unterst\u00fctzung \u2013 mit diesem Japan-Heim-Trikot erweiterst du deine Fan-Sammlung um ein Kleidungsst\u00fcck im Original-Design, wie es die Spieler bei der Weltmeisterschaft tragen. Es ist [&hellip;]<\/p>","protected":false},"featured_media":8394,"comment_status":"open","ping_status":"closed","template":"","meta":[],"product_brand":[],"product_cat":[111],"product_tag":[20,222,21,22,23,24,361,362,94],"class_list":{"0":"post-8355","1":"product","2":"type-product","3":"status-publish","4":"has-post-thumbnail","6":"product_cat-nationaltrikot","7":"product_tag-coole-fussballtrikots","8":"product_tag-fussball-wm-2022-trikots","9":"product_tag-fussballtrikot-fuer-herren","10":"product_tag-fussballtrikot-guenstig-kaufen","11":"product_tag-fussballtrikot-kurzarm","12":"product_tag-guenstiges-fussballtrikot","13":"product_tag-japan-heimtrikot","14":"product_tag-japan-trikots","15":"product_tag-kinder-fussball-trikotsatz","17":"first","18":"instock","19":"shipping-taxable","20":"purchasable","21":"product-type-variable"},"_links":{"self":[{"href":"https:\/\/www.billigtrikotde.com\/da\/wp-json\/wp\/v2\/product\/8355","targetHints":{"allow":["GET"]}}],"collection":[{"href":"https:\/\/www.billigtrikotde.com\/da\/wp-json\/wp\/v2\/product"}],"about":[{"href":"https:\/\/www.billigtrikotde.com\/da\/wp-json\/wp\/v2\/types\/product"}],"replies":[{"embeddable":true,"href":"https:\/\/www.billigtrikotde.com\/da\/wp-json\/wp\/v2\/comments?post=8355"}],"wp:featuredmedia":[{"embeddable":true,"href":"https:\/\/www.billigtrikotde.com\/da\/wp-json\/wp\/v2\/media\/8394"}],"wp:attachment":[{"href":"https:\/\/www.billigtrikotde.com\/da\/wp-json\/wp\/v2\/media?parent=8355"}],"wp:term":[{"taxonomy":"product_brand","embeddable":true,"href":"https:\/\/www.billigtrikotde.com\/da\/wp-json\/wp\/v2\/product_brand?post=8355"},{"taxonomy":"product_cat","embeddable":true,"href":"https:\/\/www.billigtrikotde.com\/da\/wp-json\/wp\/v2\/product_cat?post=8355"},{"taxonomy":"product_tag","embeddable":true,"href":"https:\/\/www.billigtrikotde.com\/da\/wp-json\/wp\/v2\/product_tag?post=8355"}],"curies":[{"name":"wp","href":"https:\/\/api.w.org\/{rel}","templated":true}]}}