{"id":8349,"date":"2024-10-24T01:32:43","date_gmt":"2024-10-23T23:32:43","guid":{"rendered":"http:\/\/billigtrikots.com\/?post_type=product&#038;p=8349"},"modified":"2024-10-24T01:34:57","modified_gmt":"2024-10-23T23:34:57","slug":"kinder-portugal-wm-2022-auswaertstrikot-kurzarm-kurze-hosen","status":"publish","type":"product","link":"https:\/\/www.billigtrikotde.com\/da\/vare\/kinder-portugal-wm-2022-auswaertstrikot-kurzarm-kurze-hosen\/","title":{"rendered":"B\u00f8rn Portugal World Cup 2022 Away Jersey Kort\u00e6rmet + Shorts"},"content":{"rendered":"<p>Et friskt og alligevel klassisk look til Portugal: Nike Portugal 2022 udebanetr\u00f8je kombinerer et cremehvidt grundm\u00f8nster med marinebl\u00e5t Swoosh. Officielt er farverne \u201eSail\/Obsidian\u201c, mens \u201ePepper Red\u201c er den tredje farve. Designet af den nye Nike Portugal 2022 VM-udetr\u00f8je best\u00e5r af en gr\u00f8n-r\u00f8d farveblok p\u00e5 brystet. Nike 22-23-tr\u00f8jen er baseret p\u00e5 den samme version som hjemmetr\u00f8jerne fra Atletico og Liverpool i 22-23. Den bageste kravebeskytter og \u00e6rmegummene p\u00e5 Portugal 2022-udetr\u00f8jen matcher den m\u00f8rkebl\u00e5 farve p\u00e5 Swoosh. Den gr\u00f8n-r\u00f8de b\u00e5nd forts\u00e6tter ogs\u00e5 p\u00e5 bagsiden af den nye Portugal-udetr\u00f8je, som ellers har et m\u00f8rkebl\u00e5t felt \u00f8verst, under hvilket der er placeret et skr\u00e6ddersyet gyldent symbol.<\/p>\n<p>Tips til udskrivning: Hvis navn og nummer p\u00e5 billedet er pr\u00e6cis det, du \u00f8nsker, beh\u00f8ver du ikke at indtaste dem igen. Hvis ikke, skal du indtaste det \u00f8nskede navn og nummer.<\/p>\n<p>Tips til vask: Det anbefales at vaske fodboldtr\u00f8jer i h\u00e5nden. Hvis du vil bruge vaskemaskinen, skal du huske at vende vrangen ud p\u00e5 fodboldtr\u00f8jerne og derefter vaske dem. Fyld maskinen med koldt vand, og brug et sk\u00e5neprogram for bedre at beskytte farverne.<\/p>","protected":false},"excerpt":{"rendered":"<p>Ein frischer und doch klassischer Look f\u00fcr Portugal: Das Nike Portugal 2022 Ausw\u00e4rtstrikot kombiniert ein cremewei\u00dfes Grundmuster mit marineblauem Swoosh. Offiziell sind die Farben &#8222;Sail\/Obsidian&#8220;, w\u00e4hrend &#8222;Pepper Red&#8220; die dritte Farbe ist.Das Design des neuen Nike Portugal 2022 World Cup Ausw\u00e4rtstrikots besteht aus einem gr\u00fcn-roten Farbblock auf der Brust. Das Nike 22-23-Trikot basiert auf der [&hellip;]<\/p>","protected":false},"featured_media":8383,"comment_status":"open","ping_status":"closed","template":"","meta":[],"product_brand":[],"product_cat":[239],"product_tag":[20,222,21,23,24,94,240,347,348],"class_list":{"0":"post-8349","1":"product","2":"type-product","3":"status-publish","4":"has-post-thumbnail","6":"product_cat-portugal-trikots","7":"product_tag-coole-fussballtrikots","8":"product_tag-fussball-wm-2022-trikots","9":"product_tag-fussballtrikot-fuer-herren","10":"product_tag-fussballtrikot-kurzarm","11":"product_tag-guenstiges-fussballtrikot","12":"product_tag-kinder-fussball-trikotsatz","13":"product_tag-portugal-heimtrikot","14":"product_tag-portugal-trikots","15":"product_tag-portugal-trikotsatz-fuer-kinder","17":"first","18":"instock","19":"shipping-taxable","20":"purchasable","21":"product-type-variable"},"_links":{"self":[{"href":"https:\/\/www.billigtrikotde.com\/da\/wp-json\/wp\/v2\/product\/8349","targetHints":{"allow":["GET"]}}],"collection":[{"href":"https:\/\/www.billigtrikotde.com\/da\/wp-json\/wp\/v2\/product"}],"about":[{"href":"https:\/\/www.billigtrikotde.com\/da\/wp-json\/wp\/v2\/types\/product"}],"replies":[{"embeddable":true,"href":"https:\/\/www.billigtrikotde.com\/da\/wp-json\/wp\/v2\/comments?post=8349"}],"wp:featuredmedia":[{"embeddable":true,"href":"https:\/\/www.billigtrikotde.com\/da\/wp-json\/wp\/v2\/media\/8383"}],"wp:attachment":[{"href":"https:\/\/www.billigtrikotde.com\/da\/wp-json\/wp\/v2\/media?parent=8349"}],"wp:term":[{"taxonomy":"product_brand","embeddable":true,"href":"https:\/\/www.billigtrikotde.com\/da\/wp-json\/wp\/v2\/product_brand?post=8349"},{"taxonomy":"product_cat","embeddable":true,"href":"https:\/\/www.billigtrikotde.com\/da\/wp-json\/wp\/v2\/product_cat?post=8349"},{"taxonomy":"product_tag","embeddable":true,"href":"https:\/\/www.billigtrikotde.com\/da\/wp-json\/wp\/v2\/product_tag?post=8349"}],"curies":[{"name":"wp","href":"https:\/\/api.w.org\/{rel}","templated":true}]}}