{"id":8341,"date":"2024-10-24T01:32:12","date_gmt":"2024-10-23T23:32:12","guid":{"rendered":"http:\/\/billigtrikots.com\/?post_type=product&#038;p=8341"},"modified":"2024-10-24T01:34:22","modified_gmt":"2024-10-23T23:34:22","slug":"argentinien-auswaertstrikot-fuer-die-wm-2022-lila-trikotsatz-fussballtrikot-herren-sale","status":"publish","type":"product","link":"https:\/\/www.billigtrikotde.com\/da\/vare\/argentinien-auswaertstrikot-fuer-die-wm-2022-lila-trikotsatz-fussballtrikot-herren-sale\/","title":{"rendered":"Argentina udebanes\u00e6t til VM 2022 Lilla Fodboldtr\u00f8je Herre Udsalg"},"content":{"rendered":"<p>Argentina VM 2022 udebanetr\u00f8je kombinerer to forskellige lilla nuancer med s\u00f8lvdetaljer, s\u00e5som Adidas- og forbundslogoet. Officielt hedder farverne \u201eLegacy Indigo\/Purple Rush\u201c. Sol de Argentina i lys s\u00f8lv er placeret p\u00e5 bagsiden under kraven, ligesom p\u00e5 tr\u00f8jen. De 3 striber p\u00e5 skuldrene af den nye Argentina VM 2022 udebanetr\u00f8je er i en diskret lys lilla. For at fuldende looket har Argentina VM 2022 udebanetr\u00f8je en svag grafik p\u00e5 forsiden \u2013 denne grafik er ogs\u00e5 inspireret af Sol de Mayo.<\/p>\n<p>Tips til udskrivning: Hvis navn og nummer p\u00e5 billedet er pr\u00e6cis det, du \u00f8nsker, beh\u00f8ver du ikke at indtaste dem igen. Hvis ikke, skal du indtaste det \u00f8nskede navn og nummer.<\/p>\n<p>Tips til vask: Det anbefales at vaske fodboldtr\u00f8jer i h\u00e5nden. Hvis du vil bruge vaskemaskinen, skal du huske at vende vrangen ud p\u00e5 fodboldtr\u00f8jerne og derefter vaske dem. Fyld maskinen med koldt vand, og brug et sk\u00e5neprogram for bedre at beskytte farverne.<\/p>","protected":false},"excerpt":{"rendered":"<p>Das Argentinien WM 2022 Ausw\u00e4rtstrikot kombiniert zwei verschiedene Lila-T\u00f6ne mit silbernen Details, wie dem Adidas- und dem Verbandslogo. Offiziell lauten die Farben &#8222;Legacy Indigo\/Purple Rush&#8220;.Das Sol de Argentina in hellem Silber befindet sich auf der R\u00fcckseite unter dem Kragen, \u00e4hnlich wie beim Trikot.Die 3 Streifen auf den Schultern des neuen Argentinien WM 2022 Ausw\u00e4rtstrikots sind [&hellip;]<\/p>","protected":false},"featured_media":8381,"comment_status":"open","ping_status":"closed","template":"","meta":[],"product_brand":[],"product_cat":[325],"product_tag":[356,357,358,20,21,22,23,24],"class_list":{"0":"post-8341","1":"product","2":"type-product","3":"status-publish","4":"has-post-thumbnail","6":"product_cat-argentinien-trikots","7":"product_tag-argentinien-trikots","8":"product_tag-argentinien-wm-2022-auswaertstrikot","9":"product_tag-auswaertstrikot-fuer-die-wm-2022","10":"product_tag-coole-fussballtrikots","11":"product_tag-fussballtrikot-fuer-herren","12":"product_tag-fussballtrikot-guenstig-kaufen","13":"product_tag-fussballtrikot-kurzarm","14":"product_tag-guenstiges-fussballtrikot","16":"first","17":"instock","18":"shipping-taxable","19":"purchasable","20":"product-type-variable"},"_links":{"self":[{"href":"https:\/\/www.billigtrikotde.com\/da\/wp-json\/wp\/v2\/product\/8341","targetHints":{"allow":["GET"]}}],"collection":[{"href":"https:\/\/www.billigtrikotde.com\/da\/wp-json\/wp\/v2\/product"}],"about":[{"href":"https:\/\/www.billigtrikotde.com\/da\/wp-json\/wp\/v2\/types\/product"}],"replies":[{"embeddable":true,"href":"https:\/\/www.billigtrikotde.com\/da\/wp-json\/wp\/v2\/comments?post=8341"}],"wp:featuredmedia":[{"embeddable":true,"href":"https:\/\/www.billigtrikotde.com\/da\/wp-json\/wp\/v2\/media\/8381"}],"wp:attachment":[{"href":"https:\/\/www.billigtrikotde.com\/da\/wp-json\/wp\/v2\/media?parent=8341"}],"wp:term":[{"taxonomy":"product_brand","embeddable":true,"href":"https:\/\/www.billigtrikotde.com\/da\/wp-json\/wp\/v2\/product_brand?post=8341"},{"taxonomy":"product_cat","embeddable":true,"href":"https:\/\/www.billigtrikotde.com\/da\/wp-json\/wp\/v2\/product_cat?post=8341"},{"taxonomy":"product_tag","embeddable":true,"href":"https:\/\/www.billigtrikotde.com\/da\/wp-json\/wp\/v2\/product_tag?post=8341"}],"curies":[{"name":"wp","href":"https:\/\/api.w.org\/{rel}","templated":true}]}}