{"id":8273,"date":"2024-10-24T01:28:50","date_gmt":"2024-10-23T23:28:50","guid":{"rendered":"http:\/\/billigtrikots.com\/?post_type=product&#038;p=8273"},"modified":"2024-10-24T01:30:57","modified_gmt":"2024-10-23T23:30:57","slug":"argentinien-heimtrikot-wm-2022-weiss-blau-kurzarm-fussballtrikots-guenstig","status":"publish","type":"product","link":"https:\/\/www.billigtrikotde.com\/da\/vare\/argentinien-heimtrikot-wm-2022-weiss-blau-kurzarm-fussballtrikots-guenstig\/","title":{"rendered":"Argentina Hjemmebanetr\u00f8je VM 2022 Hvid Bl\u00e5 Kort\u00e6rmet Fodboldtr\u00f8jer Billige"},"content":{"rendered":"<p>I stedet skal tr\u00f8jen best\u00e5 af to tyndere himmelbl\u00e5 striber i midten og to bredere p\u00e5 ydersiderne af tr\u00f8jen. Disse skal v\u00e6re cirka tre gange s\u00e5 brede som striberne i midten, som skal repr\u00e6sentere det argentinske flag.<br \/>\nStriberne p\u00e5 den nye Argentina VM 2022-tr\u00f8je er klassiske, men kun p\u00e5 forsiden. Striberne p\u00e5 bagsiden er virkelig us\u00e6dvanlige: I stedet for at v\u00e6re lige brede er der to tyndere himmelbl\u00e5 striber i midten og to bredere p\u00e5 siderne af tr\u00f8jen. Disse bredere striber er cirka tre gange s\u00e5 brede som striberne i midten.<\/p>\n<p>Tips til udskrivning: Hvis navn og nummer p\u00e5 billedet er pr\u00e6cis det, du \u00f8nsker, beh\u00f8ver du ikke at indtaste dem igen. Hvis ikke, skal du indtaste det \u00f8nskede navn og nummer.<\/p>\n<p>Tips til vask: Det anbefales at vaske fodboldtr\u00f8jer i h\u00e5nden. Hvis du vil bruge vaskemaskinen, skal du huske at vende vrangen ud p\u00e5 fodboldtr\u00f8jerne og derefter vaske dem. Fyld maskinen med koldt vand, og brug et sk\u00e5neprogram for bedre at beskytte farverne.<\/p>","protected":false},"excerpt":{"rendered":"<p>Stattdessen soll das Trikot aus zwei d\u00fcnneren himmelblauen Streifen in der Mitte und zwei breiteren an den Au\u00dfenseiten des Trikots bestehen. Diese sollen etwa dreimal so breit wie die Streifen in der Mitte sein, die die argentinische Flagge darstellen soll. Die Streifen auf dem neuen Argentinien WM 2022 Trikot sind klassisch, aber nur auf der [&hellip;]<\/p>","protected":false},"featured_media":8311,"comment_status":"open","ping_status":"closed","template":"","meta":[],"product_brand":[],"product_cat":[325],"product_tag":[356,20,21,22,23,24],"class_list":{"0":"post-8273","1":"product","2":"type-product","3":"status-publish","4":"has-post-thumbnail","6":"product_cat-argentinien-trikots","7":"product_tag-argentinien-trikots","8":"product_tag-coole-fussballtrikots","9":"product_tag-fussballtrikot-fuer-herren","10":"product_tag-fussballtrikot-guenstig-kaufen","11":"product_tag-fussballtrikot-kurzarm","12":"product_tag-guenstiges-fussballtrikot","14":"first","15":"instock","16":"shipping-taxable","17":"purchasable","18":"product-type-variable"},"_links":{"self":[{"href":"https:\/\/www.billigtrikotde.com\/da\/wp-json\/wp\/v2\/product\/8273","targetHints":{"allow":["GET"]}}],"collection":[{"href":"https:\/\/www.billigtrikotde.com\/da\/wp-json\/wp\/v2\/product"}],"about":[{"href":"https:\/\/www.billigtrikotde.com\/da\/wp-json\/wp\/v2\/types\/product"}],"replies":[{"embeddable":true,"href":"https:\/\/www.billigtrikotde.com\/da\/wp-json\/wp\/v2\/comments?post=8273"}],"wp:featuredmedia":[{"embeddable":true,"href":"https:\/\/www.billigtrikotde.com\/da\/wp-json\/wp\/v2\/media\/8311"}],"wp:attachment":[{"href":"https:\/\/www.billigtrikotde.com\/da\/wp-json\/wp\/v2\/media?parent=8273"}],"wp:term":[{"taxonomy":"product_brand","embeddable":true,"href":"https:\/\/www.billigtrikotde.com\/da\/wp-json\/wp\/v2\/product_brand?post=8273"},{"taxonomy":"product_cat","embeddable":true,"href":"https:\/\/www.billigtrikotde.com\/da\/wp-json\/wp\/v2\/product_cat?post=8273"},{"taxonomy":"product_tag","embeddable":true,"href":"https:\/\/www.billigtrikotde.com\/da\/wp-json\/wp\/v2\/product_tag?post=8273"}],"curies":[{"name":"wp","href":"https:\/\/api.w.org\/{rel}","templated":true}]}}