{"id":8108,"date":"2024-10-24T01:20:10","date_gmt":"2024-10-23T23:20:10","guid":{"rendered":"http:\/\/billigtrikots.com\/?post_type=product&#038;p=8108"},"modified":"2024-10-24T01:22:23","modified_gmt":"2024-10-23T23:22:23","slug":"kinder-fussballtrikots-guenstig-paris-saint-germain-psg-22-23-auswaertstrikot-trikotsatz","status":"publish","type":"product","link":"https:\/\/www.billigtrikotde.com\/da\/vare\/kinder-fussballtrikots-guenstig-paris-saint-germain-psg-22-23-auswaertstrikot-trikotsatz\/","title":{"rendered":"B\u00f8rnefodboldtr\u00f8jer Billige Paris Saint-Germain PSG 22-23 Udebanes\u00e6t"},"content":{"rendered":"<p>Jordan PSG 2022-23 udebanetr\u00f8jen har et nyt look i gr\u00e5t med en sort midterstribe, der falmer i midten for at give plads til sponsoren Qatar Airways. Der er et s\u00e6rligt m\u00e6rke p\u00e5 indersiden af kraven.<\/p>\n<p>Farveskemaet p\u00e5 den nye PSG 22-23 udebanes\u00e6t er inspireret af Parc des Princes-stadionet, som fejrer 50-\u00e5rs jubil\u00e6um i \u00e5r. Gr\u00e5 shorts med et Chicago Bills-inspireret design og sokker fuldender looket p\u00e5 den nye PSG 2022-23 udebanes\u00e6t fra Jordan.<\/p>\n<p>Tips til udskrivning: Hvis navn og nummer p\u00e5 billedet er pr\u00e6cis det, du \u00f8nsker, beh\u00f8ver du ikke at indtaste dem igen. Hvis ikke, skal du indtaste det \u00f8nskede navn og nummer.<\/p>\n<p>Tips til vask: Det anbefales at vaske fodboldtr\u00f8jer i h\u00e5nden. Hvis du vil bruge vaskemaskinen, skal du huske at vende vrangen ud p\u00e5 fodboldtr\u00f8jerne og derefter vaske dem. Fyld maskinen med koldt vand, og brug et sk\u00e5neprogram for bedre at beskytte farverne.<\/p>","protected":false},"excerpt":{"rendered":"<p>Jordan PSG 2022-23 Udebanetr\u00f8jen pr\u00e6senterer sig i et nyt look i gr\u00e5t med en sort midterstribe, der falmer i midten for at give plads til sponsor Qatar Airways. P\u00e5 indersiden af kraven er der et specielt m\u00e6rke. Farveskemaet p\u00e5 den nye PSG 22-23 udebanetr\u00f8je er inspireret af stadionet Parc des Princes, [...]<\/p>","protected":false},"featured_media":8147,"comment_status":"open","ping_status":"closed","template":"","meta":[],"product_brand":[],"product_cat":[160],"product_tag":[20,43,21,22,23,24,284,338,41],"class_list":{"0":"post-8108","1":"product","2":"type-product","3":"status-publish","4":"has-post-thumbnail","6":"product_cat-paris-saint-germain-kindertrikot","7":"product_tag-coole-fussballtrikots","8":"product_tag-fussballkleidung","9":"product_tag-fussballtrikot-fuer-herren","10":"product_tag-fussballtrikot-guenstig-kaufen","11":"product_tag-fussballtrikot-kurzarm","12":"product_tag-guenstiges-fussballtrikot","13":"product_tag-neuen-fussballtrikots","14":"product_tag-paris-saint-germain-22-23-auswaertstrikot","15":"product_tag-paris-saint-germain-trikots","17":"first","18":"instock","19":"shipping-taxable","20":"purchasable","21":"product-type-variable"},"_links":{"self":[{"href":"https:\/\/www.billigtrikotde.com\/da\/wp-json\/wp\/v2\/product\/8108","targetHints":{"allow":["GET"]}}],"collection":[{"href":"https:\/\/www.billigtrikotde.com\/da\/wp-json\/wp\/v2\/product"}],"about":[{"href":"https:\/\/www.billigtrikotde.com\/da\/wp-json\/wp\/v2\/types\/product"}],"replies":[{"embeddable":true,"href":"https:\/\/www.billigtrikotde.com\/da\/wp-json\/wp\/v2\/comments?post=8108"}],"wp:featuredmedia":[{"embeddable":true,"href":"https:\/\/www.billigtrikotde.com\/da\/wp-json\/wp\/v2\/media\/8147"}],"wp:attachment":[{"href":"https:\/\/www.billigtrikotde.com\/da\/wp-json\/wp\/v2\/media?parent=8108"}],"wp:term":[{"taxonomy":"product_brand","embeddable":true,"href":"https:\/\/www.billigtrikotde.com\/da\/wp-json\/wp\/v2\/product_brand?post=8108"},{"taxonomy":"product_cat","embeddable":true,"href":"https:\/\/www.billigtrikotde.com\/da\/wp-json\/wp\/v2\/product_cat?post=8108"},{"taxonomy":"product_tag","embeddable":true,"href":"https:\/\/www.billigtrikotde.com\/da\/wp-json\/wp\/v2\/product_tag?post=8108"}],"curies":[{"name":"wp","href":"https:\/\/api.w.org\/{rel}","templated":true}]}}