{"id":8052,"date":"2024-10-24T01:17:22","date_gmt":"2024-10-23T23:17:22","guid":{"rendered":"http:\/\/billigtrikots.com\/?post_type=product&#038;p=8052"},"modified":"2024-10-24T01:19:31","modified_gmt":"2024-10-23T23:19:31","slug":"herren-niederlande-auswaertstrikot-euro-2022-weiss-fussballtrikots-set-memphis-10","status":"publish","type":"product","link":"https:\/\/www.billigtrikotde.com\/da\/vare\/herren-niederlande-auswaertstrikot-euro-2022-weiss-fussballtrikots-set-memphis-10\/","title":{"rendered":"Hr. Holland udebanetr\u00f8je Euro 2022 hvid fodboldtr\u00f8jes\u00e6t MEMPHIS 10"},"content":{"rendered":"<p>Nike Holland Euro 2022 udebanetr\u00f8je er hovedsageligt hvid og viser et skr\u00e6ddersyet design, der er inspireret af det hollandske flag. De bl\u00e5 og r\u00f8de rektangler er asymmetrisk fordelt over hele tr\u00f8jen.<\/p>\n<p>Logoet p\u00e5 venstre bryst af Nike Holland 2022 udebanetr\u00f8je er ogs\u00e5 unikt: Det er r\u00f8dt og viser en orange l\u00f8vin.<\/p>\n<p>Tips til udskrivning: Hvis navn og nummer p\u00e5 billedet er pr\u00e6cis det, du \u00f8nsker, beh\u00f8ver du ikke at indtaste dem igen. Hvis ikke, skal du indtaste det \u00f8nskede navn og nummer.<\/p>\n<p>Tips til vask: Det anbefales at vaske fodboldtr\u00f8jer i h\u00e5nden. Hvis du vil bruge vaskemaskinen, skal du huske at vende vrangen ud p\u00e5 fodboldtr\u00f8jerne og derefter vaske dem. Fyld maskinen med koldt vand, og brug et sk\u00e5neprogram for bedre at beskytte farverne.<\/p>","protected":false},"excerpt":{"rendered":"<p>Nike Hollandere Euro 2022 udebanetr\u00f8je er hovedsageligt hvid og viser et skr\u00e6ddersyet design, der er inspireret af det hollandske flag. De bl\u00e5 og r\u00f8de rektangler er asymmetrisk fordelt over hele tr\u00f8jen. Logoet p\u00e5 venstre bryst af Nike Hollandere 2022 udebanetr\u00f8je er ogs\u00e5 unikt: Det er r\u00f8dt og viser en orangefarvet [\u2026]<\/p>","protected":false},"featured_media":8091,"comment_status":"open","ping_status":"closed","template":"","meta":[],"product_brand":[],"product_cat":[219],"product_tag":[20,21,22,23,24,355,221],"class_list":{"0":"post-8052","1":"product","2":"type-product","3":"status-publish","4":"has-post-thumbnail","6":"product_cat-niederlande-trikots","7":"product_tag-coole-fussballtrikots","8":"product_tag-fussballtrikot-fuer-herren","9":"product_tag-fussballtrikot-guenstig-kaufen","10":"product_tag-fussballtrikot-kurzarm","11":"product_tag-guenstiges-fussballtrikot","12":"product_tag-niederlande-auswaertstrikot","13":"product_tag-niederlande-trikots","15":"first","16":"instock","17":"shipping-taxable","18":"purchasable","19":"product-type-variable"},"_links":{"self":[{"href":"https:\/\/www.billigtrikotde.com\/da\/wp-json\/wp\/v2\/product\/8052","targetHints":{"allow":["GET"]}}],"collection":[{"href":"https:\/\/www.billigtrikotde.com\/da\/wp-json\/wp\/v2\/product"}],"about":[{"href":"https:\/\/www.billigtrikotde.com\/da\/wp-json\/wp\/v2\/types\/product"}],"replies":[{"embeddable":true,"href":"https:\/\/www.billigtrikotde.com\/da\/wp-json\/wp\/v2\/comments?post=8052"}],"wp:featuredmedia":[{"embeddable":true,"href":"https:\/\/www.billigtrikotde.com\/da\/wp-json\/wp\/v2\/media\/8091"}],"wp:attachment":[{"href":"https:\/\/www.billigtrikotde.com\/da\/wp-json\/wp\/v2\/media?parent=8052"}],"wp:term":[{"taxonomy":"product_brand","embeddable":true,"href":"https:\/\/www.billigtrikotde.com\/da\/wp-json\/wp\/v2\/product_brand?post=8052"},{"taxonomy":"product_cat","embeddable":true,"href":"https:\/\/www.billigtrikotde.com\/da\/wp-json\/wp\/v2\/product_cat?post=8052"},{"taxonomy":"product_tag","embeddable":true,"href":"https:\/\/www.billigtrikotde.com\/da\/wp-json\/wp\/v2\/product_tag?post=8052"}],"curies":[{"name":"wp","href":"https:\/\/api.w.org\/{rel}","templated":true}]}}