{"id":8014,"date":"2024-10-24T01:15:40","date_gmt":"2024-10-23T23:15:40","guid":{"rendered":"http:\/\/billigtrikots.com\/?post_type=product&#038;p=8014"},"modified":"2024-10-24T01:17:47","modified_gmt":"2024-10-23T23:17:47","slug":"england-trikot-away-frauen-em-2022-orange-trikotsatz-kurzarm-kurze-hosen-shaw-3","status":"publish","type":"product","link":"https:\/\/www.billigtrikotde.com\/da\/vare\/england-trikot-away-frauen-em-2022-orange-trikotsatz-kurzarm-kurze-hosen-shaw-3\/","title":{"rendered":"England Udebanetr\u00f8je Kvinder Euro 2022 Orange Kit Kort\u00e6rmet + Shorts SHAW 3"},"content":{"rendered":"<p>Nike b\u00f8rne-tr\u00f8jen i r\u00f8d viser din betingelsesl\u00f8se k\u00e6rlighed og samh\u00f8righed med dit hold. Mere st\u00f8tte er n\u00e6sten ikke muligt! Med denne England-tr\u00f8je udvider du din fan-samling. Vi anbefaler denne \u00e5ndbare, svedtransporterende og lette model med en behagelig pasform. Den skiller sig ud visuelt med et forbundslogo p\u00e5 brystet. Med denne sportstr\u00f8je kan du blive endnu mere pr\u00e6sterende og forberede dig til n\u00e6ste kamp.<\/p>\n<p>Tips til udskrivning: Hvis navn og nummer p\u00e5 billedet er pr\u00e6cis det, du \u00f8nsker, beh\u00f8ver du ikke at indtaste dem igen. Hvis ikke, skal du indtaste det \u00f8nskede navn og nummer.<\/p>\n<p>Tips til vask: Det anbefales at vaske fodboldtr\u00f8jer i h\u00e5nden. Hvis du vil bruge vaskemaskinen, skal du huske at vende vrangen ud p\u00e5 fodboldtr\u00f8jerne og derefter vaske dem. Fyld maskinen med koldt vand, og brug et sk\u00e5neprogram for bedre at beskytte farverne.<\/p>","protected":false},"excerpt":{"rendered":"<p>Das Nike Kinder-Trikot in Rot zeigt deine bedingungslose Liebe und Verbundenheit zu deiner Mannschaft. Mehr Unterst\u00fctzung geht kaum! Mit diesem England-Trikot erweiterst du deine Fan-Sammlung. Wir empfehlen dieses atmungsaktive, schwei\u00dfableitende und leichte Modell mit dem angenehmen Tragegef\u00fchl. Es besticht optisch mit einem Verbandslogo auf der Brust. Mit diesem Sportshirt kannst du noch leistungsf\u00e4higer werden und [&hellip;]<\/p>","protected":false},"featured_media":8054,"comment_status":"open","ping_status":"closed","template":"","meta":[],"product_brand":[],"product_cat":[115],"product_tag":[20,116,218,21,22,23,24],"class_list":{"0":"post-8014","1":"product","2":"type-product","3":"status-publish","4":"has-post-thumbnail","6":"product_cat-england-trikots","7":"product_tag-coole-fussballtrikots","8":"product_tag-england-heimtrikot","9":"product_tag-england-heimtrikot-euro-2022-damen","10":"product_tag-fussballtrikot-fuer-herren","11":"product_tag-fussballtrikot-guenstig-kaufen","12":"product_tag-fussballtrikot-kurzarm","13":"product_tag-guenstiges-fussballtrikot","15":"first","16":"instock","17":"shipping-taxable","18":"purchasable","19":"product-type-variable"},"_links":{"self":[{"href":"https:\/\/www.billigtrikotde.com\/da\/wp-json\/wp\/v2\/product\/8014","targetHints":{"allow":["GET"]}}],"collection":[{"href":"https:\/\/www.billigtrikotde.com\/da\/wp-json\/wp\/v2\/product"}],"about":[{"href":"https:\/\/www.billigtrikotde.com\/da\/wp-json\/wp\/v2\/types\/product"}],"replies":[{"embeddable":true,"href":"https:\/\/www.billigtrikotde.com\/da\/wp-json\/wp\/v2\/comments?post=8014"}],"wp:featuredmedia":[{"embeddable":true,"href":"https:\/\/www.billigtrikotde.com\/da\/wp-json\/wp\/v2\/media\/8054"}],"wp:attachment":[{"href":"https:\/\/www.billigtrikotde.com\/da\/wp-json\/wp\/v2\/media?parent=8014"}],"wp:term":[{"taxonomy":"product_brand","embeddable":true,"href":"https:\/\/www.billigtrikotde.com\/da\/wp-json\/wp\/v2\/product_brand?post=8014"},{"taxonomy":"product_cat","embeddable":true,"href":"https:\/\/www.billigtrikotde.com\/da\/wp-json\/wp\/v2\/product_cat?post=8014"},{"taxonomy":"product_tag","embeddable":true,"href":"https:\/\/www.billigtrikotde.com\/da\/wp-json\/wp\/v2\/product_tag?post=8014"}],"curies":[{"name":"wp","href":"https:\/\/api.w.org\/{rel}","templated":true}]}}