{"id":7884,"date":"2024-10-24T01:09:31","date_gmt":"2024-10-23T23:09:31","guid":{"rendered":"http:\/\/billigtrikots.com\/?post_type=product&#038;p=7884"},"modified":"2024-10-24T01:11:41","modified_gmt":"2024-10-23T23:11:41","slug":"deutschland-heimtrikot-dfb-wm-2022-herren-trikot-weiss-schwarz","status":"publish","type":"product","link":"https:\/\/www.billigtrikotde.com\/da\/vare\/deutschland-heimtrikot-dfb-wm-2022-herren-trikot-weiss-schwarz\/","title":{"rendered":"Tyskland hjemmebanetr\u00f8je DFB World Cup 2022 herretr\u00f8je hvid sort"},"content":{"rendered":"<p>Dette look vil f\u00e5 dit hjerte til at sl\u00e5 hurtigere: det v\u00e6vede forbundslogo i guldlook har en stolt plads p\u00e5 brystet af denne adidas DFB-tr\u00f8je. Denne hjemmebanetr\u00f8je har et moderne look med en i\u00f8jnefaldende lodret stribe og masser af sort, r\u00f8d og guld hold\u00e5nd. Den fugtabsorberende AEROREADY-teknologi og mesh-indsatserne holder dig t\u00f8r, mens du hepper p\u00e5 dit hold.<\/p>\n<p>Ikonisk enkelhed, n\u00e5r den er bedst, samtidig med at den kombinerer modernitet og trov\u00e6rdighed. Den nye tyske hjemmebanetr\u00f8je for 2022 kommer i et skrabet design inspireret af dristige striber p\u00e5 racerbiler for at tiltr\u00e6kke opm\u00e6rksomhed ved h\u00f8je hastigheder. Et st\u00e6rkt design, der bliver st\u00e6rkere som hold og nation og skaber en \u00e6gte \"hjerteaff\u00e6re\".<\/p>\n<p>Tips til udskrivning: Hvis navn og nummer p\u00e5 billedet er pr\u00e6cis det, du \u00f8nsker, beh\u00f8ver du ikke at indtaste dem igen. Hvis ikke, skal du indtaste det \u00f8nskede navn og nummer.<\/p>\n<p>Tips til vask: Det anbefales at vaske fodboldtr\u00f8jer i h\u00e5nden. Hvis du vil bruge vaskemaskinen, skal du huske at vende vrangen ud p\u00e5 fodboldtr\u00f8jerne og derefter vaske dem. Fyld maskinen med koldt vand, og brug et sk\u00e5neprogram for bedre at beskytte farverne.<\/p>","protected":false},"excerpt":{"rendered":"<p>Dette look vil f\u00e5 dit hjerte til at sl\u00e5 hurtigere: det v\u00e6vede forbundslogo i guldlook har en stolt plads p\u00e5 brystet af denne adidas DFB-tr\u00f8je. Denne hjemmebanetr\u00f8je har et moderne look med en i\u00f8jnefaldende lodret stribe og masser af sort, r\u00f8d og guld hold\u00e5nd. Den fugtabsorberende AEROREADY-teknologi og mesh-indsatserne holder dig t\u00f8r, mens du hepper p\u00e5 dit hold.<\/p>","protected":false},"featured_media":7923,"comment_status":"open","ping_status":"closed","template":"","meta":[],"product_brand":[],"product_cat":[170],"product_tag":[20,212,172,222,21,22,23,24],"class_list":{"0":"post-7884","1":"product","2":"type-product","3":"status-publish","4":"has-post-thumbnail","6":"product_cat-deutschland-trikots","7":"product_tag-coole-fussballtrikots","8":"product_tag-deutschland-heimtrikot","9":"product_tag-deutschland-trikots","10":"product_tag-fussball-wm-2022-trikots","11":"product_tag-fussballtrikot-fuer-herren","12":"product_tag-fussballtrikot-guenstig-kaufen","13":"product_tag-fussballtrikot-kurzarm","14":"product_tag-guenstiges-fussballtrikot","16":"first","17":"instock","18":"shipping-taxable","19":"purchasable","20":"product-type-variable"},"_links":{"self":[{"href":"https:\/\/www.billigtrikotde.com\/da\/wp-json\/wp\/v2\/product\/7884","targetHints":{"allow":["GET"]}}],"collection":[{"href":"https:\/\/www.billigtrikotde.com\/da\/wp-json\/wp\/v2\/product"}],"about":[{"href":"https:\/\/www.billigtrikotde.com\/da\/wp-json\/wp\/v2\/types\/product"}],"replies":[{"embeddable":true,"href":"https:\/\/www.billigtrikotde.com\/da\/wp-json\/wp\/v2\/comments?post=7884"}],"wp:featuredmedia":[{"embeddable":true,"href":"https:\/\/www.billigtrikotde.com\/da\/wp-json\/wp\/v2\/media\/7923"}],"wp:attachment":[{"href":"https:\/\/www.billigtrikotde.com\/da\/wp-json\/wp\/v2\/media?parent=7884"}],"wp:term":[{"taxonomy":"product_brand","embeddable":true,"href":"https:\/\/www.billigtrikotde.com\/da\/wp-json\/wp\/v2\/product_brand?post=7884"},{"taxonomy":"product_cat","embeddable":true,"href":"https:\/\/www.billigtrikotde.com\/da\/wp-json\/wp\/v2\/product_cat?post=7884"},{"taxonomy":"product_tag","embeddable":true,"href":"https:\/\/www.billigtrikotde.com\/da\/wp-json\/wp\/v2\/product_tag?post=7884"}],"curies":[{"name":"wp","href":"https:\/\/api.w.org\/{rel}","templated":true}]}}