{"id":7880,"date":"2024-10-24T01:09:28","date_gmt":"2024-10-23T23:09:28","guid":{"rendered":"http:\/\/billigtrikots.com\/?post_type=product&#038;p=7880"},"modified":"2024-10-24T01:11:39","modified_gmt":"2024-10-23T23:11:39","slug":"as-roma-2022-23-auswaertstrikot-fuer-herren-weiss-trikotsatz","status":"publish","type":"product","link":"https:\/\/www.billigtrikotde.com\/da\/vare\/as-roma-2022-23-auswaertstrikot-fuer-herren-weiss-trikotsatz\/","title":{"rendered":"AS Roma 2022-23 udebanes\u00e6t til m\u00e6nd hvidt s\u00e6t"},"content":{"rendered":"<p>Echte Fans viser deres begejstring altid og overalt \u2013 den super behagelige model er det uundv\u00e6rlige tilbeh\u00f8r for alle, der vil vise deres k\u00e6rlighed til deres klub. New Balance udgiver med T-shirten et virkelig enest\u00e5ende produkt. Hver \u00e6gte AS Rom-fan har brug for denne ude-shirt, for ogs\u00e5 spillerne b\u00e6rer den i Serie A. Vi anbefaler denne behagelige, \u00e5ndbare og lette model med den behagelige b\u00e6rekomfort. Med denne T-shirt kan du forberede dig ideelt til din n\u00e6ste modstander. Den flotte optik af sports-toppen understreges af foreningens crest p\u00e5 brystet.<\/p>\n<p>Tips til udskrivning: Hvis navn og nummer p\u00e5 billedet er pr\u00e6cis det, du \u00f8nsker, beh\u00f8ver du ikke at indtaste dem igen. Hvis ikke, skal du indtaste det \u00f8nskede navn og nummer.<\/p>\n<p>Tips til vask: Det anbefales at vaske fodboldtr\u00f8jer i h\u00e5nden. Hvis du vil bruge vaskemaskinen, skal du huske at vende vrangen ud p\u00e5 fodboldtr\u00f8jerne og derefter vaske dem. Fyld maskinen med koldt vand, og brug et sk\u00e5neprogram for bedre at beskytte farverne.<\/p>","protected":false},"excerpt":{"rendered":"<p>Echte Fans zeigen ihre Begeisterung immer und \u00fcberall \u2013 das super bequeme Modell ist das unverzichtbare Zubeh\u00f6r f\u00fcr alle, die ihre Liebe zu ihrem Verein zeigen wollen. New Balance ver\u00f6ffentlicht mit dem Shirt ein wahrhaft einmaliges Produkt. Jeder echte AS Rom-Fan braucht dieses Ausw\u00e4rts-Shirt, denn auch die Spieler tragen es in der Serie A. Wir [&hellip;]<\/p>","protected":false},"featured_media":7921,"comment_status":"open","ping_status":"closed","template":"","meta":[],"product_brand":[],"product_cat":[85],"product_tag":[349,87,20,21,22,23,24],"class_list":{"0":"post-7880","1":"product","2":"type-product","3":"status-publish","4":"has-post-thumbnail","6":"product_cat-as-roma","7":"product_tag-as-roma-auswaertstrikot","8":"product_tag-as-roma-trikots","9":"product_tag-coole-fussballtrikots","10":"product_tag-fussballtrikot-fuer-herren","11":"product_tag-fussballtrikot-guenstig-kaufen","12":"product_tag-fussballtrikot-kurzarm","13":"product_tag-guenstiges-fussballtrikot","15":"first","16":"instock","17":"shipping-taxable","18":"purchasable","19":"product-type-variable"},"_links":{"self":[{"href":"https:\/\/www.billigtrikotde.com\/da\/wp-json\/wp\/v2\/product\/7880","targetHints":{"allow":["GET"]}}],"collection":[{"href":"https:\/\/www.billigtrikotde.com\/da\/wp-json\/wp\/v2\/product"}],"about":[{"href":"https:\/\/www.billigtrikotde.com\/da\/wp-json\/wp\/v2\/types\/product"}],"replies":[{"embeddable":true,"href":"https:\/\/www.billigtrikotde.com\/da\/wp-json\/wp\/v2\/comments?post=7880"}],"wp:featuredmedia":[{"embeddable":true,"href":"https:\/\/www.billigtrikotde.com\/da\/wp-json\/wp\/v2\/media\/7921"}],"wp:attachment":[{"href":"https:\/\/www.billigtrikotde.com\/da\/wp-json\/wp\/v2\/media?parent=7880"}],"wp:term":[{"taxonomy":"product_brand","embeddable":true,"href":"https:\/\/www.billigtrikotde.com\/da\/wp-json\/wp\/v2\/product_brand?post=7880"},{"taxonomy":"product_cat","embeddable":true,"href":"https:\/\/www.billigtrikotde.com\/da\/wp-json\/wp\/v2\/product_cat?post=7880"},{"taxonomy":"product_tag","embeddable":true,"href":"https:\/\/www.billigtrikotde.com\/da\/wp-json\/wp\/v2\/product_tag?post=7880"}],"curies":[{"name":"wp","href":"https:\/\/api.w.org\/{rel}","templated":true}]}}