{"id":7872,"date":"2024-10-24T01:08:55","date_gmt":"2024-10-23T23:08:55","guid":{"rendered":"http:\/\/billigtrikots.com\/?post_type=product&#038;p=7872"},"modified":"2024-10-24T01:11:07","modified_gmt":"2024-10-23T23:11:07","slug":"kinder-manchester-city-ausweichtrikot-2022-23-hellgruen-schwarz-trikotsatz","status":"publish","type":"product","link":"https:\/\/www.billigtrikotde.com\/da\/vare\/kinder-manchester-city-ausweichtrikot-2022-23-hellgruen-schwarz-trikotsatz\/","title":{"rendered":"B\u00f8rn Manchester City Reserve-tr\u00f8je 2022-23 lysegr\u00f8n\/sort Tr\u00f8jes\u00e6t"},"content":{"rendered":"<p>Cityzens svirrer ud. Manchester City F.C. 2022\/23 Alternativtr\u00f8jen fejrer Manchesters kreativitet med lysende farver og st\u00e6rke detaljer, der er inspireret af street art. Ringedesignet er en hyldest til bien, symbolet for Manchester, som fandt sin vej fra byv\u00e5bnet til facaderne, mosaikkerne og sidst til de betagende bykunstv\u00e6rker p\u00e5 gaderne i Manchester. Airbrush-effekten p\u00e5 striberne afrunder udtalelsen. Verden er din l\u00e6rred. Udlev din kreativitet.<\/p>\n<p>Tips til udskrivning: Hvis navn og nummer p\u00e5 billedet er pr\u00e6cis det, du \u00f8nsker, beh\u00f8ver du ikke at indtaste dem igen. Hvis ikke, skal du indtaste det \u00f8nskede navn og nummer.<\/p>\n<p>Tips til vask: Det anbefales at vaske fodboldtr\u00f8jer i h\u00e5nden. Hvis du vil bruge vaskemaskinen, skal du huske at vende vrangen ud p\u00e5 fodboldtr\u00f8jerne og derefter vaske dem. Fyld maskinen med koldt vand, og brug et sk\u00e5neprogram for bedre at beskytte farverne.<\/p>","protected":false},"excerpt":{"rendered":"<p>Cityzens schwirren aus. Das Manchester City F.C. 2022\/23 Alternativtrikot feiert die Kreativit\u00e4t von Manchester mit leuchtenden Farben und kr\u00e4ftigen Details, die von der Street Art inspiriert sind. Das Ringeldesign ist eine Hommage an die Biene, das Symbol von Manchester, das ihren Weg vom Stadtwappen zu den Fassaden, Mosaiken und zuletzt atemberaubenden Stra\u00dfenkunstwerken in den Stra\u00dfen [&hellip;]<\/p>","protected":false},"featured_media":7911,"comment_status":"open","ping_status":"closed","template":"","meta":[],"product_brand":[],"product_cat":[144],"product_tag":[20,94,275,203,84,145],"class_list":{"0":"post-7872","1":"product","2":"type-product","3":"status-publish","4":"has-post-thumbnail","6":"product_cat-manchester-city-kindertrikot","7":"product_tag-coole-fussballtrikots","8":"product_tag-kinder-fussball-trikotsatz","9":"product_tag-kinder-trikot-manchester-city","10":"product_tag-manchester-city-ausweichtrikot","11":"product_tag-manchester-city-trikots","12":"product_tag-manchester-city-trikotsatz-fuer-kinder","14":"first","15":"instock","16":"shipping-taxable","17":"purchasable","18":"product-type-variable"},"_links":{"self":[{"href":"https:\/\/www.billigtrikotde.com\/da\/wp-json\/wp\/v2\/product\/7872","targetHints":{"allow":["GET"]}}],"collection":[{"href":"https:\/\/www.billigtrikotde.com\/da\/wp-json\/wp\/v2\/product"}],"about":[{"href":"https:\/\/www.billigtrikotde.com\/da\/wp-json\/wp\/v2\/types\/product"}],"replies":[{"embeddable":true,"href":"https:\/\/www.billigtrikotde.com\/da\/wp-json\/wp\/v2\/comments?post=7872"}],"wp:featuredmedia":[{"embeddable":true,"href":"https:\/\/www.billigtrikotde.com\/da\/wp-json\/wp\/v2\/media\/7911"}],"wp:attachment":[{"href":"https:\/\/www.billigtrikotde.com\/da\/wp-json\/wp\/v2\/media?parent=7872"}],"wp:term":[{"taxonomy":"product_brand","embeddable":true,"href":"https:\/\/www.billigtrikotde.com\/da\/wp-json\/wp\/v2\/product_brand?post=7872"},{"taxonomy":"product_cat","embeddable":true,"href":"https:\/\/www.billigtrikotde.com\/da\/wp-json\/wp\/v2\/product_cat?post=7872"},{"taxonomy":"product_tag","embeddable":true,"href":"https:\/\/www.billigtrikotde.com\/da\/wp-json\/wp\/v2\/product_tag?post=7872"}],"curies":[{"name":"wp","href":"https:\/\/api.w.org\/{rel}","templated":true}]}}