{"id":7868,"date":"2024-10-24T01:08:52","date_gmt":"2024-10-23T23:08:52","guid":{"rendered":"http:\/\/billigtrikots.com\/?post_type=product&#038;p=7868"},"modified":"2024-10-24T01:11:06","modified_gmt":"2024-10-23T23:11:06","slug":"deutschland-auswaertstrikot-dfb-wm-2022-kinder-away-trikot-violett-schwarz-sale","status":"publish","type":"product","link":"https:\/\/www.billigtrikotde.com\/da\/vare\/deutschland-auswaertstrikot-dfb-wm-2022-kinder-away-trikot-violett-schwarz-sale\/","title":{"rendered":"Tyskland Udebanetr\u00f8je DFB World Cup 2022 B\u00f8rn Udebanetr\u00f8je lilla sort Udsalg"},"content":{"rendered":"<p>Det tyske WM 2022 Away tr\u00f8je er helt sort med r\u00f8dbrune prints og gyldne h\u00f8jdepunkter.<\/p>\n<p>Designprintsene p\u00e5 det tyske WM 2022 Away-tr\u00f8je er i en r\u00f8d tone og d\u00e6kker hele tr\u00f8jen. Desuden minder designene p\u00e5 forsiden om bogstaverne i DFB-logoet, for de er trekantede arrangeret ligesom bogstaverne i DFB-logoet.<\/p>\n<p>Desuden er WM 2022 Away-tr\u00f8jen fra Tyskland med gyldne logoer og prints. De 3 Adidas-striber p\u00e5 skuldrene samt Adidas-logoet p\u00e5 h\u00f8jre bryst er i guld. Desuden er DFB-v\u00e5penet med de fire stjerner p\u00e5 venstre bryst ogs\u00e5 i guld.<\/p>\n<p>Tips til udskrivning: Hvis navn og nummer p\u00e5 billedet er pr\u00e6cis det, du \u00f8nsker, beh\u00f8ver du ikke at indtaste dem igen. Hvis ikke, skal du indtaste det \u00f8nskede navn og nummer.<\/p>\n<p style=\"text-align: center;\">Tips til vask: Det anbefales at vaske fodboldtr\u00f8jer i h\u00e5nden. Hvis du vil bruge vaskemaskinen, skal du huske at vende vrangen ud p\u00e5 fodboldtr\u00f8jerne og derefter vaske dem. Fyld maskinen med koldt vand, og brug et sk\u00e5neprogram for bedre at beskytte farverne.<\/p>","protected":false},"excerpt":{"rendered":"<p>Germanys VM 2022 ude-tr\u00f8je er helt sort med r\u00f8dbrune tryk og gyldne detaljer. Designtrykkene p\u00e5 den tyske VM 2022 ude-tr\u00f8je er i en r\u00f8d nuance og d\u00e6kker hele tr\u00f8jen. Desuden minder designene p\u00e5 forsiden om bogstaverne i DFB-logoet, da de er trekantede arrangeret, ligesom bogstaverne [\u2026]<\/p>","protected":false},"featured_media":7909,"comment_status":"open","ping_status":"closed","template":"","meta":[],"product_brand":[],"product_cat":[170],"product_tag":[20,212,172,213,21,22,23,24],"class_list":{"0":"post-7868","1":"product","2":"type-product","3":"status-publish","4":"has-post-thumbnail","6":"product_cat-deutschland-trikots","7":"product_tag-coole-fussballtrikots","8":"product_tag-deutschland-heimtrikot","9":"product_tag-deutschland-trikots","10":"product_tag-fussball-wm-2022","11":"product_tag-fussballtrikot-fuer-herren","12":"product_tag-fussballtrikot-guenstig-kaufen","13":"product_tag-fussballtrikot-kurzarm","14":"product_tag-guenstiges-fussballtrikot","16":"first","17":"instock","18":"shipping-taxable","19":"purchasable","20":"product-type-variable"},"_links":{"self":[{"href":"https:\/\/www.billigtrikotde.com\/da\/wp-json\/wp\/v2\/product\/7868","targetHints":{"allow":["GET"]}}],"collection":[{"href":"https:\/\/www.billigtrikotde.com\/da\/wp-json\/wp\/v2\/product"}],"about":[{"href":"https:\/\/www.billigtrikotde.com\/da\/wp-json\/wp\/v2\/types\/product"}],"replies":[{"embeddable":true,"href":"https:\/\/www.billigtrikotde.com\/da\/wp-json\/wp\/v2\/comments?post=7868"}],"wp:featuredmedia":[{"embeddable":true,"href":"https:\/\/www.billigtrikotde.com\/da\/wp-json\/wp\/v2\/media\/7909"}],"wp:attachment":[{"href":"https:\/\/www.billigtrikotde.com\/da\/wp-json\/wp\/v2\/media?parent=7868"}],"wp:term":[{"taxonomy":"product_brand","embeddable":true,"href":"https:\/\/www.billigtrikotde.com\/da\/wp-json\/wp\/v2\/product_brand?post=7868"},{"taxonomy":"product_cat","embeddable":true,"href":"https:\/\/www.billigtrikotde.com\/da\/wp-json\/wp\/v2\/product_cat?post=7868"},{"taxonomy":"product_tag","embeddable":true,"href":"https:\/\/www.billigtrikotde.com\/da\/wp-json\/wp\/v2\/product_tag?post=7868"}],"curies":[{"name":"wp","href":"https:\/\/api.w.org\/{rel}","templated":true}]}}