{"id":7866,"date":"2024-10-24T01:08:50","date_gmt":"2024-10-23T23:08:50","guid":{"rendered":"http:\/\/billigtrikots.com\/?post_type=product&#038;p=7866"},"modified":"2024-10-24T01:11:05","modified_gmt":"2024-10-23T23:11:05","slug":"deutschland-heimtrikot-dfb-wm-2022-kinder-trikots-weiss-schwarz-trikotsatz","status":"publish","type":"product","link":"https:\/\/www.billigtrikotde.com\/da\/vare\/deutschland-heimtrikot-dfb-wm-2022-kinder-trikots-weiss-schwarz-trikotsatz\/","title":{"rendered":"Tyskland hjemmebanes\u00e6t DFB World Cup 2022 b\u00f8rnetr\u00f8jer hvid sort s\u00e6t"},"content":{"rendered":"<p>Det tyske landshold WM 2022-tr\u00f8jen er som altid hvid. Men denne gang er der et tyk sort streg lodret foran p\u00e5 tr\u00f8jen. P\u00e5 den sorte stripe er der et gyldigt nummer, DFB-logoet med de fire stjerner og Adidas-logoet.<\/p>\n<p>Derudover har tr\u00f8jen en bred \u00e6rmekant i sort. Kraven p\u00e5 tr\u00f8jen har fine striber i farverne af tysk-flaget.<\/p>\n<p>Desuden er tr\u00f8jen trykt med et design-prins, der d\u00e6kker hele tr\u00f8jen.<br \/>\nTr\u00f8jerne minder i udseende om EM 2008 Away-tr\u00f8jerne, der ogs\u00e5 havde denne sorte stripe.<\/p>\n<p>Tips til udskrivning: Hvis navn og nummer p\u00e5 billedet er pr\u00e6cis det, du \u00f8nsker, beh\u00f8ver du ikke at indtaste dem igen. Hvis ikke, skal du indtaste det \u00f8nskede navn og nummer.<\/p>\n<p>Tips til vask: Det anbefales at vaske fodboldtr\u00f8jer i h\u00e5nden. Hvis du vil bruge vaskemaskinen, skal du huske at vende vrangen ud p\u00e5 fodboldtr\u00f8jerne og derefter vaske dem. Fyld maskinen med koldt vand, og brug et sk\u00e5neprogram for bedre at beskytte farverne.<\/p>","protected":false},"excerpt":{"rendered":"<p>Det Tyskland VM 2022-tr\u00f8je er som altid hvid. Men denne gang er der en tyk sort bj\u00e6lk lodret foran p\u00e5 tr\u00f8jen. P\u00e5 den sorte streg er der et gyldent nummer, DFB-logoet med de fire stjerner og Adidas-logoet. Desuden har tr\u00f8jen en bred \u00e6rmekant i sort. Tr\u00f8jens krave har [\u2026]<\/p>","protected":false},"featured_media":7900,"comment_status":"open","ping_status":"closed","template":"","meta":[],"product_brand":[],"product_cat":[170],"product_tag":[20,212,172,213,21,22,23,24],"class_list":{"0":"post-7866","1":"product","2":"type-product","3":"status-publish","4":"has-post-thumbnail","6":"product_cat-deutschland-trikots","7":"product_tag-coole-fussballtrikots","8":"product_tag-deutschland-heimtrikot","9":"product_tag-deutschland-trikots","10":"product_tag-fussball-wm-2022","11":"product_tag-fussballtrikot-fuer-herren","12":"product_tag-fussballtrikot-guenstig-kaufen","13":"product_tag-fussballtrikot-kurzarm","14":"product_tag-guenstiges-fussballtrikot","16":"first","17":"instock","18":"shipping-taxable","19":"purchasable","20":"product-type-variable"},"_links":{"self":[{"href":"https:\/\/www.billigtrikotde.com\/da\/wp-json\/wp\/v2\/product\/7866","targetHints":{"allow":["GET"]}}],"collection":[{"href":"https:\/\/www.billigtrikotde.com\/da\/wp-json\/wp\/v2\/product"}],"about":[{"href":"https:\/\/www.billigtrikotde.com\/da\/wp-json\/wp\/v2\/types\/product"}],"replies":[{"embeddable":true,"href":"https:\/\/www.billigtrikotde.com\/da\/wp-json\/wp\/v2\/comments?post=7866"}],"wp:featuredmedia":[{"embeddable":true,"href":"https:\/\/www.billigtrikotde.com\/da\/wp-json\/wp\/v2\/media\/7900"}],"wp:attachment":[{"href":"https:\/\/www.billigtrikotde.com\/da\/wp-json\/wp\/v2\/media?parent=7866"}],"wp:term":[{"taxonomy":"product_brand","embeddable":true,"href":"https:\/\/www.billigtrikotde.com\/da\/wp-json\/wp\/v2\/product_brand?post=7866"},{"taxonomy":"product_cat","embeddable":true,"href":"https:\/\/www.billigtrikotde.com\/da\/wp-json\/wp\/v2\/product_cat?post=7866"},{"taxonomy":"product_tag","embeddable":true,"href":"https:\/\/www.billigtrikotde.com\/da\/wp-json\/wp\/v2\/product_tag?post=7866"}],"curies":[{"name":"wp","href":"https:\/\/api.w.org\/{rel}","templated":true}]}}