{"id":7860,"date":"2024-10-24T01:08:20","date_gmt":"2024-10-23T23:08:20","guid":{"rendered":"http:\/\/billigtrikots.com\/?post_type=product&#038;p=7860"},"modified":"2024-10-24T01:10:33","modified_gmt":"2024-10-23T23:10:33","slug":"herren-fc-barcelona-2022-23-auswaertstrikot-grau-online-bestellen","status":"publish","type":"product","link":"https:\/\/www.billigtrikotde.com\/da\/vare\/herren-fc-barcelona-2022-23-auswaertstrikot-grau-online-bestellen\/","title":{"rendered":"Herre FC Barcelona 2022-23 Udebanetr\u00f8je gr\u00e5 Online Bestil"},"content":{"rendered":"<p>St\u00f8t Blaugrana p\u00e5 tr\u00e6ningsbanen og p\u00e5 Camp Nou-tribunen med Nike FC Barcelona 22\/23 Dri-Fit Stadium udskiftningstr\u00f8je.<\/p>\n<p>Med Nike Swoosh p\u00e5 h\u00f8jre bryst og det legendariske Barca-emblem p\u00e5 venstre side over hjertet viser denne tr\u00f8je din passion for klubben. Den tredje tr\u00f8je 2022\/23 personificerer FC Barcelonas motto \u201eMes que un Club\u201c (Mere end en klub) og skal fejre 30-\u00e5ret for tildelingen af Creu de Sant Jordi (Sankt Georg kors) til klubben. De dybr\u00f8de og bl\u00e5 farver forvandles til et i\u00f8jnefaldende kors, der symboliserer Barcelonas engagement for sin borgerpligt og bidrag til sit f\u00e6llesskab.<\/p>\n<p>Nike Dri-FIT-teknologien leder sved v\u00e6k fra huden for at holde dig t\u00f8r og komfortabel, og den lette konstruktion holder dig i topform gennem 90 minutter. Hurtigt\u00f8rrende materiale betyder, at du kan vaske den og straks have den p\u00e5 igen, hvilket er ideelt til kortsigtet tr\u00e6ning eller kampe.<\/p>\n<p>Tips til udskrivning: Hvis navn og nummer p\u00e5 billedet er pr\u00e6cis det, du \u00f8nsker, beh\u00f8ver du ikke at indtaste dem igen. Hvis ikke, skal du indtaste det \u00f8nskede navn og nummer.<\/p>\n<p>Tips til vask: Det anbefales at vaske fodboldtr\u00f8jer i h\u00e5nden. Hvis du vil bruge vaskemaskinen, skal du huske at vende vrangen ud p\u00e5 fodboldtr\u00f8jerne og derefter vaske dem. Fyld maskinen med koldt vand, og brug et sk\u00e5neprogram for bedre at beskytte farverne.<\/p>","protected":false},"excerpt":{"rendered":"<p>Unterst\u00fctze die Blaugrana auf dem Trainingsplatz und auf der Trib\u00fcne des Camp Nou mit dem Nike FC Barcelona 22\/23 Dri-Fit Stadium Ausweichtrikot. Mit dem Nike-Swoosh auf der rechten Brust und dem legend\u00e4ren Barca-Wappen auf der linken Seite \u00fcber dem Herzen zeigt dieses Trikot deine Leidenschaft f\u00fcr den Verein. Das dritte Trikot 2022\/23 verk\u00f6rpert das Motto [&hellip;]<\/p>","protected":false},"featured_media":7899,"comment_status":"open","ping_status":"closed","template":"","meta":[],"product_brand":[],"product_cat":[31],"product_tag":[20,346,33,21,22,23,24,345],"class_list":{"0":"post-7860","1":"product","2":"type-product","3":"status-publish","4":"has-post-thumbnail","6":"product_cat-fc-barcelona","7":"product_tag-coole-fussballtrikots","8":"product_tag-fc-barcelona-2022-23-trikot","9":"product_tag-fc-barcelona-trikots","10":"product_tag-fussballtrikot-fuer-herren","11":"product_tag-fussballtrikot-guenstig-kaufen","12":"product_tag-fussballtrikot-kurzarm","13":"product_tag-guenstiges-fussballtrikot","14":"product_tag-neuen-fc-barcelona-trikots","16":"first","17":"instock","18":"shipping-taxable","19":"purchasable","20":"product-type-variable"},"_links":{"self":[{"href":"https:\/\/www.billigtrikotde.com\/da\/wp-json\/wp\/v2\/product\/7860","targetHints":{"allow":["GET"]}}],"collection":[{"href":"https:\/\/www.billigtrikotde.com\/da\/wp-json\/wp\/v2\/product"}],"about":[{"href":"https:\/\/www.billigtrikotde.com\/da\/wp-json\/wp\/v2\/types\/product"}],"replies":[{"embeddable":true,"href":"https:\/\/www.billigtrikotde.com\/da\/wp-json\/wp\/v2\/comments?post=7860"}],"wp:featuredmedia":[{"embeddable":true,"href":"https:\/\/www.billigtrikotde.com\/da\/wp-json\/wp\/v2\/media\/7899"}],"wp:attachment":[{"href":"https:\/\/www.billigtrikotde.com\/da\/wp-json\/wp\/v2\/media?parent=7860"}],"wp:term":[{"taxonomy":"product_brand","embeddable":true,"href":"https:\/\/www.billigtrikotde.com\/da\/wp-json\/wp\/v2\/product_brand?post=7860"},{"taxonomy":"product_cat","embeddable":true,"href":"https:\/\/www.billigtrikotde.com\/da\/wp-json\/wp\/v2\/product_cat?post=7860"},{"taxonomy":"product_tag","embeddable":true,"href":"https:\/\/www.billigtrikotde.com\/da\/wp-json\/wp\/v2\/product_tag?post=7860"}],"curies":[{"name":"wp","href":"https:\/\/api.w.org\/{rel}","templated":true}]}}