{"id":7812,"date":"2024-10-24T01:05:59","date_gmt":"2024-10-23T23:05:59","guid":{"rendered":"http:\/\/billigtrikots.com\/?post_type=product&#038;p=7812"},"modified":"2024-10-24T01:08:09","modified_gmt":"2024-10-23T23:08:09","slug":"fc-barcelona-2022-23-auswaertstrikot-goldene-away-shirt-fuer-herren-messi-10","status":"publish","type":"product","link":"https:\/\/www.billigtrikotde.com\/da\/vare\/fc-barcelona-2022-23-auswaertstrikot-goldene-away-shirt-fuer-herren-messi-10\/","title":{"rendered":"FC Barcelona 2022-23 Udebanetr\u00f8je guld Away Shirt til Herrer MESSI 10"},"content":{"rendered":"<p>FC Barcelona 22-23 udebanetr\u00f8jen har en gylden hovedfarve, der v\u00e6kker minder om de tidlige 2000'ere. Alle logoer er i m\u00f8rk marinebl\u00e5.<\/p>\n<p>Farven og \u00e6rmededesignet p\u00e5 den nye tr\u00f8je er et nik til de guldmedaljer, som atleterne modtager ved olympiske lege, 30 \u00e5r efter at Olympiske Lege i 1992 fandt sted i Barcelona. Lejerne blev \u00e5bnet den 25. juli 1992. Desuden ses farverne p\u00e5 de fem olympiske ringe p\u00e5 \u00e6rmernes manchetter og p\u00e5 st\u00f8vlerne.<\/p>\n<p>Et diskret m\u00f8nster, der viser kortet over byen Barcelona, fuldender looket. Det er et tryk af bykortet, hvor ud over andre gader ogs\u00e5 flere gitter af husblokke i kvarteret L\u2019Eixample og Avenida Diagonal kan ses.<\/p>\n<p>Tips til udskrivning: Hvis navn og nummer p\u00e5 billedet er pr\u00e6cis det, du \u00f8nsker, beh\u00f8ver du ikke at indtaste dem igen. Hvis ikke, skal du indtaste det \u00f8nskede navn og nummer.<\/p>\n<p>Tips til vask: Det anbefales at vaske fodboldtr\u00f8jer i h\u00e5nden. Hvis du vil bruge vaskemaskinen, skal du huske at vende vrangen ud p\u00e5 fodboldtr\u00f8jerne og derefter vaske dem. Fyld maskinen med koldt vand, og brug et sk\u00e5neprogram for bedre at beskytte farverne.<\/p>","protected":false},"excerpt":{"rendered":"<p>FC Barcelona 22-23 Udebanetr\u00f8jen har en gylden grundfarve, der v\u00e6kker minder om de tidlige 2000'ere. Alle logoer er i m\u00f8rk marinebl\u00e5. Farven og \u00e6rmedesignet p\u00e5 den nye tr\u00f8je er en henvisning til de guldmedaljer, som atleterne modtog ved OL, 30 \u00e5r efter at OL i 1992 blev afholdt i Barcelona [...]<\/p>","protected":false},"featured_media":7851,"comment_status":"open","ping_status":"closed","template":"","meta":[],"product_brand":[],"product_cat":[31],"product_tag":[20,346,33,21,22,23,24,345],"class_list":{"0":"post-7812","1":"product","2":"type-product","3":"status-publish","4":"has-post-thumbnail","6":"product_cat-fc-barcelona","7":"product_tag-coole-fussballtrikots","8":"product_tag-fc-barcelona-2022-23-trikot","9":"product_tag-fc-barcelona-trikots","10":"product_tag-fussballtrikot-fuer-herren","11":"product_tag-fussballtrikot-guenstig-kaufen","12":"product_tag-fussballtrikot-kurzarm","13":"product_tag-guenstiges-fussballtrikot","14":"product_tag-neuen-fc-barcelona-trikots","16":"first","17":"instock","18":"shipping-taxable","19":"purchasable","20":"product-type-variable"},"_links":{"self":[{"href":"https:\/\/www.billigtrikotde.com\/da\/wp-json\/wp\/v2\/product\/7812","targetHints":{"allow":["GET"]}}],"collection":[{"href":"https:\/\/www.billigtrikotde.com\/da\/wp-json\/wp\/v2\/product"}],"about":[{"href":"https:\/\/www.billigtrikotde.com\/da\/wp-json\/wp\/v2\/types\/product"}],"replies":[{"embeddable":true,"href":"https:\/\/www.billigtrikotde.com\/da\/wp-json\/wp\/v2\/comments?post=7812"}],"wp:featuredmedia":[{"embeddable":true,"href":"https:\/\/www.billigtrikotde.com\/da\/wp-json\/wp\/v2\/media\/7851"}],"wp:attachment":[{"href":"https:\/\/www.billigtrikotde.com\/da\/wp-json\/wp\/v2\/media?parent=7812"}],"wp:term":[{"taxonomy":"product_brand","embeddable":true,"href":"https:\/\/www.billigtrikotde.com\/da\/wp-json\/wp\/v2\/product_brand?post=7812"},{"taxonomy":"product_cat","embeddable":true,"href":"https:\/\/www.billigtrikotde.com\/da\/wp-json\/wp\/v2\/product_cat?post=7812"},{"taxonomy":"product_tag","embeddable":true,"href":"https:\/\/www.billigtrikotde.com\/da\/wp-json\/wp\/v2\/product_tag?post=7812"}],"curies":[{"name":"wp","href":"https:\/\/api.w.org\/{rel}","templated":true}]}}